{"id":772,"date":"2008-02-27T23:18:17","date_gmt":"2008-02-28T05:18:17","guid":{"rendered":"https:\/\/radiozapatista.org\/?page_id=772"},"modified":"2010-11-16T23:23:49","modified_gmt":"2010-11-17T05:23:49","slug":"ritmos-de-zapata","status":"publish","type":"page","link":"https:\/\/radiozapatista.org\/?page_id=772","title":{"rendered":"Ritmos de Zapata"},"content":{"rendered":"<p>Todo gran movimiento social tiene su m\u00fasica, sus himnos, sus  canciones. La m\u00fasica cuenta la historia de un pueblo, sus sue\u00f1os y  esperanzas, su visi\u00f3n de un mundo mejor. Pero \u00bfqu\u00e9 sucede cuando la  m\u00fasica atravies fronteras para abrazar nuevas culturas?<\/p>\n<p>En los Estados Unidos, cada vez m\u00e1s la gente de color encuentra  en el zapatismo una fuente de esperanza y una prueba de que otro mundo  es posible.<\/p>\n<p>Ritmos de Zapata es un documental de media hora sobre el  movimiento musical chicano-zapatista en el Este de Los Angeles, donde un  n\u00famero de artistas chicanos, inspirados por los zapatistas, luchan con  su m\u00fasica para construir un mundo mejor.<\/p>\n<p><strong>Con la participaci\u00f3n de: <\/strong><\/p>\n<ul>\n<li>Luv the Messenger \u2013 Rapper and youth activist<\/li>\n<li>Marisol \u2013 Performance artist and activist, member of Chusma,  In Lak Ech, Self-Help Graphics, Chicano Records and Films<\/li>\n<li>Nico \u2013 Poet and youth activist \u2013 member of Poets del Norte<\/li>\n<li>Xela \u2013 Rapper and youth activist \u2013 member of Cihuatl-Ce<\/li>\n<li>Olmeca \u2013 Hip-hop artist and activist<\/li>\n<li>Joel Garc\u00eda \u2013 Graphic artist and activist<\/li>\n<li>Tolteka \u2013 Hip-hop artist and activist<\/li>\n<li>Roberto Flores \u2013 Researcher and Zapatista activist<\/li>\n<li>Elisa Mej\u00eda \u2013 Activist, member of Radio Insurgencia Femenina  (KPFK, Los Angeles),  member of Center for Popular Action<\/li>\n<li>Colectivo Error &#8211; Musicians and activists<\/li>\n<li>Sherman  Austin \u2013 Hip-hop artist and activist against police violence<\/li>\n<li>Cynthia, Priscila, Crystal \u2013 fans at concert<\/li>\n<li>Dan Nemser \u2013 Student at UC Berkeley and Zapatista activist<\/li>\n<li>Joaqu\u00edn Cienfuegos \u2013 Member of Cop Watch Los Angeles and Revolutionary Autonomous  Communities<\/li>\n<li>Manuel Mac\u00edas \u2013 Supporter of Cop Watch Los Angeles<\/li>\n<li>Josefina Mac\u00edas &#8211; Member of Cop Watch Los Angeles and Revolutionary Autonomous  Communities<\/li>\n<li>Subcomandante Insurgente Marcos<\/li>\n<\/ul>\n<h3>M\u00fasica de:<\/h3>\n<blockquote><p>Cihuatl-Ce<br \/>\nOlmeca<br \/>\nTolteka<br \/>\nFuga<br \/>\nDialated  Peoples<br \/>\nBanda Bassotti<br \/>\nFlor de Fango<br \/>\nTijuana No<br \/>\nAztl\u00e1n Underground, and<br \/>\nColectivo Error<\/p><\/blockquote>\n<p><strong>Collectivos y organizaciones:<\/strong><\/p>\n<p>Eastside Caf\u00e9<br \/>\n5469 Huntington Drive<br \/>\nEl Sereno, CA 90032<br \/>\n<a href=\"mailto:Eastsidecafe_contact@yahoo.com\">Eastsidecafe_contact@yahoo.com<\/a><br \/>\n<a href=\"http:\/\/eastsidecafe.revolt.org\/Main\/HomePage\">http:\/\/eastsidecafe.revolt.org\/Main\/HomePage<\/a><\/p>\n<p>Cop Watch Los Angeles<br \/>\n235 W. Martin Luther King Blvd.<br \/>\nLos Angeles, CA 90037<br \/>\n<a href=\"mailto:copwatchla@riseup.net\">copwatchla@riseup.net<\/a><br \/>\n<a href=\"http:\/\/www.copwatchla.org\/\">www.copwatchla.org<\/a><br \/>\n<a href=\"http:\/\/www.myspace.com\/copwatchla\">www.myspace.com\/copwatchla<\/a><\/p>\n<p>Revolutionary Autonomous Communities <a href=\"mailto:rac@riseup.net\">rac@riseup.net<\/a><\/p>\n<p>Radio Insurgente <a href=\"http:\/\/www.radioinsurgente.org\/\">www.radioinsurgente.org<\/a><\/p>","protected":false},"excerpt":{"rendered":"<p>Todo gran movimiento social tiene su m\u00fasica, sus himnos, sus canciones. La m\u00fasica cuenta la historia de un pueblo, sus sue\u00f1os y esperanzas, su visi\u00f3n de un mundo mejor. Pero \u00bfqu\u00e9 sucede cuando la m\u00fasica atravies fronteras para abrazar nuevas culturas? En los Estados Unidos, cada vez m\u00e1s la gente de color encuentra en el [&hellip;]<\/p>\n","protected":false},"author":1,"featured_media":0,"parent":0,"menu_order":0,"comment_status":"open","ping_status":"open","template":"","meta":{"footnotes":""},"class_list":["post-772","page","type-page","status-publish","hentry"],"_links":{"self":[{"href":"https:\/\/radiozapatista.org\/index.php?rest_route=\/wp\/v2\/pages\/772","targetHints":{"allow":["GET"]}}],"collection":[{"href":"https:\/\/radiozapatista.org\/index.php?rest_route=\/wp\/v2\/pages"}],"about":[{"href":"https:\/\/radiozapatista.org\/index.php?rest_route=\/wp\/v2\/types\/page"}],"author":[{"embeddable":true,"href":"https:\/\/radiozapatista.org\/index.php?rest_route=\/wp\/v2\/users\/1"}],"replies":[{"embeddable":true,"href":"https:\/\/radiozapatista.org\/index.php?rest_route=%2Fwp%2Fv2%2Fcomments&post=772"}],"version-history":[{"count":0,"href":"https:\/\/radiozapatista.org\/index.php?rest_route=\/wp\/v2\/pages\/772\/revisions"}],"wp:attachment":[{"href":"https:\/\/radiozapatista.org\/index.php?rest_route=%2Fwp%2Fv2%2Fmedia&parent=772"}],"curies":[{"name":"wp","href":"https:\/\/api.w.org\/{rel}","templated":true}]}}