{"id":53862,"date":"2026-03-16T10:08:31","date_gmt":"2026-03-16T16:08:31","guid":{"rendered":"https:\/\/radiozapatista.org\/?page_id=53862"},"modified":"2026-04-05T19:55:00","modified_gmt":"2026-04-06T01:55:00","slug":"jornadas-de-pensamiento-critico-arte-resistencia-y-rebeldia-resignarte-u-organizarte-2026","status":"publish","type":"page","link":"https:\/\/radiozapatista.org\/?page_id=53862","title":{"rendered":"Semillero \u201cLa Tormenta dentro y fuera seg\u00fan las comunidades y pueblos zapatistas\u201d"},"content":{"rendered":"\n<h2 class=\"wp-block-heading has-text-align-center\">2 a 4 de abril de 2026<\/h2>\n\n\n\n<h2 class=\"wp-block-heading has-text-align-center\">Jornadas de pensamiento cr\u00edtico, arte, resistencia y rebeld\u00eda <br>\u00abResignARTE u OrganizARTE\u00bb 2026<\/h2>\n\n\n\n<figure class=\"wp-block-image size-full\"><img loading=\"lazy\" decoding=\"async\" width=\"1000\" height=\"709\" src=\"https:\/\/radiozapatista.org\/wp-content\/uploads\/2026\/04\/signal-2026-04-04-231659_002.jpeg\" alt=\"\" class=\"wp-image-54018\" srcset=\"https:\/\/radiozapatista.org\/wp-content\/uploads\/2026\/04\/signal-2026-04-04-231659_002.jpeg 1000w, https:\/\/radiozapatista.org\/wp-content\/uploads\/2026\/04\/signal-2026-04-04-231659_002-350x248.jpeg 350w, https:\/\/radiozapatista.org\/wp-content\/uploads\/2026\/04\/signal-2026-04-04-231659_002-768x545.jpeg 768w\" sizes=\"auto, (max-width: 1000px) 100vw, 1000px\" \/><\/figure>\n\n\n\n<p class=\"has-text-align-center\"><strong><a href=\"https:\/\/radiozapatista.org\/?p=53924\">Programa Semillero Abril del 2026. <\/a><br><a href=\"https:\/\/radiozapatista.org\/?p=53924\">La Tormenta dentro y fuera seg\u00fan las comunidades y pueblos zapatistas<\/a><\/strong><\/p>\n\n\n\n<hr class=\"wp-block-separator has-alpha-channel-opacity\"\/>\n\n\n\n<h3 class=\"wp-block-heading has-text-align-center\">Cobertura<\/h3>\n\n\n\n<p class=\"has-text-align-center\"><strong><a href=\"https:\/\/radiozapatista.org\/?p=53935\">D\u00eda 1 (2 de abril de 2026)<\/a><br>Radio Zapatista <\/strong><\/p>\n\n\n\n<p class=\"has-text-align-center\"><strong><a href=\"https:\/\/radiozapatista.org\/?p=53974\">D\u00eda 2 (3 de abril de 2026)<\/a><br>Radio Zapatista<\/strong><\/p>\n\n\n\n<p class=\"has-text-align-center\"><strong><a href=\"https:\/\/radiozapatista.org\/?p=54010\">D\u00eda 3 (4 de abril de 2026)<\/a><br>Radio Zapatista<\/strong><\/p>\n\n\n\n<hr class=\"wp-block-separator has-alpha-channel-opacity\"\/>\n\n\n\n<h3 class=\"wp-block-heading has-text-align-center\">Comunicados<\/h3>\n\n\n\n<p class=\"has-text-align-center\"><strong><a href=\"https:\/\/radiozapatista.org\/?p=53869\">El Condenado y las Hormigas <\/a><\/strong><br><strong><a href=\"https:\/\/radiozapatista.org\/?p=53869\">(el amor y el desamor seg\u00fan un ni\u00f1o zapatista) <\/a><\/strong><br>\u0376\u00c0TI\ua7fcA\u0186 \u2143\u018e (marzo de 2026)<\/p>\n\n\n\n<p class=\"has-text-align-center\"><strong><a href=\"https:\/\/radiozapatista.org\/?p=53843\">El arte es una maldici\u00f3n<\/a><\/strong><br>\u0376\u00c0TI\ua7fcA\u0186 \u2143\u018e (marzo de 2026)<\/p>\n\n\n\n<p class=\"has-text-align-center\"><strong><a href=\"https:\/\/radiozapatista.org\/?p=53826\">Diles que tenemos que resistir, tenemos que rebelarnos, tenemos que vivir. <\/a><\/strong><br><strong><a href=\"https:\/\/radiozapatista.org\/?p=53826\">Carta del Subcomandante Insurgente Mois\u00e9s a Luis de Tavira<\/a><\/strong><br>Subcomandante Insurgente Mois\u00e9s (marzo de 2026)<\/p>\n\n\n\n<p class=\"has-text-align-center\"><strong><a href=\"https:\/\/radiozapatista.org\/?p=53706\">Convocatoria a las Jornadas de pensamiento cr\u00edtico, arte, resistencia y rebeld\u00eda <\/a><\/strong><br><strong><a href=\"https:\/\/radiozapatista.org\/?p=53706\">\u00abResignARTE u OrganizARTE\u00bb 2026<\/a><\/strong><br>Subcomandante Insurgente Mois\u00e9s (marzo de 2026)<\/p>\n","protected":false},"excerpt":{"rendered":"<p>2 a 4 de abril de 2026 Jornadas de pensamiento cr\u00edtico, arte, resistencia y rebeld\u00eda \u00abResignARTE u OrganizARTE\u00bb 2026 Programa Semillero Abril del 2026. La Tormenta dentro y fuera seg\u00fan las comunidades y pueblos zapatistas Cobertura D\u00eda 1 (2 de abril de 2026)Radio Zapatista D\u00eda 2 (3 de abril de 2026)Radio Zapatista D\u00eda 3 (4 [&hellip;]<\/p>\n","protected":false},"author":1,"featured_media":0,"parent":0,"menu_order":0,"comment_status":"closed","ping_status":"closed","template":"","meta":{"footnotes":""},"class_list":["post-53862","page","type-page","status-publish","hentry"],"_links":{"self":[{"href":"https:\/\/radiozapatista.org\/index.php?rest_route=\/wp\/v2\/pages\/53862","targetHints":{"allow":["GET"]}}],"collection":[{"href":"https:\/\/radiozapatista.org\/index.php?rest_route=\/wp\/v2\/pages"}],"about":[{"href":"https:\/\/radiozapatista.org\/index.php?rest_route=\/wp\/v2\/types\/page"}],"author":[{"embeddable":true,"href":"https:\/\/radiozapatista.org\/index.php?rest_route=\/wp\/v2\/users\/1"}],"replies":[{"embeddable":true,"href":"https:\/\/radiozapatista.org\/index.php?rest_route=%2Fwp%2Fv2%2Fcomments&post=53862"}],"version-history":[{"count":10,"href":"https:\/\/radiozapatista.org\/index.php?rest_route=\/wp\/v2\/pages\/53862\/revisions"}],"predecessor-version":[{"id":54031,"href":"https:\/\/radiozapatista.org\/index.php?rest_route=\/wp\/v2\/pages\/53862\/revisions\/54031"}],"wp:attachment":[{"href":"https:\/\/radiozapatista.org\/index.php?rest_route=%2Fwp%2Fv2%2Fmedia&parent=53862"}],"curies":[{"name":"wp","href":"https:\/\/api.w.org\/{rel}","templated":true}]}}