{"id":52980,"date":"2025-11-28T08:46:02","date_gmt":"2025-11-28T14:46:02","guid":{"rendered":"https:\/\/radiozapatista.org\/?page_id=52980"},"modified":"2025-12-31T07:53:17","modified_gmt":"2025-12-31T13:53:17","slug":"semillero-de-piramides-de-historias-de-amores-y-claro-desamores","status":"publish","type":"page","link":"https:\/\/radiozapatista.org\/?page_id=52980","title":{"rendered":"Semillero \u201cDe pir\u00e1mides, de historias, de amores y, claro, desamores\u201d"},"content":{"rendered":"\n<h3 class=\"wp-block-heading has-text-align-center\">Semillero \u201cDe pir\u00e1mides, de historias, de amores y, claro, desamores\u201d<\/h3>\n\n\n\n<p class=\"has-text-align-center\">26 a 30 de diciembre de 2025<br>CIDECI &#8211; Universidad de la Tierra <br>San Crist\u00f3bal de Las Casas &#8211; Chiapas<\/p>\n\n\n<div class=\"wp-block-image\">\n<figure class=\"aligncenter size-full\"><img loading=\"lazy\" decoding=\"async\" width=\"700\" height=\"397\" src=\"https:\/\/radiozapatista.org\/wp-content\/uploads\/2025\/11\/cintillo17nov-1.jpg\" alt=\"\" class=\"wp-image-52981\" srcset=\"https:\/\/radiozapatista.org\/wp-content\/uploads\/2025\/11\/cintillo17nov-1.jpg 700w, https:\/\/radiozapatista.org\/wp-content\/uploads\/2025\/11\/cintillo17nov-1-350x199.jpg 350w\" sizes=\"auto, (max-width: 700px) 100vw, 700px\" \/><\/figure>\n<\/div>\n\n\n<hr class=\"wp-block-separator has-alpha-channel-opacity\"\/>\n\n\n\n<h3 class=\"wp-block-heading has-text-align-center\">COBERTURA<\/h3>\n\n\n\n<p class=\"has-text-align-center\"><strong><a href=\"https:\/\/radiozapatista.org\/?p=53192\">D\u00eda 1 &#8211; 26 de diciembre de 2025<\/a><\/strong><br>Radio Zapatista<\/p>\n\n\n\n<p class=\"has-text-align-center\"><strong><a href=\"https:\/\/radiozapatista.org\/?p=53216\">D\u00eda 2 &#8211; 27 de diciembre de 2025<\/a><\/strong><br>Radio Zapatista<\/p>\n\n\n\n<p class=\"has-text-align-center\"><strong><a href=\"https:\/\/radiozapatista.org\/?p=53254\">D\u00eda 3 &#8211; 28 de diciembre de 2025<\/a><\/strong><br>Radio Zapatista<\/p>\n\n\n\n<p class=\"has-text-align-center\"><strong><a href=\"https:\/\/radiozapatista.org\/?p=53275\">D\u00eda 4 &#8211; 29 de diciembre de 2025<\/a><\/strong><br>Radio Zapatista<\/p>\n\n\n\n<p class=\"has-text-align-center\"><strong><a href=\"https:\/\/radiozapatista.org\/?p=53303\">D\u00eda 5 &#8211; 30 de diciembre de 2025<\/a><\/strong><br>Radio Zapatista<\/p>\n\n\n\n<hr class=\"wp-block-separator has-alpha-channel-opacity\"\/>\n\n\n\n<h3 class=\"wp-block-heading has-text-align-center\">COMUNICADOS<\/h3>\n\n\n\n<p class=\"has-text-align-center\"><strong><a href=\"https:\/\/radiozapatista.org\/?p=52845\">CONVOCATORIA AL SEMILLERO <\/a><\/strong><br><strong><a href=\"https:\/\/radiozapatista.org\/?p=52845\">\u201cDE PIR\u00c1MIDES, DE HISTORIAS, DE AMORES Y, CLARO, DESAMORES\u201d<\/a><\/strong><br>Subcomandante Insurgente Mois\u00e9s (noviembre de 2025)<\/p>\n\n\n\n<p class=\"has-text-align-center\"><strong><a href=\"https:\/\/radiozapatista.org\/?p=53163\">INFORME DE REGISTRO PARA EL SEMILLERO <br>\u201cDe Pir\u00e1mides, de Historias, de Amores y, claro, Desamores\u201d<\/a><\/strong><br>Subcomandante Insurgente Mois\u00e9s (diciembre de 2025)<\/p>\n\n\n\n<p class=\"has-text-align-center\"><strong><a href=\"https:\/\/radiozapatista.org\/?p=53173\">Semillero \u201cDe pir\u00e1mides, de historias, de amores y, claro, desamores\u201d<br>PROGRAMA<\/a><\/strong><br>Comisi\u00f3n Sexta (diciembre de 2025)<br><\/p>\n\n\n\n<p><\/p>\n","protected":false},"excerpt":{"rendered":"<p>Semillero \u201cDe pir\u00e1mides, de historias, de amores y, claro, desamores\u201d 26 a 30 de diciembre de 2025CIDECI &#8211; Universidad de la Tierra San Crist\u00f3bal de Las Casas &#8211; Chiapas COBERTURA D\u00eda 1 &#8211; 26 de diciembre de 2025Radio Zapatista D\u00eda 2 &#8211; 27 de diciembre de 2025Radio Zapatista D\u00eda 3 &#8211; 28 de diciembre de [&hellip;]<\/p>\n","protected":false},"author":1,"featured_media":0,"parent":29,"menu_order":0,"comment_status":"closed","ping_status":"closed","template":"","meta":{"footnotes":""},"class_list":["post-52980","page","type-page","status-publish","hentry"],"_links":{"self":[{"href":"https:\/\/radiozapatista.org\/index.php?rest_route=\/wp\/v2\/pages\/52980","targetHints":{"allow":["GET"]}}],"collection":[{"href":"https:\/\/radiozapatista.org\/index.php?rest_route=\/wp\/v2\/pages"}],"about":[{"href":"https:\/\/radiozapatista.org\/index.php?rest_route=\/wp\/v2\/types\/page"}],"author":[{"embeddable":true,"href":"https:\/\/radiozapatista.org\/index.php?rest_route=\/wp\/v2\/users\/1"}],"replies":[{"embeddable":true,"href":"https:\/\/radiozapatista.org\/index.php?rest_route=%2Fwp%2Fv2%2Fcomments&post=52980"}],"version-history":[{"count":9,"href":"https:\/\/radiozapatista.org\/index.php?rest_route=\/wp\/v2\/pages\/52980\/revisions"}],"predecessor-version":[{"id":53326,"href":"https:\/\/radiozapatista.org\/index.php?rest_route=\/wp\/v2\/pages\/52980\/revisions\/53326"}],"up":[{"embeddable":true,"href":"https:\/\/radiozapatista.org\/index.php?rest_route=\/wp\/v2\/pages\/29"}],"wp:attachment":[{"href":"https:\/\/radiozapatista.org\/index.php?rest_route=%2Fwp%2Fv2%2Fmedia&parent=52980"}],"curies":[{"name":"wp","href":"https:\/\/api.w.org\/{rel}","templated":true}]}}