{"id":50564,"date":"2025-04-28T09:19:34","date_gmt":"2025-04-28T15:19:34","guid":{"rendered":"https:\/\/radiozapatista.org\/?page_id=50564"},"modified":"2025-08-31T13:33:53","modified_gmt":"2025-08-31T19:33:53","slug":"encuentro-rebel-y-revel-arte","status":"publish","type":"page","link":"https:\/\/radiozapatista.org\/?page_id=50564","title":{"rendered":"Encuentro (Rebel y Revel) Arte"},"content":{"rendered":"\n<p class=\"has-text-align-center\"><strong>Encuentro (Rebel y Revel) Arte<\/strong><\/p>\n\n\n\n<p class=\"has-text-align-center\">13 a 19 de abril de 2025<br>Caracol Jacinto Canek<br>Cideci \/ Universidad de la Tierra Chiapas<\/p>\n\n\n<p align=\"center\"><img loading=\"lazy\" decoding=\"async\" width=\"900\" height=\"600\" class=\"wp-image-50724\" src=\"https:\/\/radiozapatista.org\/wp-content\/uploads\/2025\/04\/cogaz_dia01_01.jpg\" alt=\"\" srcset=\"https:\/\/radiozapatista.org\/wp-content\/uploads\/2025\/04\/cogaz_dia01_01.jpg 900w, https:\/\/radiozapatista.org\/wp-content\/uploads\/2025\/04\/cogaz_dia01_01-350x233.jpg 350w, https:\/\/radiozapatista.org\/wp-content\/uploads\/2025\/04\/cogaz_dia01_01-768x512.jpg 768w, https:\/\/radiozapatista.org\/wp-content\/uploads\/2025\/04\/cogaz_dia01_01-700x466.jpg 700w\" sizes=\"auto, (max-width: 900px) 100vw, 900px\" \/><br \/><small>Foto: Carlos Ogaz<\/small><\/p>\n\n\n<p class=\"has-text-align-center\"><strong><a href=\"https:\/\/radiozapatista.org\/?p=50558\">EZLN: El espejo que me persigue<\/a><\/strong><br><strong>Cobertura de Radio Zapatista (texto, foto, audio, video)<\/strong><\/p>\n\n\n\n<p class=\"has-text-align-center\"><a href=\"https:\/\/radiozapatista.org\/?p=50750\"><strong>Artes pl\u00e1sticas en el Encuentro (Rebel y Revel) Arte<\/strong><\/a><br>Radio Zapatista (fotorreportaje)<\/p>\n\n\n\n<p class=\"has-text-align-center\"><a href=\"https:\/\/radiozapatista.org\/?p=50857\"><strong>Audiovisuales en el Encuentro (Rebel y Revel) Arte<\/strong><\/a><br>Radio Zapatista<\/p>\n\n\n\n<figure class=\"wp-block-embed is-type-video is-provider-youtube wp-block-embed-youtube wp-embed-aspect-16-9 wp-has-aspect-ratio\"><div class=\"wp-block-embed__wrapper\">\n <iframe loading=\"lazy\" title=\"(Rebel y Revel) Arte: Encuentro zapatista de arte, rebeld\u00eda y resistencia hacia el d\u00eda despu\u00e9s\" width=\"500\" height=\"281\" src=\"https:\/\/www.youtube.com\/embed\/ZSfJDJgPdsU?feature=oembed\" frameborder=\"0\" allow=\"accelerometer; autoplay; clipboard-write; encrypted-media; gyroscope; picture-in-picture; web-share\" referrerpolicy=\"strict-origin-when-cross-origin\" allowfullscreen><\/iframe>\n<\/div><\/figure>\n\n\n\n<hr class=\"wp-block-separator has-alpha-channel-opacity\"\/>\n\n\n\n<p class=\"has-text-align-center\"><a href=\"https:\/\/radiozapatista.org\/?p=50481\"><strong>EZLN inicia encuentro de arte en los Altos de Chiapas<\/strong><\/a><br>Radio Pozol<\/p>\n\n\n\n<p class=\"has-text-align-center\"><strong><a href=\"https:\/\/radiozapatista.org\/?p=50478\">Inauguraci\u00f3n<\/a><\/strong><br>Video &#8211; Tercios Compas<\/p>\n\n\n\n<p class=\"has-text-align-center\"><strong><a href=\"https:\/\/radiozapatista.org\/?p=50475\">Primeras participaciones, 13 de abril, 17:00 hrs<\/a><\/strong><br>Video &#8211; Tercios Compas<\/p>\n\n\n\n<p class=\"has-text-align-center\"><a href=\"https:\/\/radiozapatista.org\/?p=50503\"><strong>D\u00edas 2 y 3 &#8211; 14 y 15 de abril (Resumen)<\/strong><\/a><br>Video &#8211; Tercios Compas<\/p>\n\n\n\n<p class=\"has-text-align-center\"><strong><a href=\"https:\/\/radiozapatista.org\/?p=50484\">D\u00eda 2 &#8211; 14 de abril<\/a><\/strong><br>Video (Transmision en vivo) &#8211; Tejemedios<\/p>\n\n\n\n<p class=\"has-text-align-center\"><strong><a href=\"https:\/\/radiozapatista.org\/?p=50487\">La Herencia de la Lucha por la Vida | J\u00f3venas y j\u00f3venes Zapatistas <\/a><\/strong><br>Video &#8211; Tercios Compas &#8211; abril 2025<\/p>\n\n\n\n<p class=\"has-text-align-center\"><strong><a href=\"https:\/\/radiozapatista.org\/?p=50498\">D\u00eda 3 &#8211; 15 de abril (Resumen)<\/a><\/strong><br>Video &#8211; Tercios Compas<\/p>\n\n\n\n<p class=\"has-text-align-center\"><a href=\"https:\/\/radiozapatista.org\/?p=50503\"><\/a><strong><a href=\"https:\/\/radiozapatista.org\/?p=50490\">D\u00eda 3, ma\u00f1ana &#8211; 15 de abril<\/a><\/strong><br>Video (transmisi\u00f3 en vivo) &#8211; Tejemedios<\/p>\n\n\n\n<p class=\"has-text-align-center\"><a href=\"https:\/\/radiozapatista.org\/?p=50494\"><strong>EZLN: \u201cLa vida es com\u00fan y el com\u00fan es la vida\u201d<\/strong><\/a><br>Radio Pozol<\/p>\n\n\n\n<p class=\"has-text-align-center\"><strong><a href=\"https:\/\/radiozapatista.org\/?p=50510\">D\u00eda 4 (Resumen)<\/a><\/strong><br>Video &#8211; Tercios Compas<\/p>\n\n\n\n<p class=\"has-text-align-center\"><strong><a href=\"https:\/\/radiozapatista.org\/?p=50501\">D\u00eda 4, ma\u00f1ana &#8211; 16 de abril<\/a><\/strong><br>Video (transmisi\u00f3 en vivo) &#8211; Tejemedios<\/p>\n\n\n\n<p class=\"has-text-align-center\"><strong><a href=\"https:\/\/radiozapatista.org\/?p=50513\">D\u00eda 5 &#8211; 17 de abril (Resumen)<\/a><\/strong><br>Video &#8211; Tercios Compas<\/p>\n\n\n\n<p class=\"has-text-align-center\"><strong><a href=\"https:\/\/radiozapatista.org\/?p=50516\">D\u00eda 6 &#8211; 18 de abril (Resumen)<\/a><\/strong><br>Video &#8211; Tercios Compas<\/p>\n\n\n\n<p class=\"has-text-align-center\"><strong><a href=\"https:\/\/radiozapatista.org\/?p=50520\">D\u00eda 7 &#8211; 19 de abril, sesi\u00f3n matutina<\/a><\/strong><br>Video (Transmisi\u00f3n en vivo) &#8211; Tercios Compas<\/p>\n\n\n\n<p class=\"has-text-align-center\"><strong><a href=\"https:\/\/radiozapatista.org\/?p=50528\">D\u00eda 7 &#8211; 19 de abril, sesi\u00f3n vespertina<\/a><\/strong><br>Video (Transmisi\u00f3n en vivo) &#8211; Tercios Compas<\/p>\n\n\n\n<p class=\"has-text-align-center\"><strong><a href=\"https:\/\/radiozapatista.org\/?p=50535\">Obra de teatro: \u00abLa naturaleza se Revela y se Rebela\u00bb<\/a><\/strong><br>Tercios Compas<\/p>\n\n\n\n<p class=\"has-text-align-center\"><strong><a href=\"https:\/\/fortinodr.com.mx\/2025\/05\/03\/foto-murales-por-el-colectivo-compas-arriba-2025\/\" target=\"_blank\" rel=\"noreferrer noopener\">Fotomurales<\/a><\/strong><br>Video &#8211; \u00a1Compas Arriba!<\/p>\n\n\n\n<hr class=\"wp-block-separator has-alpha-channel-opacity\"\/>\n\n\n\n<h3 class=\"wp-block-heading has-text-align-center\">COMUNICADOS<\/h3>\n\n\n\n<p class=\"has-text-align-center\"><a href=\"https:\/\/radiozapatista.org\/?p=50202\"><strong>(REBEL Y REVEL) ARTE: CONVOCATORIA ZAPATISTA AL ENCUENTRO DE ARTE, REBELD\u00cdA Y RESISTENCIA HACIA EL D\u00cdA DESPU\u00c9S<\/strong><\/a><br>Subcomandante Insurgente Mois\u00e9s (marzo de 2025)<\/p>\n\n\n\n<p class=\"has-text-align-center\"><strong><a href=\"https:\/\/radiozapatista.org\/?p=50334\">Oigan\u2026<\/a><\/strong><br>Subcomandante Insurgente Mois\u00e9s (marzo de 2025)<\/p>\n\n\n\n<p class=\"has-text-align-center\"><strong><a href=\"https:\/\/radiozapatista.org\/?p=50396\">M\u00e1s de 866 Y 23\u2026<\/a><\/strong><br>Subcomandante Insurgente Mois\u00e9s (abril de 2025)<\/p>\n\n\n\n<p class=\"has-text-align-center\"><strong><a href=\"https:\/\/radiozapatista.org\/?p=50455\">M\u00e1s de 1000, 35 y 27<\/a><\/strong><br>Subcomandante Insurgente Mois\u00e9s (abril de 2025)<\/p>\n\n\n\n<p class=\"has-text-align-center\"><strong><a href=\"https:\/\/radiozapatista.org\/?p=50460\">Mientras tanto, en alg\u00fan lugar de las monta\u00f1as del sureste mexicano\u2026<\/a><\/strong><br>Tercios Compas (abril de 2025)<\/p>\n","protected":false},"excerpt":{"rendered":"<p>Encuentro (Rebel y Revel) Arte 13 a 19 de abril de 2025Caracol Jacinto CanekCideci \/ Universidad de la Tierra Chiapas Foto: Carlos Ogaz EZLN: El espejo que me persigueCobertura de Radio Zapatista (texto, foto, audio, video) Artes pl\u00e1sticas en el Encuentro (Rebel y Revel) ArteRadio Zapatista (fotorreportaje) Audiovisuales en el Encuentro (Rebel y Revel) ArteRadio [&hellip;]<\/p>\n","protected":false},"author":1,"featured_media":0,"parent":29,"menu_order":0,"comment_status":"closed","ping_status":"closed","template":"","meta":{"footnotes":""},"class_list":["post-50564","page","type-page","status-publish","hentry"],"_links":{"self":[{"href":"https:\/\/radiozapatista.org\/index.php?rest_route=\/wp\/v2\/pages\/50564","targetHints":{"allow":["GET"]}}],"collection":[{"href":"https:\/\/radiozapatista.org\/index.php?rest_route=\/wp\/v2\/pages"}],"about":[{"href":"https:\/\/radiozapatista.org\/index.php?rest_route=\/wp\/v2\/types\/page"}],"author":[{"embeddable":true,"href":"https:\/\/radiozapatista.org\/index.php?rest_route=\/wp\/v2\/users\/1"}],"replies":[{"embeddable":true,"href":"https:\/\/radiozapatista.org\/index.php?rest_route=%2Fwp%2Fv2%2Fcomments&post=50564"}],"version-history":[{"count":13,"href":"https:\/\/radiozapatista.org\/index.php?rest_route=\/wp\/v2\/pages\/50564\/revisions"}],"predecessor-version":[{"id":52093,"href":"https:\/\/radiozapatista.org\/index.php?rest_route=\/wp\/v2\/pages\/50564\/revisions\/52093"}],"up":[{"embeddable":true,"href":"https:\/\/radiozapatista.org\/index.php?rest_route=\/wp\/v2\/pages\/29"}],"wp:attachment":[{"href":"https:\/\/radiozapatista.org\/index.php?rest_route=%2Fwp%2Fv2%2Fmedia&parent=50564"}],"curies":[{"name":"wp","href":"https:\/\/api.w.org\/{rel}","templated":true}]}}