{"id":49747,"date":"2024-12-27T17:05:09","date_gmt":"2024-12-27T23:05:09","guid":{"rendered":"https:\/\/radiozapatista.org\/?page_id=49747"},"modified":"2025-01-15T11:09:27","modified_gmt":"2025-01-15T17:09:27","slug":"encuentros-internacionales-de-rebeldias-y-resistencias","status":"publish","type":"page","link":"https:\/\/radiozapatista.org\/?page_id=49747","title":{"rendered":"Encuentros Internacionales de Resistencia y Rebeld\u00eda"},"content":{"rendered":"\n<figure class=\"wp-block-image size-full\"><img loading=\"lazy\" decoding=\"async\" width=\"960\" height=\"668\" src=\"https:\/\/radiozapatista.org\/wp-content\/uploads\/2024\/12\/encuentro1.jpg\" alt=\"\" class=\"wp-image-49748\" srcset=\"https:\/\/radiozapatista.org\/wp-content\/uploads\/2024\/12\/encuentro1.jpg 960w, https:\/\/radiozapatista.org\/wp-content\/uploads\/2024\/12\/encuentro1-350x244.jpg 350w, https:\/\/radiozapatista.org\/wp-content\/uploads\/2024\/12\/encuentro1-768x534.jpg 768w\" sizes=\"auto, (max-width: 960px) 100vw, 960px\" \/><\/figure>\n\n\n\n<h2 class=\"wp-block-heading has-text-align-center\">COBERTURA<\/h2>\n\n\n\n<h3 class=\"wp-block-heading has-text-align-center\">Primera Sesi\u00f3n<br>28 de diciembre de 2024 al 2 de enero de 2025<br>Cideci\/Universidad de la Tierra<br>Caracol de Oventic<\/h3>\n\n\n\n<p class=\"has-text-align-center\"><strong><a href=\"https:\/\/radiozapatista.org\/?p=49642\">Programa de la Primera Sesi\u00f3n<\/a><\/strong><br>Subcomandante Insurgente Mois\u00e9s (diciembre de 2024)<\/p>\n\n\n\n<p class=\"has-text-align-center\"><strong><a href=\"https:\/\/radiozapatista.org\/?p=49777\">Mesas de la Primera Sesi\u00f3n &#8211; Audios y Videos<\/a><\/strong><br>Radio Zapatista (31 de diciembre de 2024)<\/p>\n\n\n\n<p class=\"has-text-align-center\"><strong><a href=\"https:\/\/radiozapatista.org\/?p=49873\">Ecos de la Primera Sesi\u00f3n de los Encuentros de Resistencia y Rebeld\u00eda. Diciembre 2024 y 1-2 de enero 2025. Asistencia: \u00bfalgunas partes del todo?<\/a><\/strong><br>Equipos de Apoyo de la Comisi\u00f3n Sexta Zapatista (enero de 2025)<\/p>\n\n\n\n<p class=\"has-text-align-center\"><strong><a href=\"https:\/\/radiozapatista.org\/?p=49876\">Ecos de la Primera Sesi\u00f3n de los Encuentros de Resistencia y Rebeld\u00eda. Diciembre 2024 y 1-2 de enero 2025. Participaci\u00f3n Zapatista: Audios y Videos para Descargar<\/a><\/strong><br>Tercios Compas (enero de 2025)<\/p>\n\n\n\n<p class=\"has-text-align-center\"><strong><a href=\"https:\/\/radiozapatista.org\/?p=49886\">La Tormenta y el D\u00eda Despu\u00e9s. Teatro Zapatista<\/a><\/strong><br>J\u00f3venas y j\u00f3venes de los 12 caracoles y Tercios Compas (enero de 2025)<\/p>\n\n\n\n<p class=\"has-text-align-center\"><strong><a href=\"https:\/\/radiozapatista.org\/?p=49895\">Fragmentos del Programa Cultural del Encuentro de Resistencia y Rebeld\u00eda<\/a><\/strong><br>Tercios Compas y Tejemedios (enero de 2025)<\/p>\n\n\n\n<p class=\"has-text-align-center\"><strong><a href=\"https:\/\/radiozapatista.org\/?p=49917\">31 A\u00d1OS<\/a><\/strong><br>Tercios Compas (enero de 2025)<\/p>\n\n\n\n<hr class=\"wp-block-separator has-alpha-channel-opacity\"\/>\n\n\n\n<h2 class=\"wp-block-heading has-text-align-center\">COMUNICADOS<\/h2>\n\n\n\n<p class=\"has-text-align-center\"><a href=\"https:\/\/radiozapatista.org\/?p=49642\">PROGRAMA DE LA PRIMERA SESI\u00d3N DE LOS <\/a><br><a href=\"https:\/\/radiozapatista.org\/?p=49642\">ENCUENTROS INTERNACIONALES DE RESISTENCIAS Y REBELD\u00cdAS. <\/a><br><a href=\"https:\/\/radiozapatista.org\/?p=49642\">Mesas y Ponentes <\/a><br><a href=\"https:\/\/radiozapatista.org\/?p=49642\">Subcomandante Insurgente Mois\u00e9s<\/a><br>Diciembre de 2024<\/p>\n\n\n\n<p class=\"has-text-align-center\"><a href=\"https:\/\/radiozapatista.org\/?p=49617\">Encuentros Internacionales de Rebeld\u00edas y Resistencias 2024-2025. <\/a><br><a href=\"https:\/\/radiozapatista.org\/?p=49617\">FECHAS Y SEDES DE LA PRIMERA SESI\u00d3N DICIEMBRE 2024 a ENERO 2025<\/a><br>Noviembre de 2024<\/p>\n\n\n\n<p class=\"has-text-align-center\"><a href=\"https:\/\/radiozapatista.org\/?p=49607\">Sobre el tema: La Tormenta y el D\u00eda Despu\u00e9s. Und\u00e9cima parte: \u00bfOtroas en el d\u00eda despu\u00e9s? <\/a><br><a href=\"https:\/\/radiozapatista.org\/?p=49607\">\u0376\u00c0TI\ua7fcA\u0186 \u2143\u018e<\/a><br>Noviembre de 2024<\/p>\n\n\n\n<p class=\"has-text-align-center\"><a href=\"https:\/\/radiozapatista.org\/?p=49593\">Sobre el tema: La Tormenta y el D\u00eda Despu\u00e9s. D\u00e9cima parte:&nbsp; LA SALUD SEG\u00daN LA DO\u00d1A JUANITA <\/a><br><a href=\"https:\/\/radiozapatista.org\/?p=49593\">Los Tercios Compas y \u0376\u00c0TI\ua7fcA\u0186 \u2143\u018e<\/a><br>Noviembre de 2024<\/p>\n\n\n\n<p class=\"has-text-align-center\"><a href=\"https:\/\/radiozapatista.org\/?p=49588\">Sobre el tema: La Tormenta y el D\u00eda Despu\u00e9s. Novena parte: Primeros Auxilios para el D\u00eda Despu\u00e9s | Los Tercios Compas y \u0376\u00c0TI\ua7fcA\u0186 \u2143\u018e<\/a><br>Noviembre de 2024<\/p>\n\n\n\n<p class=\"has-text-align-center\"><a href=\"https:\/\/radiozapatista.org\/?p=49576\">Sobre el tema: La Tormenta y el D\u00eda Despu\u00e9s. Octava Parte: Otro d\u00eda despu\u00e9s <\/a><br><a href=\"https:\/\/radiozapatista.org\/?p=49576\">\u0376\u00c0TI\ua7fcA\u0186 \u2143\u018e<\/a><br>Noviembre de 2024<\/p>\n\n\n\n<p class=\"has-text-align-center\"><a href=\"https:\/\/radiozapatista.org\/?p=49565\">Sobre el tema: La Tormenta y el D\u00eda Despu\u00e9s. S\u00e9ptima Parte: Hasta encontrarnos <\/a><br><a href=\"https:\/\/radiozapatista.org\/?p=49565\">\u0376\u00c0T I\ua7fcA\u0186 \u2143\u018e<\/a><br>Noviembre de 2024<\/p>\n\n\n\n<p class=\"has-text-align-center\"><a href=\"https:\/\/radiozapatista.org\/?p=49189\">El EZLN denuncia agresiones y amenazas contra sus bases de apoyo <\/a><br><a href=\"https:\/\/radiozapatista.org\/?p=49189\">Subcomandante Insurgente Mois\u00e9s<\/a><br>Octubre de 2024<\/p>\n\n\n\n<p class=\"has-text-align-center\"><a href=\"https:\/\/radiozapatista.org\/?p=49176\">Sobre el tema: La Tormenta y el D\u00eda Despu\u00e9s. Sexta Parte: Ciencias Aplicadas <\/a><br><a href=\"https:\/\/radiozapatista.org\/?p=49176\">\u0376\u00c0TI\ua7fcA\u0186 \u2143\u018e<\/a><br>Octubre de 2024<\/p>\n\n\n\n<p class=\"has-text-align-center\"><a href=\"https:\/\/radiozapatista.org\/?p=49169\">Sobre el tema: La Tormenta y el D\u00eda Despu\u00e9s. Quinta parte.&nbsp;La inc\u00f3gnita <\/a><br><a href=\"https:\/\/radiozapatista.org\/?p=49169\">\u0376\u00c0T I\ua7fcA\u0186 \u2143\u018e <\/a><br>Octubre de 2024<\/p>\n\n\n\n<p class=\"has-text-align-center\"><a href=\"https:\/\/radiozapatista.org\/?p=49162\">Sobre el tema: La Tormenta y el D\u00eda Despu\u00e9s. Postfacio. Cuarta Parte:&nbsp; Entre la paga y la imaginaci\u00f3n<\/a><br><a href=\"https:\/\/radiozapatista.org\/?p=49162\"> \u0376\u00c0TI\ua7fcA\u0186 \u2143\u018e<\/a><br>Octubre de 2024<\/p>\n\n\n\n<p class=\"has-text-align-center\"><a href=\"https:\/\/radiozapatista.org\/?p=49143\">Sobre el tema: La Tormenta y el D\u00eda Despu\u00e9s. Postfacio. Tercera Parte: \u00bfOtras opciones?&nbsp; Cuando las palabras no son necesarias. <\/a><br><a href=\"https:\/\/radiozapatista.org\/?p=49143\">\u0376\u00c0TI\ua7fcA\u0186 \u2143\u018e <\/a><br>Octubre de 2024<\/p>\n\n\n\n<p class=\"has-text-align-center\"><a href=\"https:\/\/radiozapatista.org\/?p=49133\">Sobre el tema: La Tormenta y el D\u00eda Despu\u00e9s. Postfacio. Segunda Parte. \u00bfCambio con continuidad?&nbsp; \u00bfDe nuevo lo mismo? <\/a><br><a href=\"https:\/\/radiozapatista.org\/?p=49133\">\u0376\u00c0TI\ua7fcA\u0186 \u2143\u018e<\/a><br>Octubre de 2024<\/p>\n\n\n\n<p class=\"has-text-align-center\"><a href=\"https:\/\/radiozapatista.org\/?p=49123\">Sobre el tema: La Tormenta y el D\u00eda Despu\u00e9s. Postfacio. Primera Parte.&nbsp; La Hip\u00f3tesis (\u00bfo era la hipotenusa?) <\/a><br><a href=\"https:\/\/radiozapatista.org\/?p=49123\">\u0376\u00c0TI\ua7fcA\u0186 \u2143\u018e<\/a><br>Octubre de 2024<\/p>\n\n\n\n<p class=\"has-text-align-center\"><a href=\"https:\/\/radiozapatista.org\/?p=49119\">Convocatoria a los Encuentros Internacionales de Rebeld\u00edas y Resistencias 2024-2025. <\/a><br><a href=\"https:\/\/radiozapatista.org\/?p=49119\">Tema: La Tormenta y el D\u00eda Despu\u00e9s<\/a><br>Octubre de 2024<\/p>\n\n\n\n<p class=\"has-text-align-center\"><a href=\"https:\/\/radiozapatista.org\/?p=49066\">Hay personas as\u00ed\u2026 <\/a><br><a href=\"https:\/\/radiozapatista.org\/?p=49066\">\u0376\u00c0TI\ua7fcA\u0186 \u2143\u018e<\/a><br>Octubre de 2024<\/p>\n\n\n\n<p><\/p>\n","protected":false},"excerpt":{"rendered":"<p>COBERTURA Primera Sesi\u00f3n28 de diciembre de 2024 al 2 de enero de 2025Cideci\/Universidad de la TierraCaracol de Oventic Programa de la Primera Sesi\u00f3nSubcomandante Insurgente Mois\u00e9s (diciembre de 2024) Mesas de la Primera Sesi\u00f3n &#8211; Audios y VideosRadio Zapatista (31 de diciembre de 2024) Ecos de la Primera Sesi\u00f3n de los Encuentros de Resistencia y Rebeld\u00eda. [&hellip;]<\/p>\n","protected":false},"author":1,"featured_media":0,"parent":0,"menu_order":0,"comment_status":"closed","ping_status":"closed","template":"","meta":{"footnotes":""},"class_list":["post-49747","page","type-page","status-publish","hentry"],"_links":{"self":[{"href":"https:\/\/radiozapatista.org\/index.php?rest_route=\/wp\/v2\/pages\/49747","targetHints":{"allow":["GET"]}}],"collection":[{"href":"https:\/\/radiozapatista.org\/index.php?rest_route=\/wp\/v2\/pages"}],"about":[{"href":"https:\/\/radiozapatista.org\/index.php?rest_route=\/wp\/v2\/types\/page"}],"author":[{"embeddable":true,"href":"https:\/\/radiozapatista.org\/index.php?rest_route=\/wp\/v2\/users\/1"}],"replies":[{"embeddable":true,"href":"https:\/\/radiozapatista.org\/index.php?rest_route=%2Fwp%2Fv2%2Fcomments&post=49747"}],"version-history":[{"count":3,"href":"https:\/\/radiozapatista.org\/index.php?rest_route=\/wp\/v2\/pages\/49747\/revisions"}],"predecessor-version":[{"id":49930,"href":"https:\/\/radiozapatista.org\/index.php?rest_route=\/wp\/v2\/pages\/49747\/revisions\/49930"}],"wp:attachment":[{"href":"https:\/\/radiozapatista.org\/index.php?rest_route=%2Fwp%2Fv2%2Fmedia&parent=49747"}],"curies":[{"name":"wp","href":"https:\/\/api.w.org\/{rel}","templated":true}]}}