{"id":41845,"date":"2022-03-16T12:53:44","date_gmt":"2022-03-16T18:53:44","guid":{"rendered":"https:\/\/radiozapatista.org\/?page_id=41845"},"modified":"2022-03-16T12:59:37","modified_gmt":"2022-03-16T18:59:37","slug":"campana-mundial-contra-las-guerras-del-capital","status":"publish","type":"page","link":"https:\/\/radiozapatista.org\/?page_id=41845","title":{"rendered":"Campa\u00f1a mundial contra las guerras del capital"},"content":{"rendered":"<p><\/p>\n<h3 style=\"text-align: center;\">Contra las guerras del capital<\/h3>\n<p style=\"text-align: center;\"><a href=\"https:\/\/radiozapatista.org\/wp-content\/uploads\/2022\/03\/portada-1.jpg\"><img loading=\"lazy\" decoding=\"async\" class=\"aligncenter size-full wp-image-41500\" src=\"https:\/\/radiozapatista.org\/wp-content\/uploads\/2022\/03\/portada-1.jpg\" alt=\"\" width=\"800\" height=\"533\" srcset=\"https:\/\/radiozapatista.org\/wp-content\/uploads\/2022\/03\/portada-1.jpg 800w, https:\/\/radiozapatista.org\/wp-content\/uploads\/2022\/03\/portada-1-350x233.jpg 350w, https:\/\/radiozapatista.org\/wp-content\/uploads\/2022\/03\/portada-1-768x512.jpg 768w, https:\/\/radiozapatista.org\/wp-content\/uploads\/2022\/03\/portada-1-700x466.jpg 700w\" sizes=\"auto, (max-width: 800px) 100vw, 800px\" \/><\/a><\/p>\n<p style=\"text-align: center;\"><a href=\"https:\/\/radiozapatista.org\/?p=41338\"><strong>NO HABR\u00c1 PAISAJE DESPU\u00c9S DE LA BATALLA<\/strong><\/a><br \/>\n(Sobre la invasi\u00f3n del ej\u00e9rcito ruso a Ucrania)<br \/>\nSubcomandantes Insurgentes Mois\u00e9s y Galeano<br \/>\nComisi\u00f3n Sexta Zapatista<br \/>\nMarzo 2022<\/p>\n<p style=\"text-align: center;\"><a href=\"https:\/\/radiozapatista.org\/?p=41426\"><strong>Domingo 13<\/strong><\/a><br \/>\nComisi\u00f3n Sexta Zapatista<br \/>\nMarzo 2022<\/p>\n<p style=\"text-align: center;\"><a href=\"https:\/\/radiozapatista.org\/?p=41451\"><strong>Zapatistas se movilizan en Chiapas contra la guerra<\/strong><\/a><br \/>\nCobertura de Radio Zapatista (video, foto, audio)<br \/>\n13 de marzo de 2022<\/p>\n<p style=\"text-align: center;\"><a href=\"https:\/\/radiozapatista.org\/?p=41511\"><strong>Alto a las guerras: Ecos del domingo 13<\/strong><\/a><br \/>\nFotorreportaje<br \/>\nTercios Compas<br \/>\nMarzo 2022<\/p>\n<p style=\"text-align: center;\"><a href=\"https:\/\/radiozapatista.org\/?p=41744\"><strong>Acciones contra las guerras en Slumil K&#8217;ajxemk&#8217;op<\/strong><\/a><br \/>\nFotorreportaje<br \/>\nEnlace Zapatista<br \/>\nMarzo 2022<\/p>\n<p style=\"text-align: center;\"><a href=\"https:\/\/radiozapatista.org\/?p=41825\"><strong>Acciones contra las guerras capitalistas en CDMX<\/strong><\/a><br \/>\nFotorreportaje<br \/>\nEnlace Zapatista<br \/>\nMarzo 2022<\/p>\n<p><\/p>","protected":false},"excerpt":{"rendered":"<p>Contra las guerras del capital NO HABR\u00c1 PAISAJE DESPU\u00c9S DE LA BATALLA (Sobre la invasi\u00f3n del ej\u00e9rcito ruso a Ucrania) Subcomandantes Insurgentes Mois\u00e9s y Galeano Comisi\u00f3n Sexta Zapatista Marzo 2022 Domingo 13 Comisi\u00f3n Sexta Zapatista Marzo 2022 Zapatistas se movilizan en Chiapas contra la guerra Cobertura de Radio Zapatista (video, foto, audio) 13 de marzo [&hellip;]<\/p>\n","protected":false},"author":1,"featured_media":0,"parent":0,"menu_order":0,"comment_status":"closed","ping_status":"closed","template":"","meta":{"footnotes":""},"class_list":["post-41845","page","type-page","status-publish","hentry"],"_links":{"self":[{"href":"https:\/\/radiozapatista.org\/index.php?rest_route=\/wp\/v2\/pages\/41845","targetHints":{"allow":["GET"]}}],"collection":[{"href":"https:\/\/radiozapatista.org\/index.php?rest_route=\/wp\/v2\/pages"}],"about":[{"href":"https:\/\/radiozapatista.org\/index.php?rest_route=\/wp\/v2\/types\/page"}],"author":[{"embeddable":true,"href":"https:\/\/radiozapatista.org\/index.php?rest_route=\/wp\/v2\/users\/1"}],"replies":[{"embeddable":true,"href":"https:\/\/radiozapatista.org\/index.php?rest_route=%2Fwp%2Fv2%2Fcomments&post=41845"}],"version-history":[{"count":3,"href":"https:\/\/radiozapatista.org\/index.php?rest_route=\/wp\/v2\/pages\/41845\/revisions"}],"predecessor-version":[{"id":41852,"href":"https:\/\/radiozapatista.org\/index.php?rest_route=\/wp\/v2\/pages\/41845\/revisions\/41852"}],"wp:attachment":[{"href":"https:\/\/radiozapatista.org\/index.php?rest_route=%2Fwp%2Fv2%2Fmedia&parent=41845"}],"curies":[{"name":"wp","href":"https:\/\/api.w.org\/{rel}","templated":true}]}}