{"id":32707,"date":"2019-12-14T17:50:38","date_gmt":"2019-12-14T23:50:38","guid":{"rendered":"https:\/\/radiozapatista.org\/?page_id=32707"},"modified":"2019-12-21T20:28:46","modified_gmt":"2019-12-22T02:28:46","slug":"primer-comparte-de-danza-bailate-otro-mundo","status":"publish","type":"page","link":"https:\/\/radiozapatista.org\/?page_id=32707","title":{"rendered":"Primer CompArte de danza &#8220;B\u00e1ilate otro mundo&#8221;"},"content":{"rendered":"<p><\/p>\n<h2 style=\"text-align: center;\">Primer CompArte de danza<br \/>\n&#8220;B\u00e1ilate otro mundo&#8221;<\/h2>\n<p style=\"text-align: center;\"><strong>Del 16 al 20 de diciembre de 2019<br \/>\nCaracol Tulan Kaw<br \/>\nCaracol Jacinto Canek<br \/>\n(CIDECI, San Crist\u00f3bal de Las Casas)<\/strong><\/p>\n<p style=\"text-align: center;\"><a href=\"https:\/\/radiozapatista.org\/wp-content\/uploads\/2019\/12\/photo_2019-12-13_17-05-39.jpg\"><img decoding=\"async\" class=\"aligncenter size-large wp-image-32708\" src=\"https:\/\/radiozapatista.org\/wp-content\/uploads\/2019\/12\/photo_2019-12-13_17-05-39-768x1024.jpg\" alt=\"\" width=\"500\" srcset=\"https:\/\/radiozapatista.org\/wp-content\/uploads\/2019\/12\/photo_2019-12-13_17-05-39.jpg 768w, https:\/\/radiozapatista.org\/wp-content\/uploads\/2019\/12\/photo_2019-12-13_17-05-39-225x300.jpg 225w\" sizes=\"(max-width: 768px) 100vw, 768px\" \/><\/a><\/p>\n<h3 style=\"text-align: center;\">Comunicados<\/h3>\n<p style=\"text-align: center;\"><strong><a title=\"Permanent Link: BAILA UNA BALLENA\" href=\"https:\/\/radiozapatista.org\/?p=32735\" rel=\"bookmark\">BAILA UNA BALLENA<\/a><\/strong><br \/>\nSubcomandante Insurgente Galeano<\/p>\n<p id=\"post-32739\" class=\"post-title \" style=\"text-align: center;\"><strong><a title=\"Permanent Link: Programaci\u00f3n del PRIMER FESTIVAL DE DANZA, \u201cB\u00e1ilate otro mundo\u201d\" href=\"https:\/\/radiozapatista.org\/?p=32739\" rel=\"bookmark\">Programaci\u00f3n del PRIMER FESTIVAL DE DANZA<br \/>\n<\/a><\/strong><strong><a title=\"Permanent Link: Programaci\u00f3n del PRIMER FESTIVAL DE DANZA, \u201cB\u00e1ilate otro mundo\u201d\" href=\"https:\/\/radiozapatista.org\/?p=32739\" rel=\"bookmark\">\u201cB\u00e1ilate otro mundo\u201d<\/a><\/strong><\/p>\n<p>&nbsp;<\/p>\n<hr \/>\n<h3 style=\"text-align: center;\">Cobertura<\/h3>\n<p style=\"text-align: center;\"><strong><a title=\"Permanent Link: Empieza el CompArte de Danza \u201cB\u00e1ilate otro mundo\u201d\" href=\"https:\/\/radiozapatista.org\/?p=32731\" rel=\"bookmark\">Empieza el CompArte de Danza \u201cB\u00e1ilate otro mundo\u201d<\/a><\/strong><br \/>\nRadio Zapatista<\/p>\n<p id=\"post-32802\" class=\"post-title \" style=\"text-align: center;\"><strong><a title=\"Permanent Link: \u201cTodo es movimiento\u201d \u2013 Segundo d\u00eda del CompArte de Danza \u201cB\u00e1ilate otro mundo\u201d\" href=\"https:\/\/radiozapatista.org\/?p=32802\" rel=\"bookmark\">\u201cTodo es movimiento\u201d<br \/>\nSegundo d\u00eda del CompArte de Danza \u201cB\u00e1ilate otro mundo\u201d<\/a><\/strong><br \/>\nRadio Zapatista<\/p>\n<p id=\"post-32880\" class=\"post-title \" style=\"text-align: center;\"><a title=\"Permanent Link: \u201cBailando la libertad\u201d \u2013 tercer d\u00eda del CompArte de Danza \u201cB\u00e1ilate otro mundo\u201d\" href=\"https:\/\/radiozapatista.org\/?p=32880\" rel=\"bookmark\"><strong>\u201cBailando la libertad\u201d<br \/>\nTercer d\u00eda del CompArte de Danza \u201cB\u00e1ilate otro mundo\u201d<\/strong><\/a><br \/>\nRadio Zapatista<\/p>\n<p style=\"text-align: center;\"><strong><a href=\"https:\/\/radiozapatista.org\/?p=32956\">\u201cMe dan pista y hasta les dejo planito el suelo\u201d<br \/>\nFestival convocado por el EZLN, \u201cB\u00e1ilate otro mundo\u201d<\/a><br \/>\n<\/strong>Radio Pozol<\/p>\n<p style=\"text-align: center;\"><a href=\"https:\/\/radiozapatista.org\/?p=32978\"><strong>\u201cSe van pero se quedan\u201d<br \/>\nTermina el primer CompArte de Danza \u201cB\u00e1ilate otro mundo\u201d<\/strong><\/a><br \/>\nRadio Zapatista<\/p>\n<p>&nbsp;<\/p>","protected":false},"excerpt":{"rendered":"<p>Primer CompArte de danza &#8220;B\u00e1ilate otro mundo&#8221; Del 16 al 20 de diciembre de 2019 Caracol Tulan Kaw Caracol Jacinto Canek (CIDECI, San Crist\u00f3bal de Las Casas) Comunicados BAILA UNA BALLENA Subcomandante Insurgente Galeano Programaci\u00f3n del PRIMER FESTIVAL DE DANZA \u201cB\u00e1ilate otro mundo\u201d &nbsp; Cobertura Empieza el CompArte de Danza \u201cB\u00e1ilate otro mundo\u201d Radio Zapatista [&hellip;]<\/p>\n","protected":false},"author":1,"featured_media":0,"parent":29,"menu_order":0,"comment_status":"closed","ping_status":"closed","template":"","meta":{"footnotes":""},"class_list":["post-32707","page","type-page","status-publish","hentry"],"_links":{"self":[{"href":"https:\/\/radiozapatista.org\/index.php?rest_route=\/wp\/v2\/pages\/32707","targetHints":{"allow":["GET"]}}],"collection":[{"href":"https:\/\/radiozapatista.org\/index.php?rest_route=\/wp\/v2\/pages"}],"about":[{"href":"https:\/\/radiozapatista.org\/index.php?rest_route=\/wp\/v2\/types\/page"}],"author":[{"embeddable":true,"href":"https:\/\/radiozapatista.org\/index.php?rest_route=\/wp\/v2\/users\/1"}],"replies":[{"embeddable":true,"href":"https:\/\/radiozapatista.org\/index.php?rest_route=%2Fwp%2Fv2%2Fcomments&post=32707"}],"version-history":[{"count":9,"href":"https:\/\/radiozapatista.org\/index.php?rest_route=\/wp\/v2\/pages\/32707\/revisions"}],"predecessor-version":[{"id":33031,"href":"https:\/\/radiozapatista.org\/index.php?rest_route=\/wp\/v2\/pages\/32707\/revisions\/33031"}],"up":[{"embeddable":true,"href":"https:\/\/radiozapatista.org\/index.php?rest_route=\/wp\/v2\/pages\/29"}],"wp:attachment":[{"href":"https:\/\/radiozapatista.org\/index.php?rest_route=%2Fwp%2Fv2%2Fmedia&parent=32707"}],"curies":[{"name":"wp","href":"https:\/\/api.w.org\/{rel}","templated":true}]}}