{"id":310,"date":"2010-09-21T16:14:44","date_gmt":"2010-09-21T21:14:44","guid":{"rendered":"https:\/\/radiozapatista.org\/wp\/?page_id=310"},"modified":"2017-02-16T17:56:00","modified_gmt":"2017-02-16T23:56:00","slug":"encuentro-de-mujeres-mama-corral","status":"publish","type":"page","link":"https:\/\/radiozapatista.org\/?page_id=310","title":{"rendered":"Encuentro de mujeres &#8220;Mam\u00e1 Corral&#8221;"},"content":{"rendered":"<p><\/p>\n<p><iframe loading=\"lazy\" width=\"560\" height=\"315\" src=\"https:\/\/www.youtube.com\/embed\/aWkKwdGKtxE\" frameborder=\"0\" allowfullscreen><\/iframe><\/p>\n<hr\/>\n<p><strong><a href=\"http:\/\/enlacezapatista.ezln.org.mx\/2009\/03\/09\/acto-civico-del-evento-politico-deportivo-cultural-y-artistico-mama-corral\/\" target=\"_blank\">Acto c\u00edvico del evento pol\u00edtico, deportivo, cultural y art\u00edstico \u201cMAM\u00c1 CORRAL\u201d<\/a><\/strong> (audios y textos).<\/p>\n<hr\/>\n<p><strong>Concluye el encuentro de mujeres &#8220;Mam\u00e1 Corral&#8221;, 8 de marzo de 2009<\/strong><\/p>\n<p>Oventik, 8 de marzo de 2009. El mero d\u00eda, el 8 de marzo, daban las compa\u00f1eras la bienvenida al encuentro. Lo hac\u00eda una compa\u00f1era base de apoyo, otra compa\u00f1era de la JBG y una compa\u00f1era del CCRI-CG. Esta \u00faltima, animaba a celebrar el d\u00eda \u201cporque no sabemos cu\u00e1ntas veces vamos a poder celebrar como \u00e9sta. Depende de c\u00f3mo nos va la guerra que hace el mal gobierno que cada d\u00eda nos amenaza. Mientras vivimos, debemos seguir celebrando y luchando por democracia, libertad y justicia\u201d.En el discurso central del evento pol\u00edtico que una compa\u00f1era del CCRI-CG dio a conocer en castilla (le sigui\u00f3 despu\u00e9s el discurso un poco m\u00e1s extenso en tsotsil) se record\u00f3 a las mujeres obreras estadounidenses en memoria de las cuales se conmemora cada a\u00f1o el 8 de marzo. Tambi\u00e9n se record\u00f3 de manera especial a las compa\u00f1eras ca\u00eddas durante los 25 a\u00f1os de lucha del EZLN; as\u00ed tambi\u00e9n a las compa\u00f1eras desaparecidas, perseguidas y encarceladas por el mal gobierno. Recordaron a las mujeres que dieron su vida por un mundo libre para nosotras y que hicieron posible lo imposible. Mujeres que son espejo en el que ver, apreciar y mirar el horizonte. El 8 de marzo, miles de mujeres zapatistas llegaron a Oventik y en cada uno de los otros cuatro caracoles llegaron tambi\u00e9n comisiones para participar del D\u00eda Internacional de la Mujer. Miles m\u00e1s quedaron en sus pueblos y comunidades. No llegaron por falta de recursos y tambi\u00e9n por la movilizaci\u00f3n de militares y paramilitares que se est\u00e1 dando en las zonas.<\/p>\n<p>Simult\u00e1neamente en la plaza de San Crist\u00f3bal de las Casas, Chiapas, colectivos de mujeres fijaron un peri\u00f3dico mural titulado <a href=\"http:\/\/chiapas.indymedia.org\/article_162731\">&#8220;La violencia sexual tambi\u00e9n existe en la izquierda&#8221;<\/a>. Este fin de semana, helic\u00f3pteros militares sobrevolaron esa ciudad, en concordancia con los <a href=\"http:\/\/chiapas.indymedia.org\/display.php3?article_id=162536\">sobrevuelos e incursiones militares denunciados por la Junta de Buen Gobierno de Oventik.<\/a><\/p>\n<p><img decoding=\"async\" src=\"http:\/\/chiapas.indymedia.org\/images\/imc_article.gif\" alt=\"\" \/><a href=\"http:\/\/chiapas.indymedia.org\/article_162752\">Leer cr\u00f3nica del encuentro<\/a><\/p>\n<p><img decoding=\"async\" src=\"http:\/\/chiapas.indymedia.org\/images\/imc_audio.gif\" alt=\"\" \/><a href=\"http:\/\/chiapas.indymedia.org\/article_162766\">Palabras de bienvenida por una compa\u00f1era base de apoyo<\/a><\/p>\n<p><img decoding=\"async\" src=\"http:\/\/chiapas.indymedia.org\/images\/imc_audio.gif\" alt=\"\" \/><a href=\"http:\/\/chiapas.indymedia.org\/article_162767\">Palabras de bienvenida de la Junta de Buen Gobierno de Oventik<\/a><\/p>\n<p><img decoding=\"async\" src=\"http:\/\/chiapas.indymedia.org\/images\/imc_audio.gif\" alt=\"\" \/><a href=\"http:\/\/chiapas.indymedia.org\/article_162768\">Palabras de bienvenida del CCRI-CG<\/a> <\/p>\n<p><img decoding=\"async\" src=\"http:\/\/chiapas.indymedia.org\/images\/imc_audio.gif\" alt=\"\" \/><a href=\"http:\/\/chiapas.indymedia.org\/article_162772\">Discurso del CCRI-CG<\/a><\/p>\n<p><img decoding=\"async\" src=\"http:\/\/chiapas.indymedia.org\/images\/imc_audio.gif\" alt=\"\" \/><a href=\"http:\/\/chiapas.indymedia.org\/article_162773\">Compa\u00f1era del Caracol de la Realidad<\/a> <\/p>\n<p><img decoding=\"async\" src=\"http:\/\/chiapas.indymedia.org\/images\/imc_audio.gif\" alt=\"\" \/><a href=\"http:\/\/chiapas.indymedia.org\/article_162774\">Compa\u00f1era del Caracol de Morelia<\/a> <\/p>\n<p><img decoding=\"async\" src=\"http:\/\/chiapas.indymedia.org\/images\/imc_audio.gif\" alt=\"\" \/><a href=\"http:\/\/chiapas.indymedia.org\/article_162775\">Compa\u00f1era del Caracol de Roberto Barrios<\/a> <\/p>\n<p><img decoding=\"async\" src=\"http:\/\/chiapas.indymedia.org\/images\/imc_audio.gif\" alt=\"\" \/><a href=\"http:\/\/chiapas.indymedia.org\/article_162776\">Insurgenta Elena<\/a> <\/p>\n<p><img decoding=\"async\" src=\"http:\/\/chiapas.indymedia.org\/images\/imc_audio.gif\" alt=\"\" \/><a href=\"http:\/\/chiapas.indymedia.org\/article_162777\">Compa\u00f1erita Lupita<\/a> <\/p>\n<p><img decoding=\"async\" src=\"http:\/\/chiapas.indymedia.org\/images\/imc_photo.gif\" alt=\"\" \/><a href=\"http:\/\/chiapas.indymedia.org\/article_162753\">Mujeres rebeldes el 8 de marzo de 2009 celebrando a Mam\u00e1 Corral<\/a><\/p>\n<p><img decoding=\"async\" src=\"http:\/\/chiapas.indymedia.org\/images\/imc_photo.gif\" alt=\"\" \/><a href=\"http:\/\/chiapas.indymedia.org\/article_162742\">FOTOS: Encuentro internacional de mujeres Mam\u00e1 Corral <\/a><\/p>\n<p><img decoding=\"async\" src=\"http:\/\/chiapas.indymedia.org\/images\/imc_photo.gif\" alt=\"\" \/><a href=\"http:\/\/chiapas.indymedia.org\/article_162779\">Fotos del 7 y 8 de marzo en Oventik<\/a><\/p>\n<hr size=\"1\" \/>\n<p><strong>Inicia el Evento pol\u00edtico, deportivo, cultural y art\u00edstico &#8220;Mam\u00e1 Corral&#8221;, en el Caracol de Oventik <\/strong><\/p>\n<p><strong>7 de marzo de 2009.-<\/strong> Hoy por la ma\u00f1ana, con la participaci\u00f3n de equipos de mujeres zapatistas y de la sociedad civil nacional e internacional han iniciado los partidos de futbol, basquetbol y voleibol con los que arranca el Evento pol\u00edtico, deportivo, cultural y art\u00edstico &#8220;Mam\u00e1 Corral&#8221;, en el Caracol zapatista de Oventik.Es la primera vez que las zapatistas celebran un 8 de marzo con una actividad p\u00fablica donde participan mujeres de la sociedad civil nacional e internacional. Las actividades son enmarcadas por la bandera de M\u00e9xico, la bandera del EZLN y las mantas de las madres de desaparecidos pol\u00edticos, con fotos de estos.<\/p>\n<p>Por la noche contin\u00faan las actividades culturales, que rematar\u00e1n ma\u00f1ana con m\u00e1s actividades deportivas y culturales y un mensaje de las Comandantas Zapatistas para conmemorar el d\u00eda internacional de las mujeres en lucha.<\/p>\n<p><img decoding=\"async\" src=\"http:\/\/chiapas.indymedia.org\/images\/imc_photo.gif\" alt=\"\" \/><a href=\"http:\/\/chiapas.indymedia.org\/display.php3?article_id=162719\">Fotograf\u00edas del 7 de marzo<\/a><\/p>\n<hr size=\"1\" \/>\n<p><strong>7 y 8 de Marzo: Evento pol\u00edtico, deportivo, cultural y art\u00edstico &#8220;MAM\u00c1 CORRAL&#8221;, en el Caracol de Oventik<\/strong><\/p>\n<p><strong>6 de marzo de 2009.-<\/strong> Este s\u00e1bado 7 y domingo 8 de marzo se realizar\u00e1 el evento pol\u00edtico, deportivo, cultural y art\u00edstico en memoria de &#8220;Mam\u00e1 Corral&#8221;, en el Caracol de Oventik, como parte de los actos del d\u00eda internacional de las mujeres en lucha, en territorio zapatista en los altos de Chiapas. Al evento organizado por las Comandantas del CCRI-CG del EZLN han sido invitadas para participar compa\u00f1eras de la Otra Campa\u00f1a, de la Zezta Internacional y mujeres adherentes a la VI Declaraci\u00f3n de la Selva Lacandona.<\/p>\n<p>Mam\u00e1 Corral, es el nombre con el que las y los zapatistas nombran a Do\u00f1a Concepci\u00f3n Garc\u00eda de Corral, recientemente fallecida, madre de luchadores sociales ca\u00eddos durante la guerra sucia y parte del Comit\u00e9 Madres de Desaparecidos Pol\u00edticos de Chihuahua.<\/p>\n<p><strong>Programa de actividades:<\/strong><\/p>\n<ul>\n<li>Los partidos deportivos de Basketbol, Volibol y Futbolito van a empezar el dia 7 de marzo del 2009 en las canchas deportivas del Caracol de Oventik y seg\u00fan si son muchos equipos continuar\u00e1n el d\u00eda 8 de marzo del 2009.<\/li>\n<li> Los actos culturales se van a acomodar en la noche del 7 de marzo y la tarde y noche del 8 de marzo<\/li>\n<li> El d\u00eda 8 de marzo del 2009 las comandantas zapatistas van a dar un mensaje de lucha<\/li>\n<\/ul>\n<p><img decoding=\"async\" src=\"http:\/\/chiapas.indymedia.org\/images\/imc_article.gif\" alt=\"\" \/><a href=\"http:\/\/chiapas.indymedia.org\/article_161941\">28 de enero:Comunicado con la invitaci\u00f3n al Evento y el Programa<\/a><\/p>\n<p><img decoding=\"async\" src=\"http:\/\/chiapas.indymedia.org\/images\/imc_article.gif\" alt=\"\" \/><a href=\"http:\/\/chiapas.indymedia.org\/display.php3?article_id=161946\">Semblanza de do\u00f1a Concepci\u00f3n Garc\u00eda de Corral<\/a><\/p>\n<p><img decoding=\"async\" src=\"http:\/\/chiapas.indymedia.org\/images\/imc_article.gif\" alt=\"\" \/><a href=\"http:\/\/nuevo.regeneracionradio.org\/index.php?option=com_content&amp;view=article&amp;id=2445:hasta-siempre-mama-corral&amp;catid=93&amp;Itemid=93\">Hasta siempre Mam\u00e1 Corral<\/a><\/p>\n<p><img decoding=\"async\" src=\"http:\/\/chiapas.indymedia.org\/images\/imc_article.gif\" alt=\"\" \/><a href=\"http:\/\/chiapas.indymedia.org\/display.php3?article_id=161945\">Cuento del Subcomandante Marcos para Mam\u00e1 Corral: &#8220;Cuentos para suplir las inyecciones&#8221;<\/a> <\/p>\n<p><img decoding=\"async\" src=\"http:\/\/chiapas.indymedia.org\/images\/imc_article.gif\" alt=\"\" \/><a href=\"http:\/\/chiapas.indymedia.org\/display.php3?article_id=161987\">English translation<\/a><\/p>\n<p><\/p>","protected":false},"excerpt":{"rendered":"<p>Acto c\u00edvico del evento pol\u00edtico, deportivo, cultural y art\u00edstico \u201cMAM\u00c1 CORRAL\u201d (audios y textos). Concluye el encuentro de mujeres &#8220;Mam\u00e1 Corral&#8221;, 8 de marzo de 2009 Oventik, 8 de marzo de 2009. El mero d\u00eda, el 8 de marzo, daban las compa\u00f1eras la bienvenida al encuentro. Lo hac\u00eda una compa\u00f1era base de apoyo, otra compa\u00f1era [&hellip;]<\/p>\n","protected":false},"author":1,"featured_media":0,"parent":29,"menu_order":0,"comment_status":"open","ping_status":"open","template":"","meta":{"footnotes":""},"class_list":["post-310","page","type-page","status-publish","hentry"],"_links":{"self":[{"href":"https:\/\/radiozapatista.org\/index.php?rest_route=\/wp\/v2\/pages\/310","targetHints":{"allow":["GET"]}}],"collection":[{"href":"https:\/\/radiozapatista.org\/index.php?rest_route=\/wp\/v2\/pages"}],"about":[{"href":"https:\/\/radiozapatista.org\/index.php?rest_route=\/wp\/v2\/types\/page"}],"author":[{"embeddable":true,"href":"https:\/\/radiozapatista.org\/index.php?rest_route=\/wp\/v2\/users\/1"}],"replies":[{"embeddable":true,"href":"https:\/\/radiozapatista.org\/index.php?rest_route=%2Fwp%2Fv2%2Fcomments&post=310"}],"version-history":[{"count":0,"href":"https:\/\/radiozapatista.org\/index.php?rest_route=\/wp\/v2\/pages\/310\/revisions"}],"up":[{"embeddable":true,"href":"https:\/\/radiozapatista.org\/index.php?rest_route=\/wp\/v2\/pages\/29"}],"wp:attachment":[{"href":"https:\/\/radiozapatista.org\/index.php?rest_route=%2Fwp%2Fv2%2Fmedia&parent=310"}],"curies":[{"name":"wp","href":"https:\/\/api.w.org\/{rel}","templated":true}]}}