{"id":297,"date":"2010-09-21T15:44:52","date_gmt":"2010-09-21T20:44:52","guid":{"rendered":"https:\/\/radiozapatista.org\/wp\/?page_id=297"},"modified":"2010-09-21T15:51:22","modified_gmt":"2010-09-21T20:51:22","slug":"seminario-internacional-de-reflexion-y-analisis","status":"publish","type":"page","link":"https:\/\/radiozapatista.org\/?page_id=297","title":{"rendered":"Seminario internacional de reflexi\u00f3n y an\u00e1lisis"},"content":{"rendered":"<p><\/p>\n<p style=\"text-align: center;\"><strong>30 de diciembre de 2009 a 2 de enero de 2010<br \/>\nCideci-Unitierra, San Crist\u00f3bal de las Casas, Chiapas<\/strong><\/p>\n<p style=\"text-align: center;\"><a href=\"http:\/\/desinformemonos.org\/2010\/01\/primer-coloquio-internacional-in-memoriam-andres-aubry\/\"><strong><\/strong>Fotorreportaje (Desinform\u00e9monos)<\/a><br \/>\n<a href=\"http:\/\/desinformemonos.org\/2010\/01\/3302\/\">Cobertura period\u00edstica de Hermann Bellinghausen<\/a><\/p>\n<p style=\"text-align: left;\"><strong>AUDIOS<\/strong><\/p>\n<p>30 de diciembre:<\/p>\n<ul>\n<li><a href=\"http:\/\/piezasdelrompecabezasdelaotra.org\/copia\/chiapas\/sira\/30diciembre\/01bienvenida.mp3\">Bienvenida<\/a><\/li>\n<li><a href=\"http:\/\/piezasdelrompecabezasdelaotra.org\/copia\/chiapas\/sira\/30diciembre\/02mercedesolivera.mp3\">Ponencia de  \t\tMercedes Oliveira<\/a><\/li>\n<li><a href=\"http:\/\/piezasdelrompecabezasdelaotra.org\/copia\/chiapas\/sira\/30diciembre\/02gustavoesteva.mp3\">Ponencia de Gustavo Esteva<\/a><\/li>\n<li><a href=\"http:\/\/piezasdelrompecabezasdelaotra.org\/copia\/chiapas\/sira\/30diciembre\/03jeromebaschet.mp3\">Ponencia de Ger\u00f4me Baschet<\/a><\/li>\n<li><a href=\"http:\/\/piezasdelrompecabezasdelaotra.org\/copia\/chiapas\/sira\/30diciembre\/04preguntasyrespuestas.mp3\">Sesi\u00f3n de preguntas<\/a><\/li>\n<\/ul>\n<p>31 de diciembre &#8211; ma\u00f1ana:<\/p>\n<ul>\n<li><a href=\"http:\/\/piezasdelrompecabezasdelaotra.org\/copia\/chiapas\/sira\/31diciembre\/01\/01paulinafernandez.mp3\">Ponencia de \t\tPaulina Fern\u00e1ndez<\/a><br \/>\nTexto de la ponencia: <a href=\"http:\/\/enlacezapatista.ezln.org.mx\/index.php?p=3002\" target=\"_blank\">Gobierno aut\u00f3nomo zapatista: \t\tCaracter\u00edsticas antisistema pol\u00edtico mexicano<\/a><\/li>\n<li><a href=\"http:\/\/piezasdelrompecabezasdelaotra.org\/copia\/chiapas\/sira\/31diciembre\/01\/02sergiotischler.mp3\">Ponencia \t\tde Sergio Tischler<\/a><\/li>\n<li><a href=\"http:\/\/piezasdelrompecabezasdelaotra.org\/copia\/chiapas\/sira\/31diciembre\/01\/03corinnekumar.mp3\">Ponencia de \t\tCorinne Kumar<\/a><\/li>\n<\/ul>\n<p>31 de diciembre &#8211; tarde:<\/p>\n<ul>\n<li><a href=\"http:\/\/www.radiozapatista.org\/Audios\/platicacorinne.mp3\">Pl\u00e1tica con Corinne Kumar<\/a> sobre las Cortes de Mujeres (ingl\u00e9s con traducci\u00f3n)<\/li>\n<li><a href=\"http:\/\/chiapas.indymedia.org\/local\/webcast\/uploads\/_mp3_\/coloquio3112tarde_barbarazamora.mp3\"> Ponencia de B\u00e1rbara Zamora<\/a> (11:50 min)<br \/>\nTexto de la ponencia:  \t\t<a href=\"http:\/\/detodos-paratodos.blogspot.com\/2010\/03\/la-nueva-justicia-y-la-palabra-del-ezln.html\"> La nueva justicia y la palabra del EZLN<\/a><\/li>\n<li><a href=\"http:\/\/www.radiozapatista.org\/Audios\/coloquio3112tarde_catherine.mp3\">Ponencia de Catherine Walsh<\/a>:  \t \t<em>M\u00e1s all\u00e1 de lo antiepist\u00e9mico: Insurgencias pol\u00edticas, epist\u00e9micas y civilizatorias  \t\ty pedagogias decoloniales, reflexiones desde Abya-Ayala<\/em> (38 min)<\/li>\n<li><a href=\"http:\/\/www.radiozapatista.org\/Audios\/coloquio3112tarde_javiersicilia.mp3\">Ponencia de Javier Sicilia<\/a>,  \t\tle\u00edda por Guillermo Villase\u00f1or: <em>Proporci\u00f3n y Revoluci\u00f3n<\/em> (40:30 min)<\/li>\n<\/ul>\n<p>1 de enero:<\/p>\n<ul>\n<li><a href=\"http:\/\/www.radiozapatista.org\/Audios\/coloquio0101_presentacion_mesa.mp3\">Presentaci\u00f3n de la mesa<\/a> (2:20 min)<\/li>\n<li><a href=\"http:\/\/www.radiozapatista.org\/Audios\/coloquio0101_johnberger.mp3\">Ponencia de John Berger<\/a>,  \t\tle\u00edda por Hermann Bellinghausen (traducci\u00f3n de Ram\u00f3n Vera): <em>C\u00f3mo resistir la prisi\u00f3n mundo<\/em> (28:30 min)<\/li>\n<li><a href=\"http:\/\/www.radiozapatista.org\/Audios\/coloquio0101_donpablo.mp3\">Ponencia de Pablo Gonz\u00e1lez Casanova<\/a>:  \t\tQu\u00e9 es lo que no conocemos (o no conocemos suficiente) para alcanzar la victoria. (44:30 min)<\/li>\n<li><a href=\"http:\/\/www.radiozapatista.org\/Audios\/coloquio0101_luisvilloro.mp3\">Ponencia de Luis Villoro<\/a>: \t\tFrente al sistema capitalista mundial, otra visi\u00f3n del mundo es posible. (26:44 min)<\/li>\n<li><a href=\"http:\/\/www.radiozapatista.org\/Audios\/coloquio0101_sergiorodriguez.mp3\">Ponencia de Sergio Rodriguez Lascano<\/a>: \t\treflexiones sobre el proyecto zapatista (31:30 min)<br \/>\nTexto basado en la ponencia:  \t\t<a href=\"http:\/\/detodos-paratodos.blogspot.com\/2010\/02\/feliz-cumpleanos-insurreccion-rojinegra.html\" target=\"_blank\"> Feliz cumplea\u00f1os insurrecci\u00f3n rojinegra zapatista<\/a><\/li>\n<li><a href=\"http:\/\/piezasdelrompecabezasdelaotra.org\/copia\/chiapas\/sira\/1enero\/05preguntas.mp3\">Preguntas<\/a><\/li>\n<li><a href=\"http:\/\/piezasdelrompecabezasdelaotra.org\/copia\/chiapas\/sira\/1enero\/06respuestas.mp3\">Respuestas<\/a><\/li>\n<\/ul>\n<p>2 de enero &#8211; ma\u00f1ana:<\/p>\n<ul>\n<li><a href=\"http:\/\/piezasdelrompecabezasdelaotra.org\/copia\/chiapas\/sira\/2enero\/01\/01silviamarcos.mp3\">Ponencia de Sylvia Marcos<\/a><\/li>\n<li><a href=\"http:\/\/piezasdelrompecabezasdelaotra.org\/copia\/chiapas\/sira\/2enero\/01\/02waltermignolo.mp3\">Ponencia de Walter Mignolo<\/a><\/li>\n<li><a href=\"http:\/\/piezasdelrompecabezasdelaotra.org\/copia\/chiapas\/sira\/2enero\/01\/03arturoanguiano.mp3\">Ponencia de Arturo Anguiano<\/a><\/li>\n<\/ul>\n<p>2 de enero &#8211; tarde:<\/p>\n<ul>\n<li><a href=\"http:\/\/piezasdelrompecabezasdelaotra.org\/copia\/chiapas\/sira\/2enero\/02\/01fernandanavarro.mp3\">Ponencia de Fernanda Navarro<\/a><\/li>\n<li><a href=\"http:\/\/piezasdelrompecabezasdelaotra.org\/copia\/chiapas\/sira\/2enero\/02\/02bennoglauser.mp3\">Ponencia de Benno Glauser<\/a><\/li>\n<li><a href=\"http:\/\/piezasdelrompecabezasdelaotra.org\/copia\/chiapas\/sira\/2enero\/02\/03davidbarkin.mp3\">Ponencia de David Barkin<\/a><\/li>\n<li><a href=\"http:\/\/piezasdelrompecabezasdelaotra.org\/copia\/chiapas\/sira\/2enero\/02\/04jeanrober.mp3\">Ponencia de Jean Robert<\/a><\/li>\n<li><a href=\"http:\/\/piezasdelrompecabezasdelaotra.org\/copia\/chiapas\/sira\/2enero\/02\/05preguntas.mp3\">Preguntas<\/a><\/li>\n<li><a href=\"http:\/\/piezasdelrompecabezasdelaotra.org\/copia\/chiapas\/sira\/2enero\/02\/06respuestabennoglauser.mp3\">Respuesta de Benno Glauser<\/a><\/li>\n<li><a href=\"http:\/\/piezasdelrompecabezasdelaotra.org\/copia\/chiapas\/sira\/2enero\/02\/07respuestafernandanavarro.mp3\">Respuesta de Fernanda Navarro<\/a><\/li>\n<li><a href=\"http:\/\/piezasdelrompecabezasdelaotra.org\/copia\/chiapas\/sira\/2enero\/02\/08respuestadavidbarkin.mp3\">Respuesta de David Barkin<\/a><\/li>\n<li><a href=\"http:\/\/piezasdelrompecabezasdelaotra.org\/copia\/chiapas\/sira\/2enero\/02\/09respuestajeanrober.mp3\">Respuesta de Jean Robert<\/a><\/li>\n<li><a href=\"http:\/\/piezasdelrompecabezasdelaotra.org\/copia\/chiapas\/sira\/2enero\/02\/10palabrasdejeromebaschet.mp3\">Palabras de agradecimiento &#8211; Jer\u00f4me Baschet<\/a><\/li>\n<\/ul>\n<p><\/p>","protected":false},"excerpt":{"rendered":"<p>30 de diciembre de 2009 a 2 de enero de 2010 Cideci-Unitierra, San Crist\u00f3bal de las Casas, Chiapas Fotorreportaje (Desinform\u00e9monos) Cobertura period\u00edstica de Hermann Bellinghausen AUDIOS 30 de diciembre: Bienvenida Ponencia de Mercedes Oliveira Ponencia de Gustavo Esteva Ponencia de Ger\u00f4me Baschet Sesi\u00f3n de preguntas 31 de diciembre &#8211; ma\u00f1ana: Ponencia de Paulina Fern\u00e1ndez Texto [&hellip;]<\/p>\n","protected":false},"author":1,"featured_media":0,"parent":29,"menu_order":0,"comment_status":"open","ping_status":"open","template":"","meta":{"footnotes":""},"class_list":["post-297","page","type-page","status-publish","hentry"],"_links":{"self":[{"href":"https:\/\/radiozapatista.org\/index.php?rest_route=\/wp\/v2\/pages\/297","targetHints":{"allow":["GET"]}}],"collection":[{"href":"https:\/\/radiozapatista.org\/index.php?rest_route=\/wp\/v2\/pages"}],"about":[{"href":"https:\/\/radiozapatista.org\/index.php?rest_route=\/wp\/v2\/types\/page"}],"author":[{"embeddable":true,"href":"https:\/\/radiozapatista.org\/index.php?rest_route=\/wp\/v2\/users\/1"}],"replies":[{"embeddable":true,"href":"https:\/\/radiozapatista.org\/index.php?rest_route=%2Fwp%2Fv2%2Fcomments&post=297"}],"version-history":[{"count":0,"href":"https:\/\/radiozapatista.org\/index.php?rest_route=\/wp\/v2\/pages\/297\/revisions"}],"up":[{"embeddable":true,"href":"https:\/\/radiozapatista.org\/index.php?rest_route=\/wp\/v2\/pages\/29"}],"wp:attachment":[{"href":"https:\/\/radiozapatista.org\/index.php?rest_route=%2Fwp%2Fv2%2Fmedia&parent=297"}],"curies":[{"name":"wp","href":"https:\/\/api.w.org\/{rel}","templated":true}]}}