{"id":26389,"date":"2018-04-15T20:18:48","date_gmt":"2018-04-16T01:18:48","guid":{"rendered":"https:\/\/radiozapatista.org\/?page_id=26389"},"modified":"2018-04-27T13:40:24","modified_gmt":"2018-04-27T18:40:24","slug":"conversatorio-miradas-escuchas-palabras-prohibido-pensar-2","status":"publish","type":"page","link":"https:\/\/radiozapatista.org\/?page_id=26389","title":{"rendered":"[:es]Conversatorio \u201cMiradas, escuchas, palabras: \u00bfprohibido pensar?\u201d[:]"},"content":{"rendered":"<p>[:es]<\/p>\n<p style=\"text-align: center;\"><a href=\"https:\/\/radiozapatista.org\/wp-content\/uploads\/2018\/04\/Miradas.jpg\"><img loading=\"lazy\" decoding=\"async\" class=\"aligncenter wp-image-26390\" src=\"https:\/\/radiozapatista.org\/wp-content\/uploads\/2018\/04\/Miradas.jpg\" alt=\"\" width=\"500\" height=\"773\" srcset=\"https:\/\/radiozapatista.org\/wp-content\/uploads\/2018\/04\/Miradas.jpg 621w, https:\/\/radiozapatista.org\/wp-content\/uploads\/2018\/04\/Miradas-194x300.jpg 194w\" sizes=\"auto, (max-width: 500px) 100vw, 500px\" \/><\/a><\/p>\n<p style=\"text-align: center;\"><a href=\"https:\/\/radiozapatista.org\/?p=26336\"><strong>Programa<\/strong><\/a><\/p>\n<hr \/>\n<h3 style=\"text-align: center;\">Concierto musiquero<\/h3>\n<p style=\"text-align: center;\"><a href=\"https:\/\/radiozapatista.org\/?p=26339\"><strong>Programa<\/strong><\/a> &#8211; 15 de abril de 2018<\/p>\n<p style=\"text-align: center;\"><strong><a href=\"https:\/\/radiozapatista.org\/?p=26393\">Sigan bailando porque la lucha sigue<\/a><\/strong> (registro fotogr\u00e1fico)<\/p>\n<p style=\"text-align: center;\"><a href=\"https:\/\/www.facebook.com\/EnlaceZap\/videos\/2329700377058791\/\"><strong>Mensaje del EZLN a las Redes de Apoyo del CIG en M\u00e9xico y el mundo<\/strong><\/a> (video)<\/p>\n<p style=\"text-align: center;\">\n<hr \/>\n<h4 id=\"post-26509\" class=\"post-title \" style=\"text-align: center;\"><a title=\"Permanent Link: Exposici\u00f3n \u201cIm\u00e1genes de la esperanza: El arte del cartel en la campa\u00f1a de Marichuy\u201d\" href=\"https:\/\/radiozapatista.org\/?p=26509\" rel=\"bookmark\">Exposici\u00f3n \u201cIm\u00e1genes de la esperanza:<br \/>\nEl arte del cartel en la campa\u00f1a de Marichuy\u201d<br \/>\n<\/a><\/h4>\n<p id=\"post-26738\" class=\"post-title \" style=\"text-align: center;\"><strong><a title=\"Permanent Link: Exposici\u00f3n \u201cAusencias y presencias : Mujeres desaparecidas, mujeres en dignidad rebelde\u201d \u2013 fotograf\u00edas de Maya Goded y Graciela Iturbide\" href=\"https:\/\/radiozapatista.org\/?p=26738\" rel=\"bookmark\">Exposici\u00f3n \u201cAusencias y presencias:<br \/>\nMujeres desaparecidas, mujeres en dignidad rebelde\u201d<\/a><\/strong><\/p>\n<hr \/>\n<h3 style=\"text-align: center;\">Cobertura del Conversatorio<\/h3>\n<p style=\"text-align: center;\"><a href=\"https:\/\/radiozapatista.org\/?p=26428\"><strong>\u00bfCumplimos o no cumplimos?<br \/>\nD\u00eda 2 &#8211; Lunes 16 de abril<\/strong><\/a><\/p>\n<p style=\"text-align: center;\">Subcomandante Insurgente Galeano<br \/>\nMarichuy Patricio Mart\u00ednez<br \/>\nMercedes Olivera<br \/>\nM\u00e1rgara Mill\u00e1n<br \/>\nSylvia Marcos<\/p>\n<p style=\"text-align: center;\"><a href=\"https:\/\/radiozapatista.org\/?p=26477\"><strong>\u00bfRevoluci\u00f3n? \u00bfReforma? \u00bfLucha por la vida?<br \/>\nD\u00eda 3 &#8211; Martes 17 abril<\/strong><\/a><\/p>\n<p style=\"text-align: center;\">Subcomandante Insurgente Galeano<br \/>\nCarlos Aguirre Rojas<br \/>\nAlicia Castellanos<br \/>\nGilberto L\u00f3pez y Rivas<br \/>\nAlejandro Grimson<\/p>\n<p style=\"text-align: center;\"><a href=\"https:\/\/radiozapatista.org\/?p=26621\"><strong>\u00bfY la posibilidad de que ganemos es casi nula?<br \/>\nD\u00eda 4 &#8211; Mi\u00e9rcoles 18 abril<\/strong><\/a><\/p>\n<p style=\"text-align: center;\">Cine y documental:<br \/>\n<em>Tob\u00edas<\/em>. Dirige Francisca Dacosta, con presentaci\u00f3n de la directora<br \/>\n<em>Somos Lengua<\/em>. Dirige Kyzza Terrazas, con presentaci\u00f3n del director<br \/>\n<em>La libertad de diablo<\/em>. Dirige Everardo Gonz\u00e1lez<br \/>\nPalabras:<br \/>\nSubcomandante Insurgente Galeano y Defensa Zapatista<br \/>\nJuan Villoro<br \/>\nPaul Theroux<\/p>\n<p style=\"text-align: center;\"><a href=\"https:\/\/radiozapatista.org\/?p=26651\"><strong>\u00bfY entonces, qui\u00e9nes?<br \/>\nD\u00eda 5 &#8211; Jueves 19 abril<\/strong><\/a><\/p>\n<p style=\"text-align: center;\">Marichuy (denuncia del CIG)<br \/>\nFernanda Navarro<br \/>\nLupita V\u00e1zquez Luna<br \/>\nErika B\u00e1rcena Ar\u00e9valo<br \/>\nJaime Mart\u00ednez Luna<br \/>\nCarlos L\u00f3pez Beltr\u00e1n<br \/>\nSubcomandante Insurgente Galeano<\/p>\n<p style=\"text-align: center;\"><a href=\"https:\/\/radiozapatista.org\/?p=26714\"><strong>\u00bfJuntxs ante el colapso?<br \/>\nD\u00eda 6 &#8211; Viernes 20 abril<\/strong><\/a><\/p>\n<p style=\"text-align: center;\">Jorge Alonso<br \/>\nCristina Rivera Garza<br \/>\nCarlos Mendoza<br \/>\nJacobo Day\u00e1n<br \/>\nM\u00f3nica Meltis<br \/>\nIrene Tello Arista<br \/>\nSubcomandante Insurgente Galeano<\/p>\n<p style=\"text-align: center;\"><a href=\"https:\/\/radiozapatista.org\/?p=26778\"><strong>\u00bfY c\u00f3mo hablamos la verdad?<br \/>\nD\u00eda 7 &#8211; S\u00e1bado 21 abril<\/strong><\/a><\/p>\n<p style=\"text-align: center;\"><em>Ma\u00f1ana:<\/em><br \/>\nSubcomandante Insurgente Galeano<br \/>\nDaniela Rea<br \/>\nMarcela Turati<br \/>\nJavier Risco<br \/>\nEmilio Lezama<br \/>\nLuis Hern\u00e1ndez Navarro<\/p>\n<p style=\"text-align: center;\"><em>Tarde:<\/em><br \/>\nMarichuy Patricio Mart\u00ednez<br \/>\nCarlos Gonz\u00e1lez<br \/>\nComandante Pablo Gonz\u00e1lez Casanova<br \/>\nMardonio Carvallo<br \/>\nJuan Carlos Rulfo<br \/>\nJuan Villoro<br \/>\nSubcomandante Mois\u00e9s<br \/>\nComandante Tacho<\/p>\n<p style=\"text-align: center;\"><a href=\"https:\/\/radiozapatista.org\/?p=26851\"><strong>\u00bfEscucharnos para sentirnos?<br \/>\nD\u00eda 8 &#8211; Domingo 22 abril<\/strong><\/a><\/p>\n<p style=\"text-align: center;\"><em>Ma\u00f1ana:<\/em><strong><br \/>\n<\/strong>Bertha Navarro<br \/>\nXimena Antill\u00f3n, Mariana Mora y Edith Escare\u00f1o<br \/>\nMauricio Gonz\u00e1lez Gonz\u00e1lez<br \/>\nJohn Gibler<br \/>\nSubcomandante Insurgente Galeano<\/p>\n<p style=\"text-align: center;\"><em>Tarde:<br \/>\n<\/em>Juan Carlos Rulfo<br \/>\nAbraham Cruzvillegas y Gabriela J\u00e1uregui<br \/>\nEnrique Serna<br \/>\nJuan Villoro<br \/>\nSubcomandante Insurgente Galeano<\/p>\n<p style=\"text-align: center;\"><a href=\"https:\/\/radiozapatista.org\/?p=26916\"><strong>\u00bfHeredar el deber y la memoria?<br \/>\nD\u00eda 9 &#8211; Lunes 23 abril<\/strong><\/a><\/p>\n<p style=\"text-align: center;\">B\u00e1rbara Zamora<br \/>\nSergio Rodr\u00edguez Lascano<br \/>\nMagda G\u00f3mez<br \/>\nRafael Casta\u00f1eda<br \/>\nSubcomandante Insurgente Galeano<\/p>\n<p style=\"text-align: center;\"><a href=\"https:\/\/radiozapatista.org\/?p=26960\"><strong>\u00bfUn nosotros sin M\u00e9xico?<br \/>\nD\u00eda 10 &#8211; Martes 24 abril<\/strong><\/a><\/p>\n<p style=\"text-align: center;\">Natalia Berist\u00e1in<br \/>\nN\u00e9stor Qui\u00f1ones<br \/>\nDaniel Gim\u00e9nez Cacho<br \/>\nY\u00e1snaya Aguilar Gil<br \/>\nSubcomandante Insurgente Galeano<\/p>\n<p style=\"text-align: center;\"><a href=\"https:\/\/radiozapatista.org\/?p=27019\"><strong>El coraz\u00f3n est\u00e1 listo<br \/>\nD\u00eda 11 &#8211; Mi\u00e9rcoles 25 abril<\/strong><\/a><\/p>\n<p style=\"text-align: center;\">Red de Apoyo al CIG-Vocera \/ Colectivo Chiapas<br \/>\nRed de Apoyo al CIG-Vocera \/ Colectivos Mesa de Bellas Artes<br \/>\nRa\u00fal Romero<br \/>\nPablo Gonz\u00e1lez Casanova<br \/>\nSubcomandante Insurgente Mois\u00e9s<br \/>\nSubcomandante Insurgente Galeano<\/p>\n<hr \/>\n<h3 style=\"text-align: center;\">Comunicados del EZLN<\/h3>\n<p style=\"text-align: center;\"><strong><a href=\"https:\/\/radiozapatista.org\/?p=26339\">La Comisi\u00f3n Sexta del Ej\u00e9rcito Zapatista de Liberaci\u00f3n Nacional convoca al CONVERSATORIO (o semillero, seg\u00fan): \u201cMiradas, Escuchas y Palabras: \u00bfProhibido Pensar?\u201d<\/a><\/strong><br \/>\nSubcomandante Insurgente Galeano (Marzo de 2018)<\/p>\n<p style=\"text-align: center;\"><a href=\"https:\/\/radiozapatista.org\/?p=26336\"><strong>Programa del Conversatorio \u201cMiradas, escuchas, palabras: \u00bfprohibido pensar?\u201d<\/strong><\/a><br \/>\nEquipo de apoyo (Abril de 2018)<\/p>\n<p style=\"text-align: center;\"><strong><a href=\"https:\/\/radiozapatista.org\/?p=26339\">Programa del Concierto Musiquero del domingo 15 de abril<\/a><\/strong><br \/>\nSubcomandante Insurgente Galeano (Abril de 2018)<\/p>\n<p style=\"text-align: center;\"><a href=\"http:\/\/enlacezapatista.ezln.org.mx\/2018\/04\/16\/mensaje-del-ezln-a-las-redes-de-apoyo-del-cig-en-mexico-y-el-mundo\/\" target=\"_blank\" rel=\"noopener\"><strong>Mensaje del EZLN a las\u00a0Redes de Apoyo del CIG en M\u00e9xico y el mundo<\/strong><\/a><\/p>\n<p>&nbsp;[:]<\/p>\n","protected":false},"excerpt":{"rendered":"<p>[:es] Programa Concierto musiquero Programa &#8211; 15 de abril de 2018 Sigan bailando porque la lucha sigue (registro fotogr\u00e1fico) Mensaje del EZLN a las Redes de Apoyo del CIG en M\u00e9xico y el mundo (video) Exposici\u00f3n \u201cIm\u00e1genes de la esperanza: El arte del cartel en la campa\u00f1a de Marichuy\u201d Exposici\u00f3n \u201cAusencias y presencias: Mujeres desaparecidas, [&hellip;]<\/p>\n","protected":false},"author":1,"featured_media":0,"parent":0,"menu_order":0,"comment_status":"closed","ping_status":"closed","template":"","meta":{"footnotes":""},"class_list":["post-26389","page","type-page","status-publish","hentry"],"_links":{"self":[{"href":"https:\/\/radiozapatista.org\/index.php?rest_route=\/wp\/v2\/pages\/26389","targetHints":{"allow":["GET"]}}],"collection":[{"href":"https:\/\/radiozapatista.org\/index.php?rest_route=\/wp\/v2\/pages"}],"about":[{"href":"https:\/\/radiozapatista.org\/index.php?rest_route=\/wp\/v2\/types\/page"}],"author":[{"embeddable":true,"href":"https:\/\/radiozapatista.org\/index.php?rest_route=\/wp\/v2\/users\/1"}],"replies":[{"embeddable":true,"href":"https:\/\/radiozapatista.org\/index.php?rest_route=%2Fwp%2Fv2%2Fcomments&post=26389"}],"version-history":[{"count":0,"href":"https:\/\/radiozapatista.org\/index.php?rest_route=\/wp\/v2\/pages\/26389\/revisions"}],"wp:attachment":[{"href":"https:\/\/radiozapatista.org\/index.php?rest_route=%2Fwp%2Fv2%2Fmedia&parent=26389"}],"curies":[{"name":"wp","href":"https:\/\/api.w.org\/{rel}","templated":true}]}}