{"id":26142,"date":"2018-03-16T07:54:15","date_gmt":"2018-03-16T13:54:15","guid":{"rendered":"https:\/\/radiozapatista.org\/?page_id=26142"},"modified":"2018-03-26T12:25:20","modified_gmt":"2018-03-26T18:25:20","slug":"encuentro-internacional-politico-artistico-deportivo-y-cultural-de-mujeres-que-luchan","status":"publish","type":"page","link":"https:\/\/radiozapatista.org\/?page_id=26142","title":{"rendered":"Encuentro Internacional Pol\u00edtico, Art\u00edstico, Deportivo y Cultural de Mujeres que Luchan"},"content":{"rendered":"<p><\/p>\n<h4 style=\"text-align: center;\">Caracol de Morelia<br \/>\nZona Tzotz Choj, Chiapas<br \/>\n8 a 10 de marzo de 2018<\/h4>\n<p><a href=\"https:\/\/radiozapatista.org\/wp-content\/uploads\/2018\/03\/3-encuentro_rz_8.jpeg\"><img decoding=\"async\" class=\"aligncenter wp-image-26098 size-large\" src=\"https:\/\/radiozapatista.org\/wp-content\/uploads\/2018\/03\/3-encuentro_rz_8-1024x768.jpeg\" alt=\"\" width=\"1024\" srcset=\"https:\/\/radiozapatista.org\/wp-content\/uploads\/2018\/03\/3-encuentro_rz_8-1024x768.jpeg 1024w, https:\/\/radiozapatista.org\/wp-content\/uploads\/2018\/03\/3-encuentro_rz_8-350x263.jpeg 350w, https:\/\/radiozapatista.org\/wp-content\/uploads\/2018\/03\/3-encuentro_rz_8-768x576.jpeg 768w, https:\/\/radiozapatista.org\/wp-content\/uploads\/2018\/03\/3-encuentro_rz_8.jpeg 1070w\" sizes=\"(max-width: 1024px) 100vw, 1024px\" \/><\/a><\/p>\n<hr \/>\n<p>&nbsp;<\/p>\n<p align=\"center\"><b><a href=\"https:\/\/radiozapatista.org\/?p=26240\" rel=\"noopener\">Un bordado de lo que somos, hacemos y por qu\u00e9 luchamos<\/a><\/b><br \/>\n<em>Cobertura Colaborativa de Radio Zapatista, Subversiones y La Tinta<\/em><br \/>\nDialogamos con algunas mujeres que asistieron al Primer Encuentro Internacional, Pol\u00edtico, Art\u00edstico, Deportivo y Cultural de Mujeres que Luchan que se realiz\u00f3 en Morelia, Chiapas, M\u00e9xico entre el 8 y 10 de marzo del presente a\u00f1o. Mujeres provenientes de diversas luchas a las que les preguntamos: \u00bfqui\u00e9nes somos?, \u00bfqu\u00e9 nos convoc\u00f3 a estar aqu\u00ed?, \u00bfpor qu\u00e9 luchamos las mujeres?, \u00bfc\u00f3mo te sentiste en el encuentro? Aqu\u00ed recogemos esas m\u00faltiples voces en un collage que entrelaza los sentires de \u201cun chingo\u201d de mujeres. Mujeres que se nombran, que luchan y que resisten sin miedo.<\/p>\n<p align=\"center\"><b><a href=\"https:\/\/radiozapatista.org\/?p=26158\" rel=\"noopener\">Ven, m\u00edrale, organ\u00edzate, resiste<\/a><\/b><br \/>\n<em>Cobertura Colaborativa porRadio Zapatista, Subversiones y La Tinta<\/em><br \/>\nFotorreportaje<\/p>\n<p align=\"center\"><b><a href=\"https:\/\/radiozapatista.org\/?p=26066\" rel=\"noopener\">Una constelaci\u00f3n de luchas en tierras zapatistas<\/a><\/b><br \/>\n<em>Cobertura Colaborativa porRadio Zapatista, Subversiones y La Tinta<\/em><br \/>\nCr\u00f3nica y reflexiones tras el \u201cPrimer Encuentro Internacional, Pol\u00edtico, Art\u00edstico, Deportivo y Cultural de Mujeres que luchan\u201d.<\/p>\n<p align=\"center\"><a href=\"https:\/\/radiozapatista.org\/?p=25975\"><strong>Convocadas por el zapatismo, miles se encuentran en Chiapas como mujeres que luchan<\/strong><\/a><br \/>\n<em>Radio Zapatista<\/em><br \/>\nReflexiones al inicio del Primer Encuentro Internacional, Pol\u00edtico, Art\u00edstico, Deportivo y Cultural de Mujeres que Luchan<\/p>\n<p>&nbsp;<\/p>\n<hr \/>\n<p>&nbsp;<\/p>\n<h3 align=\"center\">Palabras zapatistas<\/h3>\n<p align=\"center\"><a href=\"https:\/\/radiozapatista.org\/?p=25987\"><strong>Palabras de inaurugaci\u00f3n de las mujeres zapatistas<\/strong> <\/a><\/p>\n<p align=\"center\"><a href=\"https:\/\/radiozapatista.org\/?p=26021\"><strong>Palabras de las mujeres zapatistas en la clausura<\/strong><\/a><\/p>\n<p>&nbsp;<\/p>","protected":false},"excerpt":{"rendered":"<p>Caracol de Morelia Zona Tzotz Choj, Chiapas 8 a 10 de marzo de 2018 &nbsp; Un bordado de lo que somos, hacemos y por qu\u00e9 luchamos Cobertura Colaborativa de Radio Zapatista, Subversiones y La Tinta Dialogamos con algunas mujeres que asistieron al Primer Encuentro Internacional, Pol\u00edtico, Art\u00edstico, Deportivo y Cultural de Mujeres que Luchan que [&hellip;]<\/p>\n","protected":false},"author":1,"featured_media":0,"parent":0,"menu_order":0,"comment_status":"closed","ping_status":"closed","template":"","meta":{"footnotes":""},"class_list":["post-26142","page","type-page","status-publish","hentry"],"_links":{"self":[{"href":"https:\/\/radiozapatista.org\/index.php?rest_route=\/wp\/v2\/pages\/26142","targetHints":{"allow":["GET"]}}],"collection":[{"href":"https:\/\/radiozapatista.org\/index.php?rest_route=\/wp\/v2\/pages"}],"about":[{"href":"https:\/\/radiozapatista.org\/index.php?rest_route=\/wp\/v2\/types\/page"}],"author":[{"embeddable":true,"href":"https:\/\/radiozapatista.org\/index.php?rest_route=\/wp\/v2\/users\/1"}],"replies":[{"embeddable":true,"href":"https:\/\/radiozapatista.org\/index.php?rest_route=%2Fwp%2Fv2%2Fcomments&post=26142"}],"version-history":[{"count":0,"href":"https:\/\/radiozapatista.org\/index.php?rest_route=\/wp\/v2\/pages\/26142\/revisions"}],"wp:attachment":[{"href":"https:\/\/radiozapatista.org\/index.php?rest_route=%2Fwp%2Fv2%2Fmedia&parent=26142"}],"curies":[{"name":"wp","href":"https:\/\/api.w.org\/{rel}","templated":true}]}}