{"id":24,"date":"2010-09-02T18:33:49","date_gmt":"2010-09-02T18:33:49","guid":{"rendered":"https:\/\/radiozapatista.org\/wp\/?page_id=24"},"modified":"2026-04-15T09:13:46","modified_gmt":"2026-04-15T15:13:46","slug":"medios-alternativos","status":"publish","type":"page","link":"https:\/\/radiozapatista.org\/?page_id=24","title":{"rendered":"[:es]Medios libres, alternativos, aut\u00f3nomos o como se llamen[:en]Free, Alternative, Autonomous Media or whatever they&#8217;re called[:]"},"content":{"rendered":"<p>&nbsp;<\/p>\n<h4 style=\"text-align: center;\"><a href=\"https:\/\/radiozapatista.org\/wp-content\/uploads\/2010\/09\/medioslibres.jpg\"><img loading=\"lazy\" decoding=\"async\" class=\"aligncenter size-medium wp-image-23621\" src=\"https:\/\/radiozapatista.org\/wp-content\/uploads\/2010\/09\/medioslibres-286x300.jpg\" alt=\"medioslibres\" width=\"286\" height=\"300\" srcset=\"https:\/\/radiozapatista.org\/wp-content\/uploads\/2010\/09\/medioslibres-286x300.jpg 286w, https:\/\/radiozapatista.org\/wp-content\/uploads\/2010\/09\/medioslibres.jpg 794w\" sizes=\"auto, (max-width: 286px) 100vw, 286px\" \/><\/a><\/h4>\n<h4>M\u00e9xico<\/h4>\n<ul>\n<li><b><a href=\"http:\/\/enlacezapatista.ezln.org.mx\/\" target=\"_blank\" rel=\"noopener\">Enlace Zapatista<\/a><\/b><\/li>\n<li><a href=\"http:\/\/www.pozol.espora.org\/\" target=\"_blank\" rel=\"noopener\">Radio Pozol<\/a><\/li>\n<li><a href=\"https:\/\/compasarriba.org\/\" target=\"_blank\" rel=\"noopener\">Compas Arriba<\/a><\/li>\n<li><a href=\"https:\/\/radiozapatista.org\">Radio Zapatista<\/a><\/li>\n<li><a href=\"https:\/\/lainsurgente.org\/\" target=\"_blank\" rel=\"noopener\">Colectivo La Insurgente<\/a><\/li>\n<li><a href=\"http:\/\/www.frayba.org.mx\/index.php\" target=\"_blank\" rel=\"noopener\">FrayBa &#8211; Centro de Derechos Humanos Fray Bartolom\u00e9 de las Casas<\/a><\/li>\n<li><a href=\"http:\/\/www.grieta.org.mx\/\" target=\"_blank\" rel=\"noopener\">Grieta &#8211; Medio para Armar<\/a><\/li>\n<li><a href=\"http:\/\/www.regeneracionradio.org\/\" target=\"_blank\" rel=\"noopener\">Regeneraci\u00f3n Radio<\/a><\/li>\n<li><a href=\"http:\/\/avispa.org\/\" target=\"_blank\" rel=\"noopener\">Avispa M\u00eddia<\/a><\/li>\n<li><a href=\"http:\/\/kehuelga.net\/\" target=\"_blank\" rel=\"noopener\">KeHuelga Radio<\/a><\/li>\n<li><a href=\"https:\/\/noticiasdeabajoml.wordpress.com\/\" target=\"_blank\" rel=\"noopener\">Noticias de Abajo ML<\/a><\/li>\n<li><a href=\"https:\/\/hijosdelatierra.espora.org\/\" target=\"_blank\" rel=\"noopener\">Hijos de la Tierra<\/a><\/li>\n<li><a href=\"https:\/\/www.somoselmedio.com\/\" target=\"_blank\" rel=\"noopener\">Somos el Medio<\/a><\/li>\n<li><a href=\"https:\/\/periodismodeloposible.com\/\" target=\"_blank\" rel=\"noopener\">Periodismo desde lo posible<\/a><\/li>\n<li><a href=\"https:\/\/cuidados.yanapak.abyaya.la\/\" target=\"_blank\" rel=\"noopener\">Cuidados &#8211; Laboratorio Popular de Medios Libres<\/a><\/li>\n<li><a href=\"http:\/\/www.radiozapote.org\/\" target=\"_blank\" rel=\"noopener\">Radio Zapote<\/a><\/li>\n<li><a href=\"http:\/\/zapateando.wordpress.com\/\" target=\"_blank\" rel=\"noopener\">Zapateando<\/a><\/li>\n<li><a href=\"https:\/\/radiocosmicalibre.org\/\" target=\"_blank\" rel=\"noopener\">Radio C\u00f3smica Libre<\/a><\/li>\n<li><a href=\"https:\/\/www.rompeviento.tv\/\" target=\"_blank\" rel=\"noopener\">Rompeviento TV<\/a><\/li>\n<li><a href=\"https:\/\/www.sipaz.org\/\" target=\"_blank\" rel=\"noopener\">Sipaz &#8211; Servicio Internacional para la Paz<\/a><\/li>\n<\/ul>\n<h4>Mundo<\/h4>\n<ul>\n<li><a href=\"http:\/\/www.rebelion.org\/\" target=\"_blank\" rel=\"noopener\">Rebeli\u00f3n<\/a><\/li>\n<li><a href=\"http:\/\/kaosenlared.net\/\" target=\"_blank\" rel=\"noopener\">Kaos en la Red<\/a><\/li>\n<li><a href=\"http:\/\/www.resumenlatinoamericano.org\/\" target=\"_blank\" rel=\"noopener\">Resumen Latinoamericano<\/a> (Am\u00e9rica Latina)<\/li>\n<li><a href=\"https:\/\/redlatinasinfronteras.blogspot.mx\/\" target=\"_blank\" rel=\"noopener\">Red Latina sin Fronteras<\/a> (Am\u00e9rica Latina)<\/li>\n<li><a href=\"http:\/\/alainet.org\/\" target=\"_blank\" rel=\"noopener\">ALAINET &#8211; Am\u00e9rica Latina en Movimiento<\/a> (Am\u00e9rica Latina)<\/li>\n<li><a href=\"http:\/\/www.biodiversidadla.org\/\" target=\"_blank\" rel=\"noopener\">Biodiversidad en Am\u00e9rica Latina y el Caribe<\/a> (Am\u00e9rica Latina)<\/li>\n<li><a href=\"http:\/\/www.prensacomunitaria.org\/\" target=\"_blank\" rel=\"noopener\">Prensa Comunitaria<\/a> (Guatemala)<\/li>\n<li><a href=\"http:\/\/noticiascomunicarte.blogspot.mx\/\" target=\"_blank\" rel=\"noopener\">COMUNICARTE<\/a> (Guatemala)<\/li>\n<li><a href=\"https:\/\/www.fger.org\/\" target=\"_blank\" rel=\"noopener\">Federaci\u00f3n Guatemalteca de Escuelas Radiof\u00f3nicas<\/a> (Guatemala)<\/li>\n<li><a href=\"https:\/\/festivalesgt.medium.com\/\" target=\"_blank\" rel=\"noopener\">Festivales Media<\/a> (Guatemala)<\/li>\n<li><a href=\"https:\/\/copinh.org\/\" target=\"_blank\" rel=\"noopener\">Consejo C\u00edvico de Organizaciones Populares e Ind\u00edgenas de Honduras &#8211; COPINH <\/a> (Honduras)<\/li>\n<li><a href=\"https:\/\/losmuros.org\/\" target=\"_blank\" rel=\"noopener\">Los Muros<\/a> (Bolivia)<\/li>\n<li><a href=\"https:\/\/chaskiclandestino.wordpress.com\/\" target=\"_blank\" rel=\"noopener\">Chaski Clandestino<\/a> (Bolivia)<\/li>\n<li><a href=\"http:\/\/pueblosencamino.org\/\" target=\"_blank\" rel=\"noopener\">Pueblos en Camino<\/a> (Colombia)<\/li>\n<li><a href=\"http:\/\/elturbion.com\/\" target=\"_blank\" rel=\"noopener\">El Turbi\u00f3n<\/a> (Colombia)<\/li>\n<li><a href=\"http:\/\/www.colombiainforma.info\/\" target=\"_blank\" rel=\"noopener\">Colombia Informa<\/a> (Colombia)<\/li>\n<li><a href=\"https:\/\/voz.confeniae.net\/\" target=\"_blank\" rel=\"noopener\">Voz de la Cofeniae<\/a> (Ecuador)<\/li>\n<li><a href=\"http:\/\/utopia-e-luta.blogspot.com\/\" target=\"_blank\" rel=\"noopener\">Utopia e Luta<\/a> (Brasil)<\/li>\n<li><a href=\"https:\/\/daslutas.wordpress.com\/\" target=\"_blank\" rel=\"noopener\">Das Lutas<\/a> (Brasil)<\/li>\n<li><a href=\"https:\/\/quilomboinvisivel.com\/\" target=\"_blank\" rel=\"noopener\">Quilombo Invis\u00edvel<\/a> (Brasil)<\/li>\n<li><a href=\"https:\/\/midianinja.org\/\" target=\"_blank\" rel=\"noopener\">M\u00eddia Ninja<\/a> (Brasil)<\/li>\n<li><a href=\"https:\/\/teiadospovos.org\/\" target=\"_blank\" rel=\"noopener\">Teia dos Povos<\/a> (Brasil)<\/li>\n<li><a href=\"https:\/\/latinta.com.ar\/\" target=\"_blank\" rel=\"noopener\">La Tinta<\/a> (Argentina)<\/li>\n<li><a href=\"https:\/\/contrahegemoniaweb.com.ar\/\" target=\"_blank\" rel=\"noopener\">Contrahegemon\u00edaweb<\/a> (Argentina)<\/li>\n<li><a href=\"https:\/\/comunizar.com.ar\/\" target=\"_blank\" rel=\"noopener\">Comunizar<\/a> (Argentina)<\/li>\n<li><a href=\"http:\/\/www.agoratv.org\/\" target=\"_blank\" rel=\"noopener\">\u00c1gora TV<\/a> (Argentina)<\/li>\n<li><a href=\"http:\/\/www.fmlatribu.com\/\" target=\"_blank\" rel=\"noopener\">La Tribu<\/a> (Argentina)<\/li>\n<li><a href=\"http:\/\/radiokurruf.org\/\" target=\"_blank\" rel=\"noopener\">Radio Kurruf<\/a> (Wallmapu | Pueblo Mapuche)<\/li>\n<li><a href=\"https:\/\/lazarzamora.cl\/\" target=\"_blank\" rel=\"noopener\">La Zarzamora<\/a> (Chile)<\/li>\n<li><a href=\"http:\/\/www.radiotemblor.org\/\" target=\"_blank\" rel=\"noopener\">Radio Temblor<\/a> (Panam\u00e1)<\/li>\n<li><a href=\"http:\/\/www.prisonradio.org\/\" target=\"_blank\" rel=\"noopener\">Mumia Abu Jamal Prison Radio<\/a> (USA)<\/li>\n<li><a href=\"http:\/\/voicesinmovement.org\/\" target=\"_blank\" rel=\"noopener\">Voices in Movement<\/a> (USA)<\/li>\n<li><a href=\"http:\/\/www.democracynow.org\/\" target=\"_blank\" rel=\"noopener\">Democracy Now!<\/a> (USA)<\/li>\n<li><a href=\"http:\/\/theyesmen.org\/\" target=\"_blank\" rel=\"noopener\">The Yes Men<\/a> \/ <a href=\"http:\/\/yeslab.org\/\" target=\"_blank\" rel=\"noopener\">The Yes Lab<\/a> (USA)<\/li>\n<li><a href=\"http:\/\/upsidedownworld.org\/main\/\" target=\"_blank\" rel=\"noopener\">Upside Down World<\/a> (USA)<\/li>\n<li><a href=\"http:\/\/www.leftturn.org\/\" target=\"_blank\" rel=\"noopener\">Left Turn Magazine<\/a> (USA)<\/li>\n<li><a href=\"https:\/\/roarmag.org\/\">Roar Magazine<\/a> (USA)<\/li>\n<li><a href=\"https:\/\/popularresistance.org\/\" target=\"_blank\" rel=\"noopener\">Popular Resistance<\/a> (USA)<\/li>\n<li><a href=\"http:\/\/ww4report.com\/\" target=\"_blank\" rel=\"noopener\">World War 4 Report<\/a> (USA)<\/li>\n<li><a href=\"https:\/\/nacla.org\/\" target=\"_blank\" rel=\"noopener\">NACLA (North American Congress on Latin America)<\/a> (USA)<\/li>\n<li><a href=\"https:\/\/thefreethoughtproject.com\/\" target=\"_blank\" rel=\"noopener\">The Free Thought Project<\/a> (USA)<\/li>\n<li><a href=\"http:\/\/www.europazapatista.org\/\" target=\"_blank\" rel=\"noopener\">Europa Zapatista<\/a> (Europa)<\/li>\n<li><a href=\"https:\/\/www.ya-basta-netz.org\/\" target=\"_blank\" rel=\"noopener\">Ya Basta Netz<\/a> (Alemania)<\/li>\n<li><a href=\"https:\/\/radioalmaina.org\/\" target=\"_blank\" rel=\"noopener\">Radio Almaina<\/a> (Estado Espa\u00f1ol)<\/li>\n<li><a href=\"https:\/\/ruidofeministaradio.org\/\" target=\"_blank\" rel=\"noopener\">Ruido Feminista<\/a> (Estado Espa\u00f1ol)<\/li>\n<li><a href=\"http:\/\/www.cgtchiapas.org\/\" target=\"_blank\" rel=\"noopener\">CGT Chiapas<\/a> (Estado Espa\u00f1ol)<\/li>\n<li><a href=\"http:\/\/www.lahaine.org\/\" target=\"_blank\" rel=\"noopener\">La Haine<\/a> (Estado Espa\u00f1ol)<\/li>\n<li><a href=\"http:\/\/kurdistanamericalatina.org\/\" target=\"_blank\" rel=\"noopener\">Kurdistan Latin America<\/a> (Kurdist\u00e1n)<\/li>\n<li><a href=\"https:\/\/rojavaazadimadrid.wordpress.com\/\" target=\"_blank\" rel=\"noopener\">Rojava Azad\u00ee<\/a> (Kurdist\u00e1n)<\/li>\n<li><a href=\"https:\/\/www.wikileaks.org\/\" target=\"_blank\" rel=\"noopener\">Wikileaks<\/a><\/li>\n<\/ul>\n<p>&nbsp;<\/p>\n<div id=\"_mcePaste\" style=\"position: absolute; left: -10000px; top: 0px; width: 1px; height: 1px; overflow: hidden;\"><a href=\"http:\/\/www.megafono.lunasexta.org\/\" target=\"_blank\" rel=\"noopener\">Centro de Medios Libres del DF<\/a><\/div>\n","protected":false},"excerpt":{"rendered":"<p>&nbsp; M\u00e9xico Enlace Zapatista Radio Pozol Compas Arriba Radio Zapatista Colectivo La Insurgente FrayBa &#8211; Centro de Derechos Humanos Fray Bartolom\u00e9 de las Casas Grieta &#8211; Medio para Armar Regeneraci\u00f3n Radio Avispa M\u00eddia KeHuelga Radio Noticias de Abajo ML Hijos de la Tierra Somos el Medio Periodismo desde lo posible Cuidados &#8211; Laboratorio Popular de [&hellip;]<\/p>\n","protected":false},"author":1,"featured_media":0,"parent":10,"menu_order":6,"comment_status":"open","ping_status":"open","template":"","meta":{"footnotes":""},"class_list":["post-24","page","type-page","status-publish","hentry"],"_links":{"self":[{"href":"https:\/\/radiozapatista.org\/index.php?rest_route=\/wp\/v2\/pages\/24","targetHints":{"allow":["GET"]}}],"collection":[{"href":"https:\/\/radiozapatista.org\/index.php?rest_route=\/wp\/v2\/pages"}],"about":[{"href":"https:\/\/radiozapatista.org\/index.php?rest_route=\/wp\/v2\/types\/page"}],"author":[{"embeddable":true,"href":"https:\/\/radiozapatista.org\/index.php?rest_route=\/wp\/v2\/users\/1"}],"replies":[{"embeddable":true,"href":"https:\/\/radiozapatista.org\/index.php?rest_route=%2Fwp%2Fv2%2Fcomments&post=24"}],"version-history":[{"count":40,"href":"https:\/\/radiozapatista.org\/index.php?rest_route=\/wp\/v2\/pages\/24\/revisions"}],"predecessor-version":[{"id":54094,"href":"https:\/\/radiozapatista.org\/index.php?rest_route=\/wp\/v2\/pages\/24\/revisions\/54094"}],"up":[{"embeddable":true,"href":"https:\/\/radiozapatista.org\/index.php?rest_route=\/wp\/v2\/pages\/10"}],"wp:attachment":[{"href":"https:\/\/radiozapatista.org\/index.php?rest_route=%2Fwp%2Fv2%2Fmedia&parent=24"}],"curies":[{"name":"wp","href":"https:\/\/api.w.org\/{rel}","templated":true}]}}