{"id":23178,"date":"2017-10-07T19:39:39","date_gmt":"2017-10-08T00:39:39","guid":{"rendered":"https:\/\/radiozapatista.org\/?page_id=23178"},"modified":"2018-01-10T12:28:06","modified_gmt":"2018-01-10T18:28:06","slug":"concejo-indigena-de-gobierno","status":"publish","type":"page","link":"https:\/\/radiozapatista.org\/?page_id=23178","title":{"rendered":"Gira del Concejo Ind\u00edgena de Gobierno en territorio zapatista"},"content":{"rendered":"<p><\/p>\n<p style=\"text-align: center;\"><a href=\"https:\/\/radiozapatista.org\/wp-content\/uploads\/2017\/09\/cig.jpg\"><img loading=\"lazy\" decoding=\"async\" class=\"aligncenter size-full wp-image-22898\" src=\"https:\/\/radiozapatista.org\/wp-content\/uploads\/2017\/09\/cig.jpg\" alt=\"cig\" width=\"480\" height=\"320\" srcset=\"https:\/\/radiozapatista.org\/wp-content\/uploads\/2017\/09\/cig.jpg 480w, https:\/\/radiozapatista.org\/wp-content\/uploads\/2017\/09\/cig-350x233.jpg 350w\" sizes=\"auto, (max-width: 480px) 100vw, 480px\" \/><\/a><\/p>\n<h3 style=\"text-align: center;\">Gira del Concejo Ind\u00edgena de Gobierno en territorio zapatista en Chiapas<\/h3>\n<p style=\"text-align: center;\"><strong>Octubre de 2017<\/strong><\/p>\n<h4 id=\"post-25289\" class=\"post-title \" style=\"text-align: center;\"><a title=\"Permanent Link: Gira del CIG y su vocera Marichuy en los Caracoles Zapatistas (Video)\" href=\"https:\/\/radiozapatista.org\/?p=25289\" rel=\"bookmark\">Gira del CIG y su vocera Marichuy en los Caracoles Zapatistas (Video)<\/a><\/h4>\n<hr \/>\n<h3 style=\"text-align: center;\">Cideci \/ Universidad de la Tierra Chiapas<br \/>\n13 de octubre<\/h3>\n<p style=\"text-align: center;\"><a href=\"https:\/\/radiozapatista.org\/wp-content\/uploads\/2017\/10\/IMG_1188_copy.jpeg\"><img loading=\"lazy\" decoding=\"async\" class=\"size-medium wp-image-23239\" src=\"https:\/\/radiozapatista.org\/wp-content\/uploads\/2017\/10\/IMG_1188_copy-350x233.jpeg\" alt=\"The Indigenous Governing Council (IGC) members closure their General Assembly after working for two days prior they start their trip to the five Zapatista Caracoles, October 13, 2017 at the venue of CIDECI in San Cristobal las Casas, in the southern state of Chiapas. The IGC and its spokewoman Marichuy Patricio Gonzalez will visit the Zapatista venues knows as the Caracoles as they launch the campaign to run for the presidency of Mexico in 2018. Photo by Heriberto Rodriguez\" width=\"350\" height=\"233\" srcset=\"https:\/\/radiozapatista.org\/wp-content\/uploads\/2017\/10\/IMG_1188_copy-350x233.jpeg 350w, https:\/\/radiozapatista.org\/wp-content\/uploads\/2017\/10\/IMG_1188_copy.jpeg 844w\" sizes=\"auto, (max-width: 350px) 100vw, 350px\" \/><\/a><\/p>\n<p id=\"post-23231\" class=\"post-title \" style=\"text-align: center;\"><strong><a title=\"Permanent Link: Es el tiempo de los pueblos \u2013 Inicia la gira del Concejo Ind\u00edgena de Gobierno en Chiapas\" href=\"https:\/\/radiozapatista.org\/?p=23231\" rel=\"bookmark\">Es el tiempo de los pueblos \u2013 Inicia la gira del Concejo Ind\u00edgena de Gobierno en Chiapas<\/a><\/strong><\/p>\n<hr \/>\n<h3 class=\"post-title \" style=\"text-align: center;\">Guadalupe Tepeyac &#8211; 14 de octubre<\/h3>\n<p style=\"text-align: center;\"><a href=\"https:\/\/radiozapatista.org\/wp-content\/uploads\/2017\/10\/IMG_1374_copy.jpeg\"><img loading=\"lazy\" decoding=\"async\" class=\"size-medium wp-image-23256\" src=\"https:\/\/radiozapatista.org\/wp-content\/uploads\/2017\/10\/IMG_1374_copy-350x234.jpeg\" alt=\"The Indigenous Governing Council and its spokewoman Marichuy Patricio Gonz\u00e1lez are hosted by the Zapatista rebels at the Zapatista stronghold of Guadalupe Tepeyac in the southern state of Chiapas, October 14, 2017. Marichuy Patricio is the candidate for Presidency of Mexico and supported by the National Indigenous Congress (CNI). Photo by Heriberto Rodriguez\" width=\"350\" height=\"234\" srcset=\"https:\/\/radiozapatista.org\/wp-content\/uploads\/2017\/10\/IMG_1374_copy-350x234.jpeg 350w, https:\/\/radiozapatista.org\/wp-content\/uploads\/2017\/10\/IMG_1374_copy.jpeg 842w\" sizes=\"auto, (max-width: 350px) 100vw, 350px\" \/><\/a><\/p>\n<p id=\"post-23254\" class=\"post-title \" style=\"text-align: center;\"><strong><a title=\"Permanent Link: Concejo Ind\u00edgena de Gobierno llega a Guadalupe Tepeyac\" href=\"https:\/\/radiozapatista.org\/?p=23254\" rel=\"bookmark\">Concejo Ind\u00edgena de Gobierno llega a Guadalupe Tepeyac<\/a><\/strong><\/p>\n<p id=\"post-23269\" class=\"post-title \" style=\"text-align: center;\"><a title=\"Permanent Link: Palabras de Marichuy en Guadalupe Tepeyac\" href=\"https:\/\/radiozapatista.org\/?p=23269\" rel=\"bookmark\">Palabras de Marichuy en Guadalupe Tepeyac<\/a><\/p>\n<p id=\"post-23310\" class=\"post-title \" style=\"text-align: center;\"><a title=\"Permanent Link: Palabras de la Comandanta Everilda en Guadalupe Tepeyac\" href=\"https:\/\/radiozapatista.org\/?p=23310\" rel=\"bookmark\">Palabras de la Comandanta Everilda en Guadalupe Tepeyac<\/a><\/p>\n<hr \/>\n<h3 class=\"post-title \" style=\"text-align: center;\">Caracol de Morelia &#8211; 15 de octubre<\/h3>\n<p style=\"text-align: center;\"><a href=\"https:\/\/radiozapatista.org\/wp-content\/uploads\/2017\/10\/IMG_1803_copy.jpeg\"><img loading=\"lazy\" decoding=\"async\" class=\"size-medium wp-image-23286\" src=\"https:\/\/radiozapatista.org\/wp-content\/uploads\/2017\/10\/IMG_1803_copy-350x233.jpeg\" alt=\"Marichuy Patricio Martinez is hosted by the Zapatista rebels in their Caracol Morelia venue, October 15, 2017. Patricio Martinez and the Indigenous Governing Council visited the Zapatista stronghold in Morelia, Chiapas where the Zapatistas support the decision to participate in the 2018 election for Presidency of Mexico. Photo by Heriberto Rodriguez\" width=\"350\" height=\"233\" srcset=\"https:\/\/radiozapatista.org\/wp-content\/uploads\/2017\/10\/IMG_1803_copy-350x233.jpeg 350w, https:\/\/radiozapatista.org\/wp-content\/uploads\/2017\/10\/IMG_1803_copy.jpeg 844w\" sizes=\"auto, (max-width: 350px) 100vw, 350px\" \/><\/a><\/p>\n<p id=\"post-23272\" class=\"post-title \" style=\"text-align: center;\"><strong><a title=\"Permanent Link: La soluci\u00f3n son ustedes \u2013 El Concejo Ind\u00edgena de Gobierno llega al Caracol de Morelia, Chiapas\" href=\"https:\/\/radiozapatista.org\/?p=23272\" rel=\"bookmark\">La soluci\u00f3n son ustedes \u2013 El Concejo Ind\u00edgena de Gobierno llega al Caracol de Morelia, Chiapas<\/a><\/strong><\/p>\n<p id=\"post-23302\" class=\"post-title \" style=\"text-align: center;\"><a title=\"Permanent Link: Palabras de Mar\u00eda de Jes\u00fas Patricio Mart\u00ednez en el Caracol Zapatista de Morelia, Chiapas\" href=\"https:\/\/radiozapatista.org\/?p=23302\" rel=\"bookmark\">Palabras de Mar\u00eda de Jes\u00fas Patricio Mart\u00ednez en el Caracol Zapatista de Morelia, Chiapas<\/a><\/p>\n<p id=\"post-23304\" class=\"post-title \" style=\"text-align: center;\"><a title=\"Permanent Link: Palabras de la Comandanta Miriam en el Caracol de Morelia\" href=\"https:\/\/radiozapatista.org\/?p=23304\" rel=\"bookmark\">Palabras de la Comandanta Miriam en el Caracol de Morelia<\/a><\/p>\n<p id=\"post-23312\" class=\"post-title \" style=\"text-align: center;\"><a title=\"Permanent Link: Estado intenta sabotear recolecci\u00f3n de firmas para Marichuy y difusi\u00f3n de la gira del CIG\" href=\"https:\/\/radiozapatista.org\/?p=23312\" rel=\"bookmark\">Estado intenta sabotear recolecci\u00f3n de firmas para Marichuy y difusi\u00f3n de la gira del CIG<\/a><\/p>\n<hr \/>\n<h3 class=\"post-title \" style=\"text-align: center;\">Caracol de La Garrucha &#8211; 16 de octubre<\/h3>\n<p style=\"text-align: center;\"><a href=\"https:\/\/radiozapatista.org\/wp-content\/uploads\/2017\/10\/Mexico_Caracol_Garrucha_elections_candidate_CIG_25_copy.jpeg\"><img loading=\"lazy\" decoding=\"async\" class=\"size-medium wp-image-23343\" src=\"https:\/\/radiozapatista.org\/wp-content\/uploads\/2017\/10\/Mexico_Caracol_Garrucha_elections_candidate_CIG_25_copy-350x233.jpeg\" alt=\"Marichuy Patricio Martinez, the spokewoman of the Indigenous Governing Council arrives at the Zapatista stronghold of Caracol La Garrucha in southern state of Chiapas, October 16, 2017. Marichuy Patricio started her campaign to collect almost one miilion signs to run for the Presidency of Mexico. Photo by Heriberto Rodriguez HR\" width=\"350\" height=\"233\" srcset=\"https:\/\/radiozapatista.org\/wp-content\/uploads\/2017\/10\/Mexico_Caracol_Garrucha_elections_candidate_CIG_25_copy-350x233.jpeg 350w, https:\/\/radiozapatista.org\/wp-content\/uploads\/2017\/10\/Mexico_Caracol_Garrucha_elections_candidate_CIG_25_copy.jpeg 844w\" sizes=\"auto, (max-width: 350px) 100vw, 350px\" \/><\/a><\/p>\n<p id=\"post-23325\" class=\"post-title \" style=\"text-align: center;\"><strong><a title=\"Permanent Link: La tormenta ya lleg\u00f3 \u2013 El Concejo Ind\u00edgena de Gobierno en La Garrucha\" href=\"https:\/\/radiozapatista.org\/?p=23325\" rel=\"bookmark\">La tormenta ya lleg\u00f3 \u2013 El Concejo Ind\u00edgena de Gobierno en La Garrucha<\/a><\/strong><\/p>\n<p id=\"post-23315\" class=\"post-title \" style=\"text-align: center;\"><a title=\"Permanent Link: Palabras de la Comandanta Rosalinda, de Mar\u00eda de Jes\u00fas Patricio y de las compa\u00f1eras Yeni y Carolina en el Caracol III de la Garrucha\" href=\"https:\/\/radiozapatista.org\/?p=23315\" rel=\"bookmark\">Palabras de la Comandanta Rosalinda, de Mar\u00eda de Jes\u00fas Patricio y de las compa\u00f1eras Yeni y Carolina en el Caracol III de la Garrucha<\/a><\/p>\n<hr \/>\n<h3 class=\"post-title \" style=\"text-align: center;\">Caracol de Roberto Barrios &#8211; 17 de octubre<\/h3>\n<p style=\"text-align: center;\"><a href=\"https:\/\/radiozapatista.org\/wp-content\/uploads\/2017\/10\/IMG_2257_copy.jpeg\"><img loading=\"lazy\" decoding=\"async\" class=\"size-medium wp-image-23369\" src=\"https:\/\/radiozapatista.org\/wp-content\/uploads\/2017\/10\/IMG_2257_copy-350x233.jpeg\" alt=\"Marichuy Patricio, the spokewoman of the Indigenous Governing Council, stages a rally in the main square of Palenque in the southern state of Chiapas, October 18, 2017. Marichuy started a trip in Chiapas where the Zapatista rebels claim to defeat the political system in Mexico and to govern the country by a Indigenous Council. Photo by Heriberto Rodriguez\" width=\"350\" height=\"233\" srcset=\"https:\/\/radiozapatista.org\/wp-content\/uploads\/2017\/10\/IMG_2257_copy-350x233.jpeg 350w, https:\/\/radiozapatista.org\/wp-content\/uploads\/2017\/10\/IMG_2257_copy.jpeg 844w\" sizes=\"auto, (max-width: 350px) 100vw, 350px\" \/><\/a><\/p>\n<p id=\"post-23360\" class=\"post-title \" style=\"text-align: center;\"><strong><a title=\"Permanent Link: Es necesario unirnos \u2013 El Concejo Ind\u00edgena de Gobierno en Roberto Barrios\" href=\"https:\/\/radiozapatista.org\/?p=23360\" rel=\"bookmark\">Es necesario unirnos \u2013 El Concejo Ind\u00edgena de Gobierno en Roberto Barrios<\/a><\/strong><\/p>\n<p id=\"post-23353\" class=\"post-title \" style=\"text-align: center;\"><a title=\"Permanent Link: Palabras de Marichuy en el Caracol Roberto Barrios, 17 octubre\" href=\"https:\/\/radiozapatista.org\/?p=23353\" rel=\"bookmark\">Palabras de Marichuy en el Caracol Roberto Barrios, 17 octubre<\/a><\/p>\n<p id=\"post-23356\" class=\"post-title \" style=\"text-align: center;\"><a title=\"Permanent Link: Palabras de la Comandanta Amada, de Mar\u00eda de Jes\u00fas Patricio Mat\u00ednez y de las compa\u00f1eras Jacqueline, Valentina y Alejandra en Palenque\" href=\"https:\/\/radiozapatista.org\/?p=23356\" rel=\"bookmark\">Palabras de la Comandanta Amada, de Mar\u00eda de Jes\u00fas Patricio Mat\u00ednez y de las compa\u00f1eras Jacqueline, Valentina y Alejandra en Palenque<\/a><\/p>\n<p id=\"post-23359\" class=\"post-title \" style=\"text-align: center;\"><a title=\"Permanent Link: El CIG y Marichuy denuncian trabas y enga\u00f1os del INE\" href=\"https:\/\/radiozapatista.org\/?p=23359\" rel=\"bookmark\">El CIG y Marichuy denuncian trabas y enga\u00f1os del INE<\/a><\/p>\n<hr \/>\n<h3 class=\"post-title \" style=\"text-align: center;\">\u00a0Palenque &#8211; 18 de octubre<\/h3>\n<p style=\"text-align: center;\"><a href=\"https:\/\/radiozapatista.org\/wp-content\/uploads\/2017\/10\/IMG_2544_copy.jpeg\"><img loading=\"lazy\" decoding=\"async\" class=\"aligncenter size-medium wp-image-23382\" src=\"https:\/\/radiozapatista.org\/wp-content\/uploads\/2017\/10\/IMG_2544_copy-350x233.jpeg\" alt=\"IMG_2544_copy\" width=\"350\" height=\"233\" srcset=\"https:\/\/radiozapatista.org\/wp-content\/uploads\/2017\/10\/IMG_2544_copy-350x233.jpeg 350w, https:\/\/radiozapatista.org\/wp-content\/uploads\/2017\/10\/IMG_2544_copy.jpeg 844w\" sizes=\"auto, (max-width: 350px) 100vw, 350px\" \/><\/a><\/p>\n<p id=\"post-23380\" class=\"post-title \" style=\"text-align: center;\"><strong><a title=\"Permanent Link: Claudicar no es una opci\u00f3n \u2013 El Concejo Ind\u00edgena de Gobierno y su vocera Marichuy en Palenque\" href=\"https:\/\/radiozapatista.org\/?p=23380\" rel=\"bookmark\">Claudicar no es una opci\u00f3n \u2013 El Concejo Ind\u00edgena de Gobierno y su vocera Marichuy en Palenque<\/a><\/strong><\/p>\n<p id=\"post-23356\" class=\"post-title\" style=\"text-align: center;\"><a href=\"https:\/\/radiozapatista.org\/?p=23356\">Palabras de la Comandanta Amada, de Mar\u00eda de Jes\u00fas Patricio Mat\u00ednez y de las compa\u00f1eras Jacqueline, Valentina y Alejandra en Palenque<\/a><\/p>\n<hr \/>\n<h3 class=\"post-title\" style=\"text-align: center;\">Caracol de Oventic &#8211; 19 de octubre<\/h3>\n<p style=\"text-align: center;\"><a href=\"https:\/\/radiozapatista.org\/wp-content\/uploads\/2017\/10\/IMG_3012_copy.jpeg\"><img loading=\"lazy\" decoding=\"async\" class=\"size-medium wp-image-23454\" src=\"https:\/\/radiozapatista.org\/wp-content\/uploads\/2017\/10\/IMG_3012_copy-350x233.jpeg\" alt=\"Marichuy Patricio Martinez, the spokewoman of the Indigenous Governing Council, attends a rally in the Zapatista Caracol of Oventik, in the southern state of Chiapas, October 19, 2017. Marichuy Patricio started a trip in the five Caracoles venues where the Zapatista rebels demonstrate their support to run for te Presidency of Mexico. Photo by Heriberto Rodriguez\" width=\"350\" height=\"233\" srcset=\"https:\/\/radiozapatista.org\/wp-content\/uploads\/2017\/10\/IMG_3012_copy-350x233.jpeg 350w, https:\/\/radiozapatista.org\/wp-content\/uploads\/2017\/10\/IMG_3012_copy.jpeg 844w\" sizes=\"auto, (max-width: 350px) 100vw, 350px\" \/><\/a><\/p>\n<p id=\"post-23419\" class=\"post-title \" style=\"text-align: center;\"><strong><a title=\"Permanent Link: Es la hora de sacudir este pa\u00eds \u2013 El Concejo Ind\u00edgena de Gobierno y su vocera en Oventic\" href=\"https:\/\/radiozapatista.org\/?p=23419\" rel=\"bookmark\">Es la hora de sacudir este pa\u00eds \u2013 El Concejo Ind\u00edgena de Gobierno y su vocera en Oventic<\/a><\/strong><\/p>\n<p id=\"post-23396\" class=\"post-title \" style=\"text-align: center;\"><a title=\"Permanent Link: Palabras de Mar\u00eda de Jes\u00fas Patricio, de la Comandanta Hortencia y de las compa\u00f1eras Jimena y Jessica en Oventic\" href=\"https:\/\/radiozapatista.org\/?p=23396\" rel=\"bookmark\">Palabras de Mar\u00eda de Jes\u00fas Patricio, de la Comandanta Hortencia y de las compa\u00f1eras Jimena y Jessica en Oventic<\/a><\/p>\n<hr \/>\n<h3 class=\"post-title \" style=\"text-align: center;\">Otros actos<\/h3>\n<p class=\"post-title \" style=\"text-align: center;\"><a href=\"https:\/\/radiozapatista.org\/wp-content\/uploads\/2017\/10\/cesmeca1.jpg\"><img loading=\"lazy\" decoding=\"async\" class=\"aligncenter size-medium wp-image-23492\" src=\"https:\/\/radiozapatista.org\/wp-content\/uploads\/2017\/10\/cesmeca1-350x234.jpg\" alt=\"cesmeca1\" width=\"350\" height=\"234\" srcset=\"https:\/\/radiozapatista.org\/wp-content\/uploads\/2017\/10\/cesmeca1-350x234.jpg 350w, https:\/\/radiozapatista.org\/wp-content\/uploads\/2017\/10\/cesmeca1.jpg 800w\" sizes=\"auto, (max-width: 350px) 100vw, 350px\" \/><\/a><\/p>\n<p id=\"post-23491\" class=\"post-title \" style=\"text-align: center;\"><strong><a title=\"Permanent Link: Marichuy, vocera del CIG, se re\u00fane con mujeres y hombres de pueblos, colectivos y organizaciones de Chiapas\" href=\"https:\/\/radiozapatista.org\/?p=23491\" rel=\"bookmark\">Marichuy, vocera del CIG, se re\u00fane con mujeres y hombres de pueblos, colectivos y organizaciones de Chiapas<\/a><\/strong><\/p>\n<p><\/p>","protected":false},"excerpt":{"rendered":"<p>Gira del Concejo Ind\u00edgena de Gobierno en territorio zapatista en Chiapas Octubre de 2017 Gira del CIG y su vocera Marichuy en los Caracoles Zapatistas (Video) Cideci \/ Universidad de la Tierra Chiapas 13 de octubre Es el tiempo de los pueblos \u2013 Inicia la gira del Concejo Ind\u00edgena de Gobierno en Chiapas Guadalupe Tepeyac [&hellip;]<\/p>\n","protected":false},"author":1,"featured_media":0,"parent":0,"menu_order":0,"comment_status":"closed","ping_status":"closed","template":"","meta":{"footnotes":""},"class_list":["post-23178","page","type-page","status-publish","hentry"],"_links":{"self":[{"href":"https:\/\/radiozapatista.org\/index.php?rest_route=\/wp\/v2\/pages\/23178","targetHints":{"allow":["GET"]}}],"collection":[{"href":"https:\/\/radiozapatista.org\/index.php?rest_route=\/wp\/v2\/pages"}],"about":[{"href":"https:\/\/radiozapatista.org\/index.php?rest_route=\/wp\/v2\/types\/page"}],"author":[{"embeddable":true,"href":"https:\/\/radiozapatista.org\/index.php?rest_route=\/wp\/v2\/users\/1"}],"replies":[{"embeddable":true,"href":"https:\/\/radiozapatista.org\/index.php?rest_route=%2Fwp%2Fv2%2Fcomments&post=23178"}],"version-history":[{"count":0,"href":"https:\/\/radiozapatista.org\/index.php?rest_route=\/wp\/v2\/pages\/23178\/revisions"}],"wp:attachment":[{"href":"https:\/\/radiozapatista.org\/index.php?rest_route=%2Fwp%2Fv2%2Fmedia&parent=23178"}],"curies":[{"name":"wp","href":"https:\/\/api.w.org\/{rel}","templated":true}]}}