{"id":20820,"date":"2017-04-10T08:20:41","date_gmt":"2017-04-10T13:20:41","guid":{"rendered":"https:\/\/radiozapatista.org\/?page_id=20820"},"modified":"2017-04-16T10:27:40","modified_gmt":"2017-04-16T15:27:40","slug":"los-muros-del-capital-las-grietas-de-la-izquierda","status":"publish","type":"page","link":"https:\/\/radiozapatista.org\/?page_id=20820","title":{"rendered":"Seminario &#8220;Los muros del capital, las grietas de la izquierda&#8221;"},"content":{"rendered":"<p><\/p>\n<h4 style=\"text-align: center;\">Seminario de reflexi\u00f3n cr\u00edtica<br \/>\n&#8220;Los muros del capital, las grietas de la izquierda&#8221;<br \/>\nCideci-Universidad de la Tierra Chiapas<br \/>\nSan Crist\u00f3bal de Las Casas<br \/>\n12 a 15 de abril de 2017<\/h4>\n<p style=\"text-align: center;\"><a href=\"https:\/\/radiozapatista.org\/wp-content\/uploads\/2017\/04\/grieta.png\"><img loading=\"lazy\" decoding=\"async\" class=\"aligncenter size-full wp-image-20821\" src=\"https:\/\/radiozapatista.org\/wp-content\/uploads\/2017\/04\/grieta.png\" alt=\"grieta\" width=\"604\" height=\"303\" srcset=\"https:\/\/radiozapatista.org\/wp-content\/uploads\/2017\/04\/grieta.png 604w, https:\/\/radiozapatista.org\/wp-content\/uploads\/2017\/04\/grieta-350x176.png 350w\" sizes=\"auto, (max-width: 604px) 100vw, 604px\" \/><\/a><\/p>\n<hr \/>\n<h4 style=\"text-align: center;\">Cobertura por d\u00eda<\/h4>\n<p style=\"text-align: center;\"><a href=\"https:\/\/radiozapatista.org\/?p=20822\"><strong>D\u00eda 1: 12 de abril de 2017<\/strong><\/a> (RZ &#8211; audios y fotos)<br \/>\n<a href=\"https:\/\/radiozapatista.org\/?p=20824\"><strong>D\u00eda 2: 13 de abril de 2017<\/strong><\/a> (RZ &#8211; audios y fotos)<br \/>\n<a href=\"https:\/\/radiozapatista.org\/?p=20826\"><strong>D\u00eda 3: 14 de abril de 2017<\/strong><\/a> (RZ &#8211; audios y fotos)<br \/>\n<a href=\"https:\/\/radiozapatista.org\/?p=20828\"><strong>D\u00eda 4: 15 de abril de 2017<\/strong><\/a> (RZ &#8211; audios y fotos)<\/p>\n<hr\/>\n<p>&nbsp;<\/p>\n<p style=\"text-align: center;\"><strong><a href=\"https:\/\/radiozapatista.org\/?p=21017\">Participaci\u00f3n de la Comisi\u00f3n Sexta del EZLN<\/a><\/strong><\/p>\n<p>&nbsp;<\/p>\n<hr \/>\n<h4 style=\"text-align: center;\">Comunicados<\/h4>\n<p style=\"text-align: center;\"><strong><a href=\"https:\/\/radiozapatista.org\/?p=20498\">Los muros arriba, las grietas abajo (y a la izquierda)<\/a><\/strong><br \/>\nSubcomandante Insurgente Mois\u00e9s y Subcomandante Insurgente Galeano<br \/>\n(14 de febrero de 2017)<\/p>\n<hr \/>\n<p style=\"text-align: center;\"><strong>Programa<\/strong><br \/>\n<img decoding=\"async\" class=\"alignnone\" src=\"http:\/\/komanilel.org\/wp-content\/uploads\/2017\/04\/programa.jpg\" alt=\"\" width=\"400\" \/><\/p>\n<hr \/>\n<h4 style=\"text-align: center;\">Todas las entradas sobre el seminario:<\/h4>\n<p style=\"text-align: center;\"><strong><a href=\"https:\/\/radiozapatista.org\/?tag=muros-y-grietas\">haz clic aqu\u00ed<\/a><\/strong><\/p>\n<p style=\"text-align: center;\">\n<p><\/p>","protected":false},"excerpt":{"rendered":"<p>Seminario de reflexi\u00f3n cr\u00edtica &#8220;Los muros del capital, las grietas de la izquierda&#8221; Cideci-Universidad de la Tierra Chiapas San Crist\u00f3bal de Las Casas 12 a 15 de abril de 2017 Cobertura por d\u00eda D\u00eda 1: 12 de abril de 2017 (RZ &#8211; audios y fotos) D\u00eda 2: 13 de abril de 2017 (RZ &#8211; audios [&hellip;]<\/p>\n","protected":false},"author":1,"featured_media":0,"parent":29,"menu_order":0,"comment_status":"open","ping_status":"closed","template":"","meta":{"footnotes":""},"class_list":["post-20820","page","type-page","status-publish","hentry"],"_links":{"self":[{"href":"https:\/\/radiozapatista.org\/index.php?rest_route=\/wp\/v2\/pages\/20820","targetHints":{"allow":["GET"]}}],"collection":[{"href":"https:\/\/radiozapatista.org\/index.php?rest_route=\/wp\/v2\/pages"}],"about":[{"href":"https:\/\/radiozapatista.org\/index.php?rest_route=\/wp\/v2\/types\/page"}],"author":[{"embeddable":true,"href":"https:\/\/radiozapatista.org\/index.php?rest_route=\/wp\/v2\/users\/1"}],"replies":[{"embeddable":true,"href":"https:\/\/radiozapatista.org\/index.php?rest_route=%2Fwp%2Fv2%2Fcomments&post=20820"}],"version-history":[{"count":0,"href":"https:\/\/radiozapatista.org\/index.php?rest_route=\/wp\/v2\/pages\/20820\/revisions"}],"up":[{"embeddable":true,"href":"https:\/\/radiozapatista.org\/index.php?rest_route=\/wp\/v2\/pages\/29"}],"wp:attachment":[{"href":"https:\/\/radiozapatista.org\/index.php?rest_route=%2Fwp%2Fv2%2Fmedia&parent=20820"}],"curies":[{"name":"wp","href":"https:\/\/api.w.org\/{rel}","templated":true}]}}