{"id":20294,"date":"2017-01-26T13:43:47","date_gmt":"2017-01-26T19:43:47","guid":{"rendered":"https:\/\/radiozapatista.org\/?page_id=20294"},"modified":"2017-03-06T10:49:15","modified_gmt":"2017-03-06T16:49:15","slug":"escuelita-la-libertad-segun-lxs-zapatistas-libros","status":"publish","type":"page","link":"https:\/\/radiozapatista.org\/?page_id=20294","title":{"rendered":"[:es]Escuelita &#8220;La libertad seg\u00fan lxs zapatistas&#8221; &#8211; Libros[:en]&#8221;Freedom according to the Zapatistas&#8221; School &#8211; Text books[:]"},"content":{"rendered":"<p>[:es]<\/p>\n<h4 style=\"text-align: center;\">Cuadernos de texto del primer grado de la<br \/>\nEscuelita &#8220;La libertad seg\u00fan l@s zapatistas&#8221;<\/h4>\n<p>En tres sesiones, en 2013 y 2014, unas 6 mil personas fueron a las comunidades zapatistas para aprender sobre la lucha organizada del EZLN y la construcci\u00f3n de la autonom\u00eda. Los libros que aqu\u00ed presentamos fueron el material de estudio que se entreg\u00f3 a lxs alumnxs en ese primer grado de la Escuelita Zapatista.<\/p>\n<h3 style=\"text-align: center;\">Gobierno Aut\u00f3nomo I<\/h3>\n<p style=\"text-align: center;\"><a href=\"https:\/\/radiozapatista.org\/wp-content\/uploads\/2017\/01\/EscZap-Gobierno-Autonomo-I.jpg\"><img loading=\"lazy\" decoding=\"async\" class=\"aligncenter size-medium wp-image-20297\" src=\"https:\/\/radiozapatista.org\/wp-content\/uploads\/2017\/01\/EscZap-Gobierno-Autonomo-I-220x300.jpg\" alt=\"EscZap-Gobierno Autonomo I\" width=\"220\" height=\"300\" srcset=\"https:\/\/radiozapatista.org\/wp-content\/uploads\/2017\/01\/EscZap-Gobierno-Autonomo-I-220x300.jpg 220w, https:\/\/radiozapatista.org\/wp-content\/uploads\/2017\/01\/EscZap-Gobierno-Autonomo-I.jpg 466w\" sizes=\"auto, (max-width: 220px) 100vw, 220px\" \/><\/a><\/p>\n<p style=\"text-align: center;\"><a href=\"https:\/\/radiozapatista.org\/pdf\/libros\/Gobierno_Autonomo_I_01-12.pdf\">Gobierno Aut\u00f3nomo I &#8211; parte 1<\/a><\/p>\n<p style=\"text-align: center;\"><a href=\"https:\/\/radiozapatista.org\/pdf\/libros\/Gobierno_Autonomo_I-13-24.pdf\">Gobierno Aut\u00f3nomo I &#8211; parte 2<\/a><\/p>\n<p style=\"text-align: center;\"><a href=\"https:\/\/radiozapatista.org\/pdf\/libros\/Gobierno_Autonomo_I-25-36.pdf\">Gobierno Aut\u00f3nomo I &#8211; parte 3<\/a><\/p>\n<p style=\"text-align: center;\"><a href=\"https:\/\/radiozapatista.org\/pdf\/libros\/Gobierno_Autonomo_I-36-48.pdf\">Gobierno Aut\u00f3nomo I &#8211; parte 4<\/a><\/p>\n<p style=\"text-align: center;\"><a href=\"https:\/\/radiozapatista.org\/pdf\/libros\/Gobierno_Autonomo_I-49-60.pdf\">Gobierno Aut\u00f3nomo I &#8211; parte 5<\/a><\/p>\n<p style=\"text-align: center;\"><a href=\"https:\/\/radiozapatista.org\/pdf\/libros\/Gobierno_Autonomo_I-61-72.pdf\">Gobierno Aut\u00f3nomo I &#8211; parte 6<\/a><\/p>\n<p style=\"text-align: center;\"><a href=\"https:\/\/radiozapatista.org\/pdf\/libros\/Gobierno_Autonomo_I-73-88.pdf\">Gobierno Aut\u00f3nomo I &#8211; parte 7<\/a><\/p>\n<h3 style=\"text-align: center;\">Gobierno Aut\u00f3nomo II<\/h3>\n<p style=\"text-align: center;\"><a href=\"https:\/\/radiozapatista.org\/wp-content\/uploads\/2017\/01\/EscZap-Gobierno-Autonomo-II.jpg\"><img loading=\"lazy\" decoding=\"async\" class=\"aligncenter size-medium wp-image-20306\" src=\"https:\/\/radiozapatista.org\/wp-content\/uploads\/2017\/01\/EscZap-Gobierno-Autonomo-II-350x244.jpg\" alt=\"EscZap-Gobierno Autonomo II\" width=\"350\" height=\"244\" srcset=\"https:\/\/radiozapatista.org\/wp-content\/uploads\/2017\/01\/EscZap-Gobierno-Autonomo-II-350x244.jpg 350w, https:\/\/radiozapatista.org\/wp-content\/uploads\/2017\/01\/EscZap-Gobierno-Autonomo-II.jpg 741w\" sizes=\"auto, (max-width: 350px) 100vw, 350px\" \/><\/a><\/p>\n<p style=\"text-align: center;\"><a href=\"https:\/\/radiozapatista.org\/pdf\/libros\/Gobierno_Autonomo_II_01-14.pdf\">Gobierno Aut\u00f3nomo II &#8211; parte 1<\/a><\/p>\n<p style=\"text-align: center;\"><a href=\"https:\/\/radiozapatista.org\/pdf\/libros\/Gobierno_Autonomo_II-15-28.pdf\">Gobierno Aut\u00f3nomo II &#8211; parte 2<\/a><\/p>\n<p style=\"text-align: center;\"><a href=\"https:\/\/radiozapatista.org\/pdf\/libros\/Gobierno_Autonomo_II-29-42.pdf\">Gobierno Aut\u00f3nomo II &#8211; parte 3<\/a><\/p>\n<p style=\"text-align: center;\"><a href=\"https:\/\/radiozapatista.org\/pdf\/libros\/Gobierno_Autonomo_II-43-56.pdf\">Gobierno Aut\u00f3nomo II &#8211; parte 4<\/a><\/p>\n<h3 style=\"text-align: center;\">Participaci\u00f3n de las Mujeres en el Gobierno Aut\u00f3nomo<\/h3>\n<p style=\"text-align: center;\"><a href=\"https:\/\/radiozapatista.org\/wp-content\/uploads\/2017\/01\/EscZap-Participacion-Mujeres.jpg\"><img loading=\"lazy\" decoding=\"async\" class=\"aligncenter size-medium wp-image-20307\" src=\"https:\/\/radiozapatista.org\/wp-content\/uploads\/2017\/01\/EscZap-Participacion-Mujeres-211x300.jpg\" alt=\"EscZap-Participacion Mujeres\" width=\"211\" height=\"300\" srcset=\"https:\/\/radiozapatista.org\/wp-content\/uploads\/2017\/01\/EscZap-Participacion-Mujeres-211x300.jpg 211w, https:\/\/radiozapatista.org\/wp-content\/uploads\/2017\/01\/EscZap-Participacion-Mujeres.jpg 447w\" sizes=\"auto, (max-width: 211px) 100vw, 211px\" \/><\/a><\/p>\n<p style=\"text-align: center;\"><a href=\"https:\/\/radiozapatista.org\/pdf\/libros\/Mujeres_1-11.pdf\">Participaci\u00f3n de las mujeres en el gobierno aut\u00f3nomo &#8211; parte 1<\/a><\/p>\n<p style=\"text-align: center;\"><a href=\"https:\/\/radiozapatista.org\/pdf\/libros\/Mujeres_12-23.pdf\">Participaci\u00f3n de las mujeres en el gobierno aut\u00f3nomo &#8211; parte 2<\/a><\/p>\n<p style=\"text-align: center;\"><a href=\"https:\/\/radiozapatista.org\/pdf\/libros\/Mujeres_24-35.pdf\">Participaci\u00f3n de las mujeres en el gobierno aut\u00f3nomo &#8211; parte 3<\/a><\/p>\n<p style=\"text-align: center;\"><a href=\"https:\/\/radiozapatista.org\/pdf\/libros\/Mujeres_36-47.pdf\">Participaci\u00f3n de las mujeres en el gobierno aut\u00f3nomo &#8211; parte 4<\/a><\/p>\n<p style=\"text-align: center;\"><a href=\"https:\/\/radiozapatista.org\/pdf\/libros\/Mujeres_48-59-1.pdf\">Participaci\u00f3n de las mujeres en el gobierno aut\u00f3nomo &#8211; parte 5<\/a><\/p>\n<p style=\"text-align: center;\"><a href=\"https:\/\/radiozapatista.org\/pdf\/libros\/Mujeres_60-71.pdf\">Participaci\u00f3n de las mujeres en el gobierno aut\u00f3nomo &#8211; parte 6<\/a><\/p>\n<p style=\"text-align: center;\"><a href=\"https:\/\/radiozapatista.org\/pdf\/libros\/Mujeres_72-82.pdf\">Participaci\u00f3n de las mujeres en el gobierno aut\u00f3nomo &#8211; parte 7<\/a><\/p>\n<h3 style=\"text-align: center;\">Resistencia Aut\u00f3noma<\/h3>\n<p style=\"text-align: center;\"><a href=\"https:\/\/radiozapatista.org\/wp-content\/uploads\/2017\/01\/EscZap-Resistencia-Autonoma.jpg\"><img loading=\"lazy\" decoding=\"async\" class=\"aligncenter size-medium wp-image-20308\" src=\"https:\/\/radiozapatista.org\/wp-content\/uploads\/2017\/01\/EscZap-Resistencia-Autonoma-350x245.jpg\" alt=\"EscZap-Resistencia Autonoma\" width=\"350\" height=\"245\" srcset=\"https:\/\/radiozapatista.org\/wp-content\/uploads\/2017\/01\/EscZap-Resistencia-Autonoma-350x245.jpg 350w, https:\/\/radiozapatista.org\/wp-content\/uploads\/2017\/01\/EscZap-Resistencia-Autonoma.jpg 500w\" sizes=\"auto, (max-width: 350px) 100vw, 350px\" \/><\/a><\/p>\n<p style=\"text-align: center;\"><a href=\"https:\/\/radiozapatista.org\/pdf\/libros\/Resistencia_1-10.pdf\">Resistencia Aut\u00f3noma &#8211; parte 1<\/a><\/p>\n<p style=\"text-align: center;\"><a href=\"https:\/\/radiozapatista.org\/pdf\/libros\/Resistencia_11-20.pdf\">Resistencia Aut\u00f3noma &#8211; parte 2<\/a><\/p>\n<p style=\"text-align: center;\"><a href=\"https:\/\/radiozapatista.org\/pdf\/libros\/Resistencia_21-30.pdf\">Resistencia Aut\u00f3noma &#8211; parte 3<\/a><\/p>\n<p style=\"text-align: center;\"><a href=\"https:\/\/radiozapatista.org\/pdf\/libros\/Resistencia_31-40.pdf\">Resistencia Aut\u00f3noma &#8211; parte 4<\/a><\/p>\n<p style=\"text-align: center;\"><a href=\"https:\/\/radiozapatista.org\/pdf\/libros\/Resistencia_41-50.pdf\">Resistencia Aut\u00f3noma &#8211; parte 5<\/a><\/p>\n<p style=\"text-align: center;\"><a href=\"https:\/\/radiozapatista.org\/pdf\/libros\/Resistencia_51-60.pdf\">Resistencia Aut\u00f3noma &#8211; parte 6<\/a><\/p>\n<p style=\"text-align: center;\"><a href=\"https:\/\/radiozapatista.org\/pdf\/libros\/Resistencia_61-70.pdf\">Resistencia Aut\u00f3noma &#8211; parte 7<\/a><\/p>\n<p style=\"text-align: center;\"><a href=\"https:\/\/radiozapatista.org\/pdf\/libros\/Resistencia_71-80.pdf\">Resistencia Aut\u00f3noma &#8211; parte 8<\/a><\/p>\n<p style=\"text-align: center;\"><a href=\"https:\/\/radiozapatista.org\/pdf\/libros\/Resistencia_81-90.pdf\">Resistencia Aut\u00f3noma &#8211; parte 9<\/a><\/p>\n<p>[:en]<\/p>\n<h4 style=\"text-align: center;\">Text books for the first level of the school &#8220;Freedom according to the Zapatitas&#8221;<\/h4>\n<p>During three sessions, in 2013 and 2014, about 6,000 people went to zapatista communities to learn about the EZLN&#8217;s organized struggle and the construction of autonomy. The text books presented here were the study materials used by the students in that first level of the Zapatista School.<\/p>\n<h3 style=\"text-align: center;\">Autonomous Government I<\/h3>\n<p style=\"text-align: center;\"><a href=\"https:\/\/radiozapatista.org\/pdf\/libros\/Autonomous_Government_I.pdf\"><img loading=\"lazy\" decoding=\"async\" class=\"aligncenter size-medium wp-image-20381\" src=\"https:\/\/radiozapatista.org\/wp-content\/uploads\/2017\/01\/gov1-217x300.png\" alt=\"gov1\" width=\"217\" height=\"300\" srcset=\"https:\/\/radiozapatista.org\/wp-content\/uploads\/2017\/01\/gov1-217x300.png 217w, https:\/\/radiozapatista.org\/wp-content\/uploads\/2017\/01\/gov1.png 558w\" sizes=\"auto, (max-width: 217px) 100vw, 217px\" \/><br \/>\nAutonomous Government I<\/a><\/p>\n<h3 style=\"text-align: center;\">Autonomous Government II<\/h3>\n<p style=\"text-align: center;\"><a href=\"https:\/\/radiozapatista.org\/pdf\/libros\/Autonomous_Government_II.pdf\"><img loading=\"lazy\" decoding=\"async\" class=\"aligncenter size-medium wp-image-20382\" src=\"https:\/\/radiozapatista.org\/wp-content\/uploads\/2017\/01\/gov2-219x300.png\" alt=\"gov2\" width=\"219\" height=\"300\" srcset=\"https:\/\/radiozapatista.org\/wp-content\/uploads\/2017\/01\/gov2-219x300.png 219w, https:\/\/radiozapatista.org\/wp-content\/uploads\/2017\/01\/gov2.png 559w\" sizes=\"auto, (max-width: 219px) 100vw, 219px\" \/><br \/>\nAutonomous Government II<\/a><\/p>\n<h3 style=\"text-align: center;\">Women&#8217;s Participation in Autonomous Government<\/h3>\n<p style=\"text-align: center;\"><a href=\"https:\/\/radiozapatista.org\/pdf\/libros\/Participation_of_Women_in_Autonomous_Government.pdf\"><img loading=\"lazy\" decoding=\"async\" class=\"aligncenter size-medium wp-image-20383\" src=\"https:\/\/radiozapatista.org\/wp-content\/uploads\/2017\/01\/women-216x300.png\" alt=\"women\" width=\"216\" height=\"300\" srcset=\"https:\/\/radiozapatista.org\/wp-content\/uploads\/2017\/01\/women-216x300.png 216w, https:\/\/radiozapatista.org\/wp-content\/uploads\/2017\/01\/women.png 554w\" sizes=\"auto, (max-width: 216px) 100vw, 216px\" \/><br \/>\nWomen&#8217;s Participation in Autonomous Government<\/a><\/p>\n<h3 style=\"text-align: center;\">Autonomous Resistance<\/h3>\n<p style=\"text-align: center;\"><a href=\"https:\/\/radiozapatista.org\/pdf\/libros\/Autonomous_Resistance.pdf\"><img loading=\"lazy\" decoding=\"async\" class=\"aligncenter size-medium wp-image-20384\" src=\"https:\/\/radiozapatista.org\/wp-content\/uploads\/2017\/01\/resistance-220x300.png\" alt=\"resistance\" width=\"220\" height=\"300\" srcset=\"https:\/\/radiozapatista.org\/wp-content\/uploads\/2017\/01\/resistance-220x300.png 220w, https:\/\/radiozapatista.org\/wp-content\/uploads\/2017\/01\/resistance.png 556w\" sizes=\"auto, (max-width: 220px) 100vw, 220px\" \/><br \/>\nAutonomous Resistance<\/a><\/p>\n<p>[:]<\/p>\n","protected":false},"excerpt":{"rendered":"<p>[:es] Cuadernos de texto del primer grado de la Escuelita &#8220;La libertad seg\u00fan l@s zapatistas&#8221; En tres sesiones, en 2013 y 2014, unas 6 mil personas fueron a las comunidades zapatistas para aprender sobre la lucha organizada del EZLN y la construcci\u00f3n de la autonom\u00eda. Los libros que aqu\u00ed presentamos fueron el material de estudio [&hellip;]<\/p>\n","protected":false},"author":1,"featured_media":0,"parent":0,"menu_order":0,"comment_status":"closed","ping_status":"closed","template":"","meta":{"footnotes":""},"class_list":["post-20294","page","type-page","status-publish","hentry"],"_links":{"self":[{"href":"https:\/\/radiozapatista.org\/index.php?rest_route=\/wp\/v2\/pages\/20294","targetHints":{"allow":["GET"]}}],"collection":[{"href":"https:\/\/radiozapatista.org\/index.php?rest_route=\/wp\/v2\/pages"}],"about":[{"href":"https:\/\/radiozapatista.org\/index.php?rest_route=\/wp\/v2\/types\/page"}],"author":[{"embeddable":true,"href":"https:\/\/radiozapatista.org\/index.php?rest_route=\/wp\/v2\/users\/1"}],"replies":[{"embeddable":true,"href":"https:\/\/radiozapatista.org\/index.php?rest_route=%2Fwp%2Fv2%2Fcomments&post=20294"}],"version-history":[{"count":0,"href":"https:\/\/radiozapatista.org\/index.php?rest_route=\/wp\/v2\/pages\/20294\/revisions"}],"wp:attachment":[{"href":"https:\/\/radiozapatista.org\/index.php?rest_route=%2Fwp%2Fv2%2Fmedia&parent=20294"}],"curies":[{"name":"wp","href":"https:\/\/api.w.org\/{rel}","templated":true}]}}