{"id":20278,"date":"2017-01-25T14:35:17","date_gmt":"2017-01-25T20:35:17","guid":{"rendered":"https:\/\/radiozapatista.org\/?page_id=20278"},"modified":"2017-01-25T14:35:17","modified_gmt":"2017-01-25T20:35:17","slug":"declaraciones-de-la-selva-lacandona","status":"publish","type":"page","link":"https:\/\/radiozapatista.org\/?page_id=20278","title":{"rendered":"[:es]Declaraciones de la Selva Lacandona[:en]Declarations of the Lacandon Jungle[:]"},"content":{"rendered":"<p>[:es]<\/p>\n<p style=\"text-align: center;\"><a href=\"https:\/\/radiozapatista.org\/wp-content\/uploads\/2017\/01\/demandas.jpg\"><img loading=\"lazy\" decoding=\"async\" class=\"aligncenter size-medium wp-image-20279\" src=\"https:\/\/radiozapatista.org\/wp-content\/uploads\/2017\/01\/demandas-300x300.jpg\" alt=\"demandas\" width=\"300\" height=\"300\" srcset=\"https:\/\/radiozapatista.org\/wp-content\/uploads\/2017\/01\/demandas-300x300.jpg 300w, https:\/\/radiozapatista.org\/wp-content\/uploads\/2017\/01\/demandas-150x150.jpg 150w, https:\/\/radiozapatista.org\/wp-content\/uploads\/2017\/01\/demandas.jpg 747w\" sizes=\"auto, (max-width: 300px) 100vw, 300px\" \/><\/a><\/p>\n<ol>\n<li style=\"text-align: center;\"><a href=\"https:\/\/radiozapatista.org\/?p=20280\">Primera Declaraci\u00f3n de la Selva Lacandona<\/a> (1994)<\/li>\n<li style=\"text-align: center;\"><a href=\"https:\/\/radiozapatista.org\/?p=20282\">Segunda Declaraci\u00f3n de la Selva Lacandona<\/a> (1994)<\/li>\n<li style=\"text-align: center;\"><a href=\"https:\/\/radiozapatista.org\/?p=20284\">Tercera Declaraci\u00f3n de la Selva Lacandona<\/a> (1995)<\/li>\n<li style=\"text-align: center;\"><a href=\"https:\/\/radiozapatista.org\/?p=20287\">Cuarta Declaraci\u00f3n de la Selva Lacandona<\/a> (1996)<\/li>\n<li style=\"text-align: center;\"><a href=\"https:\/\/radiozapatista.org\/?p=20289\">Quinta Declaraci\u00f3n de la Selva Lacandona<\/a> (1998)<\/li>\n<li style=\"text-align: center;\"><a href=\"https:\/\/radiozapatista.org\/?p=20276\">Sexta Declaraci\u00f3n de la Selva Lacandona<\/a> (2005)<\/li>\n<\/ol>\n<p>[:en]<\/p>\n<p style=\"text-align: center;\"><a href=\"https:\/\/radiozapatista.org\/wp-content\/uploads\/2017\/01\/demandas.jpg\"><img loading=\"lazy\" decoding=\"async\" class=\"aligncenter size-medium wp-image-20279\" src=\"https:\/\/radiozapatista.org\/wp-content\/uploads\/2017\/01\/demandas-300x300.jpg\" alt=\"demandas\" width=\"300\" height=\"300\" srcset=\"https:\/\/radiozapatista.org\/wp-content\/uploads\/2017\/01\/demandas-300x300.jpg 300w, https:\/\/radiozapatista.org\/wp-content\/uploads\/2017\/01\/demandas-150x150.jpg 150w, https:\/\/radiozapatista.org\/wp-content\/uploads\/2017\/01\/demandas.jpg 747w\" sizes=\"auto, (max-width: 300px) 100vw, 300px\" \/><\/a><\/p>\n<ol>\n<li style=\"text-align: center;\"><a href=\"https:\/\/radiozapatista.org\/?p=20280&amp;lang=en\">First Declaration of the Lacandon Jungle<\/a> (1994)<\/li>\n<li style=\"text-align: center;\"><a href=\"https:\/\/radiozapatista.org\/?p=20282&amp;lang=en\">Second Declaration of the Lacandon Jungle<\/a> (1994)<\/li>\n<li style=\"text-align: center;\"><a href=\"https:\/\/radiozapatista.org\/?p=20284&amp;lang=en\">Third Declaration of the Lacandon Jungle<\/a> (1995)<\/li>\n<li style=\"text-align: center;\"><a href=\"https:\/\/radiozapatista.org\/?p=20287&amp;lang=en\">Fourth Declaration of the Lacandon Jungle<\/a> (1996)<\/li>\n<li style=\"text-align: center;\"><a href=\"https:\/\/radiozapatista.org\/?p=20289&amp;lang=en\">Fifth Declaration of the Lacandon Jungle<\/a> (1998)<\/li>\n<li style=\"text-align: center;\"><a href=\"https:\/\/radiozapatista.org\/?p=20276&amp;lang=en\">Sixth Declaration of the Lacandon Jungle<\/a> (2005)<\/li>\n<\/ol>\n<p>[:]<\/p>\n","protected":false},"excerpt":{"rendered":"<p>[:es] Primera Declaraci\u00f3n de la Selva Lacandona (1994) Segunda Declaraci\u00f3n de la Selva Lacandona (1994) Tercera Declaraci\u00f3n de la Selva Lacandona (1995) Cuarta Declaraci\u00f3n de la Selva Lacandona (1996) Quinta Declaraci\u00f3n de la Selva Lacandona (1998) Sexta Declaraci\u00f3n de la Selva Lacandona (2005) [:en] First Declaration of the Lacandon Jungle (1994) Second Declaration of the [&hellip;]<\/p>\n","protected":false},"author":1,"featured_media":0,"parent":0,"menu_order":0,"comment_status":"closed","ping_status":"closed","template":"","meta":{"footnotes":""},"class_list":["post-20278","page","type-page","status-publish","hentry"],"_links":{"self":[{"href":"https:\/\/radiozapatista.org\/index.php?rest_route=\/wp\/v2\/pages\/20278","targetHints":{"allow":["GET"]}}],"collection":[{"href":"https:\/\/radiozapatista.org\/index.php?rest_route=\/wp\/v2\/pages"}],"about":[{"href":"https:\/\/radiozapatista.org\/index.php?rest_route=\/wp\/v2\/types\/page"}],"author":[{"embeddable":true,"href":"https:\/\/radiozapatista.org\/index.php?rest_route=\/wp\/v2\/users\/1"}],"replies":[{"embeddable":true,"href":"https:\/\/radiozapatista.org\/index.php?rest_route=%2Fwp%2Fv2%2Fcomments&post=20278"}],"version-history":[{"count":0,"href":"https:\/\/radiozapatista.org\/index.php?rest_route=\/wp\/v2\/pages\/20278\/revisions"}],"wp:attachment":[{"href":"https:\/\/radiozapatista.org\/index.php?rest_route=%2Fwp%2Fv2%2Fmedia&parent=20278"}],"curies":[{"name":"wp","href":"https:\/\/api.w.org\/{rel}","templated":true}]}}