{"id":19520,"date":"2016-12-07T18:43:30","date_gmt":"2016-12-08T00:43:30","guid":{"rendered":"https:\/\/radiozapatista.org\/?page_id=19520"},"modified":"2018-01-01T11:58:43","modified_gmt":"2018-01-01T17:58:43","slug":"ls-zapatistas-y-las-conciencias-por-la-humanidad","status":"publish","type":"page","link":"https:\/\/radiozapatista.org\/?page_id=19520","title":{"rendered":"[:es]L@s Zapatistas y las ConCIENCIAS por la Humanidad[:en]The Zapatistas and ConCIENCIAS for Humanity[:]"},"content":{"rendered":"<p>[:es]<\/p>\n<h4 style=\"text-align: center;\">Cideci-Universidad de la Tierra Chiapas<br \/>\nSan Crist\u00f3bal de Las Casas<br \/>\nPrimera edici\u00f3n: 26 de diciembre de 2016 a 4 de enero de 2017<br \/>\nSegunda edici\u00f3n: 26 a 30 de diciembre de 2017<\/h4>\n<p style=\"text-align: center;\"><strong>Ve tambi\u00e9n<\/strong><strong>:<\/strong><br \/>\n<strong><a href=\"http:\/\/conciencias.org.mx\/\" target=\"_blank\" rel=\"noopener\">http:\/\/conciencias.org.mx\/<\/a><\/strong><\/p>\n<p style=\"text-align: center;\"><a href=\"https:\/\/radiozapatista.org\/wp-content\/uploads\/2017\/12\/conCiencias.jpg\"><br \/>\n<img loading=\"lazy\" decoding=\"async\" class=\"aligncenter size-medium wp-image-24910\" src=\"https:\/\/radiozapatista.org\/wp-content\/uploads\/2017\/12\/conCiencias-202x300.jpg\" alt=\"\" width=\"202\" height=\"300\" srcset=\"https:\/\/radiozapatista.org\/wp-content\/uploads\/2017\/12\/conCiencias-202x300.jpg 202w, https:\/\/radiozapatista.org\/wp-content\/uploads\/2017\/12\/conCiencias-768x1139.jpg 768w, https:\/\/radiozapatista.org\/wp-content\/uploads\/2017\/12\/conCiencias-690x1024.jpg 690w, https:\/\/radiozapatista.org\/wp-content\/uploads\/2017\/12\/conCiencias.jpg 863w\" sizes=\"auto, (max-width: 202px) 100vw, 202px\" \/><\/a><\/p>\n<p style=\"text-align: center;\"><strong><a href=\"https:\/\/radiozapatista.org\/?tag=conciencias\">Haz clic aqu\u00ed<\/a><\/strong> para ver todas las entradas referentes al Encuentro ConCIENCIAS en RZ.<\/p>\n<p>&nbsp;<\/p>\n<hr \/>\n<h3 style=\"text-align: center;\">SEGUNDA EDICI\u00d3N<br \/>\n26 a 30 de diciembre de 2017<\/h3>\n<p style=\"text-align: center;\">(26 de diciembre &#8211; registro)<\/p>\n<p style=\"text-align: center;\"><strong><a href=\"https:\/\/radiozapatista.org\/?p=24923\">27 de diciembre &#8211; D\u00eda 1<\/a> <\/strong>(RZ &#8211; texto, audios y fotos)<strong><br \/>\n<\/strong><\/p>\n<p style=\"text-align: center;\"><a href=\"https:\/\/radiozapatista.org\/?p=25070\">\u201c\u00bfSe ven como cient\u00edficos rebeldes?\u201d, cuestionan Bases de Apoyo zapatistas, en el Festival Conciencias por la Humanidad<\/a> (Radio Pozol)<\/p>\n<p style=\"text-align: center;\"><a href=\"https:\/\/radiozapatista.org\/?p=25078\">\u201cEl PRI, necesita siempre un crimen aterrador como parte de su proyecto\u201d, Sub Galeano<\/a> (Radio Pozol)<\/p>\n<p style=\"text-align: center;\"><a href=\"https:\/\/radiozapatista.org\/?p=24967\"><strong>28 de diciembre &#8211; D\u00eda 2 <\/strong><\/a>(RZ &#8211;\u00a0 texto, audios y fotos)<strong><br \/>\n<\/strong><\/p>\n<p style=\"text-align: center;\"><a href=\"https:\/\/radiozapatista.org\/?p=25038\"><strong>29 de diciembre &#8211; D\u00eda 3<\/strong><\/a> (RZ &#8211; texto, audios y fotos)<strong><br \/>\n<\/strong><\/p>\n<p style=\"text-align: center;\"><a href=\"https:\/\/radiozapatista.org\/?p=25094\"><strong>30 de diciembre &#8211; D\u00eda 4 <\/strong><\/a>(RZ &#8211; texto, audios y fotos)<strong><br \/>\n<\/strong><\/p>\n<p>&nbsp;<\/p>\n<hr \/>\n<h3 style=\"text-align: center;\">PRIMERA EDICI\u00d3N<br \/>\n25 diciembre 2016 a 4 enero 2017<\/h3>\n<p style=\"text-align: center;\"><a href=\"https:\/\/radiozapatista.org\/?p=19548\"><strong>26 de diciembre &#8211; D\u00eda 1<\/strong><\/a> (RZ &#8211; audios y fotos)<\/p>\n<p style=\"text-align: center;\"><a href=\"https:\/\/radiozapatista.org\/?p=19787\"><strong>\u00bfY ustedes qu\u00e9? Primer d\u00eda del ConCIENCIAS<\/strong><\/a> (RZ &#8211; texto)<\/p>\n<p style=\"text-align: center;\"><a href=\"https:\/\/radiozapatista.org\/?p=19853\"><strong>L@s Zapatistas y las ConCiencias por la Humanidad &#8211; D\u00eda 1<\/strong><\/a> (SubVersiones &#8211; texto y fotos)<\/p>\n<p style=\"text-align: center;\"><a href=\"https:\/\/radiozapatista.org\/?p=19546\"><strong>27 de diciembre &#8211; D\u00eda 2<\/strong> (RZ &#8211; audios y fotos)<\/a><\/p>\n<p style=\"text-align: center;\"><strong><a href=\"https:\/\/radiozapatista.org\/?p=19856\">L@s zapatistas y las ConCiencias por la Humanidad (d\u00eda 2)<\/a><\/strong> (SubVersiones &#8211; texto y foto)<\/p>\n<p style=\"text-align: center;\"><a href=\"https:\/\/radiozapatista.org\/?p=19544\"><strong>28 de diciembre &#8211; D\u00eda 3<\/strong> (RZ &#8211; audios y fotos)<\/a><\/p>\n<p style=\"text-align: center;\"><strong><a href=\"https:\/\/radiozapatista.org\/?p=19861\">L@s zapatistas y las ConCiencias por la Humanidad (d\u00eda 3)<\/a><\/strong> (SubVersiones &#8211; texto y foto)<\/p>\n<p style=\"text-align: center;\"><a href=\"https:\/\/radiozapatista.org\/?p=19542\"><strong>29 de diciembre &#8211; D\u00eda 4<\/strong> (RZ &#8211; audios y fotos)<\/a><\/p>\n<p style=\"text-align: center;\"><strong><a href=\"https:\/\/radiozapatista.org\/?p=19906\">L@s zapatistas y las ConCiencias por la Humanidad (d\u00eda 4)<\/a><\/strong> (SubVersiones &#8211; texto y foto)<\/p>\n<p style=\"text-align: center;\"><a href=\"https:\/\/radiozapatista.org\/?p=19540\"><strong>30 de diciembre &#8211; D\u00eda 5<\/strong> (RZ &#8211; audios y fotos)<\/a><\/p>\n<p class=\"post-title \" style=\"text-align: center;\"><strong><a title=\"Permanent Link: L@s zapatistas y las ConCiencias por la Humanidad (d\u00eda 5 y 6)\" href=\"https:\/\/radiozapatista.org\/?p=20144\" rel=\"bookmark\">L@s zapatistas y las ConCiencias por la Humanidad (d\u00eda 5 y 6)<\/a><\/strong> (SubVersiones &#8211; texto y foto)<\/p>\n<p style=\"text-align: center;\"><a href=\"https:\/\/radiozapatista.org\/?p=19536\"><strong>2 de diciembre &#8211; D\u00eda 6<\/strong> (RZ &#8211; audios y fotos)<\/a><\/p>\n<p style=\"text-align: center;\"><a href=\"https:\/\/radiozapatista.org\/?p=19534\"><strong>3 de enero &#8211; D\u00eda 7<\/strong> (RZ &#8211; audios y fotos)<\/a><\/p>\n<p style=\"text-align: center;\"><a href=\"https:\/\/radiozapatista.org\/?p=19532\"><strong>4 de enero &#8211; D\u00eda 8<\/strong> (RZ &#8211; audios y fotos)<\/a><\/p>\n<p style=\"text-align: center;\"><strong><a href=\"https:\/\/radiozapatista.org\/?p=20150\">El zapatismo, la ciencia consciente y la funci\u00f3n del arco iris<\/a><\/strong> (RZ &#8211; texto)<\/p>\n<hr \/>\n<h3 style=\"text-align: center;\">Comunicados<br \/>\n(del m\u00e1s reciente al m\u00e1s antiguo)<\/h3>\n<p style=\"text-align: center;\"><strong><a href=\"https:\/\/radiozapatista.org\/?p=25174\">Participaci\u00f3n de la Comisi\u00f3n Sexta del EZLN en la clausura del ConCiencias por la Humanidad: \u201cDEL CUADERNO DE APUNTES DEL GATO-PERRO\u201d<\/a><\/strong><br \/>\nSubcomandante Insurgente Galeano (ConCiencias d\u00eda 4 \u2013 30 de diciembre de 2017)<\/p>\n<p style=\"text-align: center;\"><strong><a href=\"https:\/\/radiozapatista.org\/?p=25027\">Convocatoria al Primer Encuentro internacional, pol\u00edtico, art\u00edstico, deportivo y cultural de mujeres que luchan<\/a><\/strong><br \/>\nComandantas Jessica, Esmeralda, Luc\u00eda, Zenaida y la ni\u00f1a Defensa Zapatista<br \/>\n(ConCiencias d\u00eda 3 &#8211; 29 de diciembre de 2017)<\/p>\n<p style=\"text-align: center;\"><strong><a href=\"https:\/\/radiozapatista.org\/?p=25027\">Trump, la navaja de Ockham, el gato de Schrodinger y el Gato-Perro<\/a><\/strong><br \/>\nSubcomandante Insurgente Galeano (ConCiencias d\u00eda 2 &#8211; 28 de diciembre de 2017)<\/p>\n<p style=\"text-align: center;\"><strong><a href=\"https:\/\/radiozapatista.org\/?p=25020\">Depende<\/a><\/strong><br \/>\nSubcomandante Insurgente Galeano (ConCiencias d\u00eda 1 &#8211; 27 de diciembre de 2017)<\/p>\n<p style=\"text-align: center;\"><strong><a href=\"http:\/\/enlacezapatista.ezln.org.mx\/2017\/11\/07\/segunda-edicion-del-conciencias-por-la-humanidad-con-el-tema-las-ciencias-frente-al-muro\/\" target=\"_blank\" rel=\"noopener\">Segunda edici\u00f3n del &#8220;ConCiencias por la Humanidad&#8221;<br \/>\ncon el tema &#8220;Las ciencias frente al muro&#8221;<\/a><\/strong><br \/>\nEquipo de apoyo a la Comisi\u00f3n VI (marzo de 2017)<\/p>\n<p style=\"text-align: center;\"><strong><a href=\"https:\/\/radiozapatista.org\/?p=20364\">Qu\u00e9 sigue II: Lo urgente y lo importante<\/a><\/strong><br \/>\nSubcomandante Insurgente Galeano (3 de enero de 2017)<\/p>\n<p style=\"text-align: center;\"><strong><a href=\"https:\/\/radiozapatista.org\/?p=20259\">Qu\u00e9 sigue I: Antes y ahora<\/a><\/strong><br \/>\nSubcomandante Insurgente Mois\u00e9s (3 de enero de 2017)<\/p>\n<p style=\"text-align: center;\"><strong><a href=\"https:\/\/radiozapatista.org\/?p=20247\">Alquimia Zapatista<\/a><\/strong><br \/>\nSubcomandante Insurgente Galeano (2 de enero de 2017)<\/p>\n<p style=\"text-align: center;\"><strong><a href=\"https:\/\/radiozapatista.org\/?p=20205\">Pronunciamiento conjunto del CNI y el EZLN por la libertad de la hermana mapuche Machi Francisca Lincolao Huircapan<\/a><\/strong><br \/>\n(4 de enero de 2017)<\/p>\n<p style=\"text-align: center;\"><strong><a href=\"https:\/\/radiozapatista.org\/?p=19966\">El Gato-Perro y el Apocalipsis<\/a><\/strong><br \/>\nSupGaleano (29 de diciembre de 2016)<\/p>\n<p style=\"text-align: center;\"><strong><a href=\"https:\/\/radiozapatista.org\/?p=19903\">Las Artes y las Ciencias en la historia del (neo) Zapatismo<\/a><\/strong><br \/>\nSubcomandante Insurgente Mois\u00e9s y Subcomandante Insurgente Galeano (28 de diciembre de 2016)<\/p>\n<p style=\"text-align: center;\"><strong><a href=\"https:\/\/radiozapatista.org\/?p=19817\">\u201cLa culpa es de la flor\u201d<\/a><\/strong><br \/>\nAlquimista SupGaleano (27 de diciembre de 2016)<\/p>\n<p style=\"text-align: center;\"><strong><a href=\"https:\/\/radiozapatista.org\/?p=19767\">Algunas Primeras Preguntas a las Ciencias y sus Conciencias<\/a><\/strong><br \/>\nSupGaleano (26 de diciembre del 2016)<\/p>\n<p style=\"text-align: center;\"><strong><a href=\"https:\/\/radiozapatista.org\/?p=19765\">Palabras de la Comandancia General del EZLN a nombre de las mujeres, hombres, ni\u00f1os y ancianos zapatistas en el Inicio del Encuentro \u201cL@s Zapatistas y las ConCiencias por la Humanidad\u201d<\/a><\/strong><br \/>\n(26 de diciembre del 2016)<\/p>\n<p style=\"text-align: center;\"><a href=\"https:\/\/radiozapatista.org\/?p=19716\"><strong>Programa de actividades del encuentro \u201cL@s Zapatistas y las ConCiencias por la Humanidad\u201d.<\/strong><\/a><br \/>\n(25 de diciembre del 2016)<\/p>\n<p style=\"text-align: center;\"><a href=\"https:\/\/radiozapatista.org\/?p=19583\"><strong>Informe sobre el Encuentro <em>&#8220;L@s Zapatistas y Las ConCiencias por la Humanidad&#8221;<\/em>. <\/strong><\/a><br \/>\nSubcomandante Insurgente Mois\u00e9s (15 de diciembre del 2016)<\/p>\n<p style=\"text-align: center;\"><strong><a href=\"https:\/\/radiozapatista.org\/?p=19205\">Calendario de continuaci\u00f3n del 5\u00ba Congreso del CNI<br \/>\ny del Encuentro \u201cL@s Zapatistas y las ConCiencias por la Humanidad\u201d.<\/a><\/strong><br \/>\nSubcomandante Insurgente Mois\u00e9s, Subcomandante Insurgente Galeano<br \/>\n(26 de octubre de 2016)<\/p>\n<p style=\"text-align: center;\"><strong><a href=\"https:\/\/radiozapatista.org\/?p=18679\">Una casa, otros mundos<\/a><\/strong><br \/>\nSubcomandante Insurgente Mois\u00e9s, Subcomandante Insurgente Galeano<br \/>\n(julio-agosto-septiembre de 2016)<\/p>\n<p id=\"post-16376\" class=\"post-title\" style=\"text-align: center;\"><a href=\"https:\/\/radiozapatista.org\/?p=16376\"><strong>Avances del Encuentro \u201cL@s Zapatistas y las ConCiencias por la Humanidad&#8221;<\/strong><\/a><br \/>\nSubcomandante Insurgente Mois\u00e9s, Subcomandante Insurgente Galeano<br \/>\n(16 de marzo de 2016)<\/p>\n<p style=\"text-align: center;\"><strong> <a href=\"https:\/\/radiozapatista.org\/?p=16252\">CONVOCATORIA ZAPATISTA A ACTIVIDADES 2016<\/a><\/strong><br \/>\nSubcomandante Insurgente Mois\u00e9s (febrero del 2016)<\/p>\n<p style=\"text-align: center;\"><strong><a href=\"https:\/\/radiozapatista.org\/?p=16234\">Las artes, las ciencias, los pueblos originarios y los s\u00f3tanos del mundo<\/a><\/strong><br \/>\nSubcomandante Insurgente Galeano (febrero del 2016)<\/p>\n<p>[:en]<\/p>\n<h4 style=\"text-align: center;\">Cideci-Universidad de la Tierra Chiapas<br \/>\nSan Crist\u00f3bal de Las Casas<br \/>\n26 December 2016 &#8211; 4 January 2017<br \/>\n* 26 &#8211; 30 December 2017 *<\/h4>\n<p style=\"text-align: center;\"><strong>See also:<\/strong><br \/>\n<strong><a href=\"http:\/\/conciencias.org.mx\/\" target=\"_blank\" rel=\"noopener\">http:\/\/conciencias.org.mx\/<\/a><\/strong><\/p>\n<p style=\"text-align: center;\"><a href=\"https:\/\/radiozapatista.org\/wp-content\/uploads\/2017\/12\/conCiencias.jpg\"><img loading=\"lazy\" decoding=\"async\" class=\"aligncenter size-medium wp-image-24910\" src=\"https:\/\/radiozapatista.org\/wp-content\/uploads\/2017\/12\/conCiencias-202x300.jpg\" alt=\"\" width=\"202\" height=\"300\" srcset=\"https:\/\/radiozapatista.org\/wp-content\/uploads\/2017\/12\/conCiencias-202x300.jpg 202w, https:\/\/radiozapatista.org\/wp-content\/uploads\/2017\/12\/conCiencias-768x1139.jpg 768w, https:\/\/radiozapatista.org\/wp-content\/uploads\/2017\/12\/conCiencias-690x1024.jpg 690w, https:\/\/radiozapatista.org\/wp-content\/uploads\/2017\/12\/conCiencias.jpg 863w\" sizes=\"auto, (max-width: 202px) 100vw, 202px\" \/><\/a><\/p>\n<p style=\"text-align: center;\"><strong><a href=\"https:\/\/radiozapatista.org\/?tag=conciencias&amp;lang=en\">Click here<\/a><\/strong> to see all posts related to ConCIENCIAS.<\/p>\n<hr \/>\n<h3 style=\"text-align: center;\">SECOND EDITION<br \/>\n26 &#8211; 30 December 2017<\/h3>\n<p style=\"text-align: center;\">(26 December: Registration)<\/p>\n<p style=\"text-align: center;\"><strong><a href=\"https:\/\/radiozapatista.org\/?p=24923&amp;lang=en\">27 December &#8211; Day 1<\/a> <\/strong>(RZ &#8211; text, audios, photos)<\/p>\n<p style=\"text-align: center;\"><a href=\"https:\/\/radiozapatista.org\/?p=25070\">\u201c\u00bfSe ven como cient\u00edficos rebeldes?\u201d, cuestionan Bases de Apoyo zapatistas, en el Festival Conciencias por la Humanidad<\/a> (Radio Pozol)<\/p>\n<p style=\"text-align: center;\"><a href=\"https:\/\/radiozapatista.org\/?p=24967&amp;lang=en\"><strong>28 December &#8211; Day 2<\/strong><\/a> (RZ &#8211; text, audios, photos)<strong><br \/>\n<\/strong><\/p>\n<p style=\"text-align: center;\"><a href=\"https:\/\/radiozapatista.org\/?p=25038&amp;lang=en\"><strong>29 December &#8211; Day 3<\/strong><\/a> (RZ &#8211; text, audios, photos)<strong><br \/>\n<\/strong><\/p>\n<p style=\"text-align: center;\"><strong>30 December &#8211; Day 4<br \/>\n<\/strong><\/p>\n<p>&nbsp;<\/p>\n<hr \/>\n<h3 style=\"text-align: center;\">FIRST EDITION<br \/>\n25 Dec 2016 &#8211; 4 Jan 2017<\/h3>\n<p style=\"text-align: center;\"><strong>26 December &#8211; <a href=\"https:\/\/radiozapatista.org\/?p=19548&amp;lang=en\">Day 1<\/a><\/strong><\/p>\n<p style=\"text-align: center;\"><strong><a href=\"https:\/\/radiozapatista.org\/?p=19787&amp;lang=en\">What about You? First Day of ConSciences<\/a> <\/strong>(RZ)<\/p>\n<p style=\"text-align: center;\"><a href=\"https:\/\/radiozapatista.org\/?p=19853&amp;lang=en\"><strong>L@s Zapatistas y las ConCiencias por la Humanidad &#8211; D\u00eda 1<\/strong><\/a> (SubVersiones)<\/p>\n<p style=\"text-align: center;\"><strong>27 December &#8211; <a href=\"https:\/\/radiozapatista.org\/?p=19546&amp;lang=en\">Day 2<\/a><\/strong><\/p>\n<p style=\"text-align: center;\"><strong><a href=\"https:\/\/radiozapatista.org\/?p=19856&amp;lang=en\">L@s zapatistas y las ConCiencias por la Humanidad (d\u00eda 2)<\/a><\/strong> (SubVersiones)<\/p>\n<p style=\"text-align: center;\"><strong>28 December &#8211; <a href=\"https:\/\/radiozapatista.org\/?p=19544&amp;lang=en\">Day 3<\/a><\/strong><\/p>\n<p style=\"text-align: center;\"><strong><a href=\"https:\/\/radiozapatista.org\/?p=19861&amp;lang=en\">L@s zapatistas y las ConCiencias por la Humanidad (d\u00eda 3)<\/a><\/strong> (SubVersiones)<\/p>\n<p style=\"text-align: center;\"><strong>29 December &#8211; <a href=\"https:\/\/radiozapatista.org\/?p=19542&amp;lang=en\">Day 4<\/a><\/strong><\/p>\n<p style=\"text-align: center;\"><strong><a href=\"https:\/\/radiozapatista.org\/?p=19906\">L@s zapatistas y las ConCiencias por la Humanidad (d\u00eda 4)<\/a><\/strong> (SubVersiones &#8211; texto y foto)<\/p>\n<p style=\"text-align: center;\"><strong>30 December &#8211; <a href=\"https:\/\/radiozapatista.org\/?p=19540&amp;lang=en\">Day 5<\/a><\/strong><\/p>\n<p style=\"text-align: center;\"><strong><a title=\"Permanent Link: L@s zapatistas y las ConCiencias por la Humanidad (d\u00eda 5 y 6)\" href=\"https:\/\/radiozapatista.org\/?p=20144\" rel=\"bookmark\">L@s zapatistas y las ConCiencias por la Humanidad (d\u00eda 5 y 6)<\/a><\/strong> (SubVersiones &#8211; texto y foto)<\/p>\n<p style=\"text-align: center;\"><strong>2 December &#8211; <a href=\"https:\/\/radiozapatista.org\/?p=19536&amp;lang=en\">Day 6<\/a><\/strong><\/p>\n<p style=\"text-align: center;\"><strong>3 January &#8211; <a href=\"https:\/\/radiozapatista.org\/?p=19534&amp;lang=en\">Day 7<\/a><\/strong><\/p>\n<p style=\"text-align: center;\"><strong>4 January &#8211; <a href=\"https:\/\/radiozapatista.org\/?p=19532&amp;lang=en\">Day 8<\/a><\/strong><\/p>\n<hr \/>\n<h3 style=\"text-align: center;\">Communiqu\u00e9s<\/h3>\n<p style=\"text-align: center;\"><strong><a href=\"https:\/\/radiozapatista.org\/?p=25174&amp;lang=en\">Participation of the Sixth Commission of the EZLN in the closure of the ConSciences for Humanity: \u201cFrom the Cat-Dog\u2019s Notebook\u201d<\/a><\/strong><br \/>\nSubcomandante Insurgente Galeano (ConSciences Day 4 \u2013 30 Dec 2017)<\/p>\n<p style=\"text-align: center;\"><strong><a href=\"https:\/\/radiozapatista.org\/?p=25027&amp;lang=en\">Invitation to the First International, Political, Artistic, Sports and Cultural Encounter of Women who Struggle<\/a><\/strong><br \/>\nComandantas Jessica, Esmeralda, Luc\u00eda, Zenaida y la ni\u00f1a Defensa Zapatista<br \/>\n(ConSciences Day 3 &#8211; 29 Dec 2017)<\/p>\n<p style=\"text-align: center;\"><strong><a href=\"https:\/\/radiozapatista.org\/?p=25027&amp;lang=en\">Trump, Ockham&#8217;s Razor, Schrodinger&#8217;s Cat, and the Cat-Dog<\/a><\/strong><br \/>\nSubcomandante Insurgente Galeano (ConSciences Day 2 &#8211; 28 Dec 2017)<\/p>\n<p style=\"text-align: center;\"><strong><a href=\"https:\/\/radiozapatista.org\/?p=25020&amp;lang=en\">It Depends<\/a><\/strong><br \/>\nSubcomandante Insurgente Galeano (ConSciences Day 1 &#8211; 28 Dec 2017)<\/p>\n<p style=\"text-align: center;\"><strong><a href=\"http:\/\/enlacezapatista.ezln.org.mx\/2017\/11\/08\/announcing-the-second-edition-of-consciences-for-humanity-themed-the-sciences-confront-the-wall\/\" target=\"_blank\" rel=\"noopener\">Announcing the Second Edition of \u201cConSciences for Humanity,\u201d themed: \u201cThe Sciences Confront the Wall\u201d<\/a><\/strong><br \/>\nSupport Team for the Sixth Commission (Mar 2017)<\/p>\n<p style=\"text-align: center;\"><strong><a href=\"https:\/\/radiozapatista.org\/?p=20364&amp;lang=en\">What\u2019s Next II: The urgent and the important<\/a><\/strong><br \/>\nSubcomandante Insurgente Galeano (3 Jan 2017)<\/p>\n<p style=\"text-align: center;\"><strong><a href=\"https:\/\/radiozapatista.org\/?p=20259&amp;lang=en\">What&#8217;s Next I: Before and now<\/a><\/strong><br \/>\nSubcomandante Insurgente Mois\u00e9s (3 Jan 2017)<\/p>\n<p style=\"text-align: center;\"><strong><a href=\"https:\/\/radiozapatista.org\/?p=20247&amp;lang=en\">Zapatista Alchemy<\/a><\/strong><br \/>\nSubcomandante Insurgente Galeano (2 Jan 2017)<\/p>\n<p class=\"post-title \" style=\"text-align: center;\"><strong><a title=\"Permanent Link: Pronunciamiento conjunto del CNI y el EZLN por la libertad de la hermana mapuche Machi Francisca Lincolao Huircapan\" href=\"https:\/\/radiozapatista.org\/?p=20205&amp;lang=en\" rel=\"bookmark\">Joint Communiqu\u00e9 by the CNI and the EZLN for the liberation of the Mapuche sister Machi Francisca Lincolao Huircapan<\/a><\/strong><br \/>\n(4 Jan 2017)<\/p>\n<p style=\"text-align: center;\"><strong><a href=\"https:\/\/radiozapatista.org\/?p=19966&amp;lang=en\">The Cat-Dog and the Apocalypse<\/a><\/strong><br \/>\nSupGaleano (29 Dec 2016)<\/p>\n<p style=\"text-align: center;\"><strong><a href=\"https:\/\/radiozapatista.org\/?p=19903&amp;lang=en\">The Arts, the Sciencies and the History of (Neo)Zapatismo<\/a><\/strong><br \/>\nSubcomandante Insurgente Mois\u00e9s and Subcomandante Insurgente Galeano (28 Dec 2016)<\/p>\n<p style=\"text-align: center;\"><strong><a href=\"https:\/\/radiozapatista.org\/?p=19817&amp;lang=en\">\u201cThe Flower Is to Blame\u201d<\/a><\/strong><br \/>\nAlquimista SupGaleano (27 Dec 2016)<\/p>\n<p style=\"text-align: center;\"><strong><a href=\"https:\/\/radiozapatista.org\/?p=19767&amp;lang=en\">Some First Questions to the Sciences and their Consciences<\/a><\/strong><br \/>\nSupGaleano (26 Dec 2016)<\/p>\n<p style=\"text-align: center;\"><strong><a href=\"https:\/\/radiozapatista.org\/?p=19765&amp;lang=en\">Words by the General Command of the EZLN in the name of the Zapatista women, men, children, and elders at the beginning of the Encounter &#8220;The Zapatistas and ConSciences for Humanities&#8221;<\/a><\/strong><br \/>\n(26 Dec 2016)<\/p>\n<p style=\"text-align: center;\"><strong><a href=\"https:\/\/radiozapatista.org\/?p=16234&amp;lang=en\">The Arts, Sciences, Indigenous Peoples and the World\u2019s Basements<\/a><\/strong><br \/>\nSubcomandante Insurgente Galeano (Feb 2016)<\/p>\n<p style=\"text-align: center;\"><strong><a href=\"https:\/\/radiozapatista.org\/?p=16252&amp;lang=en\">Zapatista Call to Activities 2016<\/a><\/strong><br \/>\nSubcomandante Insurgente Mois\u00e9s (Feb 2016)<\/p>\n<p style=\"text-align: center;\"><a href=\"https:\/\/radiozapatista.org\/?p=16376&amp;lang=en\"><strong>Progress on the Encounter \u201cThe Zapatistas and ConSciences for Humanity\u201d<\/strong><\/a><br \/>\nSubcomandante Insurgente Mois\u00e9s, Subcomandante Insurgente Galeano<br \/>\n(16 Mar 2016)<\/p>\n<p style=\"text-align: center;\"><strong><a href=\"https:\/\/radiozapatista.org\/?p=18679&amp;lang=en\">One House, Other Worlds<\/a><\/strong><br \/>\nSubcomandante Insurgente Mois\u00e9s, Subcomandante Insurgente Galeano<br \/>\n(Jul-Aug-Sep 2016)<\/p>\n<p style=\"text-align: center;\"><strong><a href=\"https:\/\/radiozapatista.org\/?p=19205&amp;lang=en\">Calendar for the Continuation the 5th Congress of the CNI<br \/>\nand the Encounter \u201cThe Zapatistas and ConCiencias for Humanity\u201d<\/a><\/strong><br \/>\nSubcomandante Insurgente Mois\u00e9s, Subcomandante Insurgente Galeano<br \/>\n(26 Oct 2016)<\/p>\n<p style=\"text-align: center;\"><strong><a href=\"https:\/\/radiozapatista.org\/?p=19583&amp;lang=en\">Update on the Gathering \u201cThe Zapatistas and ConSciences for Humanity\u201d<\/a><\/strong><br \/>\nSubcomandante Insurgente Mois\u00e9s (15 Dec 2016)<\/p>\n<p style=\"text-align: center;\"><a href=\"https:\/\/radiozapatista.org\/?p=19716&amp;lang=en\"><strong>Program of Activities for the Encounter \u201cThe Zapatistas and ConSciences for Humanity\u201d.<\/strong><\/a><br \/>\n(25 diciembre del 2016)<\/p>\n<p>[:]<\/p>\n","protected":false},"excerpt":{"rendered":"<p>[:es] Cideci-Universidad de la Tierra Chiapas San Crist\u00f3bal de Las Casas Primera edici\u00f3n: 26 de diciembre de 2016 a 4 de enero de 2017 Segunda edici\u00f3n: 26 a 30 de diciembre de 2017 Ve tambi\u00e9n: http:\/\/conciencias.org.mx\/ Haz clic aqu\u00ed para ver todas las entradas referentes al Encuentro ConCIENCIAS en RZ. &nbsp; SEGUNDA EDICI\u00d3N 26 a [&hellip;]<\/p>\n","protected":false},"author":1,"featured_media":0,"parent":29,"menu_order":0,"comment_status":"closed","ping_status":"closed","template":"","meta":{"footnotes":""},"class_list":["post-19520","page","type-page","status-publish","hentry"],"_links":{"self":[{"href":"https:\/\/radiozapatista.org\/index.php?rest_route=\/wp\/v2\/pages\/19520","targetHints":{"allow":["GET"]}}],"collection":[{"href":"https:\/\/radiozapatista.org\/index.php?rest_route=\/wp\/v2\/pages"}],"about":[{"href":"https:\/\/radiozapatista.org\/index.php?rest_route=\/wp\/v2\/types\/page"}],"author":[{"embeddable":true,"href":"https:\/\/radiozapatista.org\/index.php?rest_route=\/wp\/v2\/users\/1"}],"replies":[{"embeddable":true,"href":"https:\/\/radiozapatista.org\/index.php?rest_route=%2Fwp%2Fv2%2Fcomments&post=19520"}],"version-history":[{"count":0,"href":"https:\/\/radiozapatista.org\/index.php?rest_route=\/wp\/v2\/pages\/19520\/revisions"}],"up":[{"embeddable":true,"href":"https:\/\/radiozapatista.org\/index.php?rest_route=\/wp\/v2\/pages\/29"}],"wp:attachment":[{"href":"https:\/\/radiozapatista.org\/index.php?rest_route=%2Fwp%2Fv2%2Fmedia&parent=19520"}],"curies":[{"name":"wp","href":"https:\/\/api.w.org\/{rel}","templated":true}]}}