{"id":14631,"date":"2015-10-01T14:44:39","date_gmt":"2015-10-01T19:44:39","guid":{"rendered":"https:\/\/radiozapatista.org\/?page_id=14631"},"modified":"2017-11-17T11:26:37","modified_gmt":"2017-11-17T17:26:37","slug":"quienes-somos","status":"publish","type":"page","link":"https:\/\/radiozapatista.org\/?page_id=14631","title":{"rendered":"Qui\u00e9nes Somos"},"content":{"rendered":"<p>Radio Zapatista es un colectivo de medios libres, aut\u00f3nomos, alternativos o como se llamen, conformado por comunicadorxs independientes que creemos en la posibilidad de construir un M\u00e9xico fuera de la l\u00f3gica capitalista del lucro y la competencia, y muchos mundos con justicia, libertad y dignidad. Nuestra mirada es desde abajo y a la izquierda, inspirada por el ejemplo de lucha y construcci\u00f3n de los pueblos zapatistas y del EZLN, as\u00ed como las luchas y rebeld\u00edas de muchas otras geograf\u00edas. <\/p>\n<p>El colectivo surgi\u00f3 en el \u00e1rea de San Francisco, California, en 2006, en el contexto de la Sexta Declaraci\u00f3n de la Selva Lacandona y la Otra Campa\u00f1a. Antes de eso, Radio Zapatista era un programa mensual en Pacifica Radio, organizado por un grupo de solidaridad con las comunidades zapatistas de Chiapas. A partir de los desaf\u00edos, esperanzas y provocaciones de la Sexta Declaraci\u00f3n, un grupo de adherentes, en su mayor\u00eda migrantes y chicanos, conformamos el colectivo. Con el tiempo, algunxs miembros fuimos migrando a M\u00e9xico, otrxs salieron, otrxs se unieron, y hoy nos encontramos en varias geograf\u00edas del pa\u00eds, desde donde producimos y difundimos reportajes, audios, noticias y programas sobre las luchas inspiradas por lxs zapatistas de M\u00e9xico y el mundo.<\/p>\n<p>&nbsp;<\/p>\n<p>&nbsp;<\/p>\n<p>&nbsp;<\/p>\n<p>.<\/p>","protected":false},"excerpt":{"rendered":"<p>Radio Zapatista es un colectivo de medios libres, aut\u00f3nomos, alternativos o como se llamen, conformado por comunicadorxs independientes que creemos en la posibilidad de construir un M\u00e9xico fuera de la l\u00f3gica capitalista del lucro y la competencia, y muchos mundos con justicia, libertad y dignidad. Nuestra mirada es desde abajo y a la izquierda, inspirada [&hellip;]<\/p>\n","protected":false},"author":1,"featured_media":0,"parent":0,"menu_order":0,"comment_status":"closed","ping_status":"closed","template":"","meta":{"footnotes":""},"class_list":["post-14631","page","type-page","status-publish","hentry"],"_links":{"self":[{"href":"https:\/\/radiozapatista.org\/index.php?rest_route=\/wp\/v2\/pages\/14631","targetHints":{"allow":["GET"]}}],"collection":[{"href":"https:\/\/radiozapatista.org\/index.php?rest_route=\/wp\/v2\/pages"}],"about":[{"href":"https:\/\/radiozapatista.org\/index.php?rest_route=\/wp\/v2\/types\/page"}],"author":[{"embeddable":true,"href":"https:\/\/radiozapatista.org\/index.php?rest_route=\/wp\/v2\/users\/1"}],"replies":[{"embeddable":true,"href":"https:\/\/radiozapatista.org\/index.php?rest_route=%2Fwp%2Fv2%2Fcomments&post=14631"}],"version-history":[{"count":0,"href":"https:\/\/radiozapatista.org\/index.php?rest_route=\/wp\/v2\/pages\/14631\/revisions"}],"wp:attachment":[{"href":"https:\/\/radiozapatista.org\/index.php?rest_route=%2Fwp%2Fv2%2Fmedia&parent=14631"}],"curies":[{"name":"wp","href":"https:\/\/api.w.org\/{rel}","templated":true}]}}