{"id":1393,"date":"2011-02-04T07:01:22","date_gmt":"2011-02-04T13:01:22","guid":{"rendered":"https:\/\/radiozapatista.org\/?page_id=1393"},"modified":"2011-04-01T00:57:13","modified_gmt":"2011-04-01T06:57:13","slug":"detienen-a-140-companeros-del-ejido-de-san-sebastian-bachajon","status":"publish","type":"page","link":"https:\/\/radiozapatista.org\/?page_id=1393","title":{"rendered":"Presos pol\u00edticos del ejido de San Sebasti\u00e1n Bachaj\u00f3n"},"content":{"rendered":"<p><\/p>\n<p style=\"text-align: center;\"><img loading=\"lazy\" decoding=\"async\" src=\"https:\/\/radiozapatista.org\/wp-content\/uploads\/2011\/03\/5diasBachajon.jpg\" alt=\"\" title=\"5diasBachajon\" width=\"310\" height=\"134\" class=\"aligncenter size-full wp-image-2178\" srcset=\"https:\/\/radiozapatista.org\/wp-content\/uploads\/2011\/03\/5diasBachajon.jpg 310w, https:\/\/radiozapatista.org\/wp-content\/uploads\/2011\/03\/5diasBachajon-300x129.jpg 300w\" sizes=\"auto, (max-width: 310px) 100vw, 310px\" \/><\/p>\n<hr>\n<p style=\"text-align: center;\"><a href=\"https:\/\/radiozapatista.org\/?p=2283\"><strong>Pueblos del mundo se unen para participar en los \u201c5 D\u00edas de Acci\u00f3n Mundial por los 5 de Bachaj\u00f3n\u201d <\/strong><\/a><br \/>\n(31 mar 2011)<\/p>\n<hr>\n<p style=\"text-align: center;\"><a href=\"https:\/\/radiozapatista.org\/?p=2273\"><strong>Manifestacion en Canada para Exigir la Libertad de los 5 de Bachaj\u00f3n <\/strong><\/a><br \/>\n(30 mar 2011)<\/p>\n<hr>\n<p style=\"text-align: center;\"><a href=\"https:\/\/radiozapatista.org\/?p=2271\"><strong>Actos en Barcelona para Exigir la Libertad de los 5 de Bachaj\u00f3n. 2, 3 y 5 de abril <\/strong><\/a><br \/>\n(30 mar 2011)<\/p>\n<hr>\n<p style=\"text-align: center;\"><a href=\"https:\/\/radiozapatista.org\/?p=2256\"><strong>Invitaci\u00f3n a la Campa\u00f1a 5 d\u00edas por los 5 presos pol\u00edticos de San Sebasti\u00e1n Bachaj\u00f3n (Frayba) <\/strong><\/a><br \/>\n(29 mar 2011)<\/p>\n<hr \/>\n<p style=\"text-align: center;\"><a href=\"https:\/\/radiozapatista.org\/?p=2172\"><strong>Denuncia de San Sebasti\u00e1n Bachaj\u00f3n<\/strong><\/a><br \/>\n(23 mar 2011)<\/p>\n<hr \/>\n<p style=\"text-align: center;\"><a href=\"https:\/\/radiozapatista.org\/?p=2175\"><strong>Primer Informe sobre la Convocatoria a los \u201c5 D\u00edas de Acci\u00f3n Mundial por los 5 de Bachaj\u00f3n\u201d<\/strong><\/a><br \/>\n(22 mar 2011)<\/p>\n<hr \/>\n<p style=\"text-align: center;\">\n<a href=\"https:\/\/radiozapatista.org\/?p=2112\"><strong>Convocatoria a \u201c5 D\u00edas de Acci\u00f3n Mundial por los 5 de Bachaj\u00f3n\u201d<\/strong><\/a><br \/>\n(17 mar 2011)<\/p>\n<hr \/>\n<p style=\"text-align: center;\"><iframe loading=\"lazy\" title=\"YouTube video player\" width=\"320\" height=\"210\" src=\"http:\/\/www.youtube.com\/embed\/dcTspD7NKmY\" frameborder=\"0\" allowfullscreen><\/iframe><\/p>\n<hr \/>\n<p style=\"text-align: center;\"><a href=\"https:\/\/radiozapatista.org\/?p=1961\"><strong>Conferencia de prensa de Bachaj\u00f3n<\/strong><\/a><br \/>\n(9 mar 2011)<\/p>\n<hr \/>\n<p style=\"text-align: center;\"><a href=\"https:\/\/radiozapatista.org\/?p=1965&#038;lang=en\"><strong>Actos en Barcelona por la liberaci\u00f3n de los presos pol\u00edticos de San Sebasti\u00e1n Bachaj\u00f3n y las mujeres de la Otra Campa\u00f1a<br \/>\n<\/strong><\/a><br \/>\n(8 mar 2011)<\/p>\n<hr \/>\n<p style=\"text-align: center;\"><a href=\"https:\/\/radiozapatista.org\/?p=1866\"><strong>Cronica 7 de marzo en Paris, Francia y fotos <\/strong><\/a><br \/>\n(7 mar 2011)<\/p>\n<hr \/>\n<p style=\"text-align: center;\"><a href=\"https:\/\/radiozapatista.org\/?p=1856\"><strong>Palabra de ejidatarios\/as sobre sus acciones en Bachaj\u00f3n<\/strong><\/a><br \/>\n(7 mar 2011)<\/p>\n<hr \/>\n<p style=\"text-align: center;\"><a href=\"https:\/\/radiozapatista.org\/?p=1842\"><strong>Comunicado de Bachaj\u00f3n: Inicio de la acci\u00f3n en crucero Agua Azul<\/strong><\/a><br \/>\n(7 mar 2011)<\/p>\n<hr \/>\n<p style=\"text-align: center;\"><a href=\"https:\/\/radiozapatista.org\/?p=1816\"><strong>Comunicado Urgente de Bachaj\u00f3n: Actividades el 7 y 8 de marzo<\/strong><\/a><br \/>\n(5 mar 2011)<\/p>\n<hr \/>\n<p style=\"text-align: center;\"><a href=\"https:\/\/radiozapatista.org\/?p=1812\"><strong>Segundo Informe sobre la Convocatoria al Dia Mundial por la Liberacion de los Presos Politicos de San Sebasti\u00e1n Bachaj\u00f3n y al Dia Internacional en Honor a las Mujeres de La Otra Campa\u00f1a<\/strong><\/a><br \/>\n(5 mar 2011)<\/p>\n<hr \/>\n<p style=\"text-align: center;\"><a href=\"https:\/\/radiozapatista.org\/?p=1775\"><strong>A\u00f1o 2011 en Chiapas: los gobiernos federal y estatal planean \u201cdespejar\u201d el camino de comunidades en resistencia a megaobras<\/strong><\/a><br \/>\n(2 mar 2011)<\/p>\n<hr \/>\n<p style=\"text-align: center;\"><a href=\"https:\/\/radiozapatista.org\/?cat=183\"><strong>Palabra de los presos pol\u00edticos de San Sebasti\u00e1n Bachaj\u00f3n\u201d<\/strong><\/a><br \/>\n(1 mar 2011)<\/p>\n<hr \/>\n<p><object classid=\"clsid:d27cdb6e-ae6d-11cf-96b8-444553540000\" width=\"200\" height=\"100\" codebase=\"http:\/\/download.macromedia.com\/pub\/shockwave\/cabs\/flash\/swflash.cab#version=6,0,40,0\"><param name=\"allowfullscreen\" value=\"true\" \/><param name=\"allowscriptaccess\" value=\"always\" \/><param name=\"quality\" value=\"high\" \/><param name=\"cachebusting\" value=\"true\" \/><param name=\"bgcolor\" value=\"#000000\" \/><param name=\"flashvars\" value=\"config='key':'#$aa4baff94a9bdcafce8','playlist':['format=Thumbnail?.jpg','autoPlay':false,'url':'informebachajon_512kb.mp4'],'clip':'autoPlay':true,'baseUrl':'http:\/\/www.archive.org\/download\/InformeBachajon\/','scaling':'fit','provider':'h264streaming','canvas':'backgroundColor':'#000000','backgroundGradient':'none','plugins':'controls':'playlist':false,'fullscreen':true,'height':26,'backgroundColor':'#000000','autoHide':'fullscreenOnly':true,'h264streaming':'url':'http:\/\/www.archive.org\/flow\/flowplayer.pseudostreaming-3.2.1.swf','contextMenu':[,'-','Flowplayer v3.2.1']\" \/><param name=\"src\" value=\"http:\/\/www.archive.org\/flow\/flowplayer.commercial-3.2.1.swf\" \/><embed type=\"application\/x-shockwave-flash\" width=\"200\" height=\"100\" src=\"http:\/\/www.archive.org\/flow\/flowplayer.commercial-3.2.1.swf\" flashvars=\"config='key':'#$aa4baff94a9bdcafce8','playlist':['format=Thumbnail?.jpg','autoPlay':false,'url':'informebachajon_512kb.mp4'],'clip':'autoPlay':true,'baseUrl':'http:\/\/www.archive.org\/download\/InformeBachajon\/','scaling':'fit','provider':'h264streaming','canvas':'backgroundColor':'#000000','backgroundGradient':'none','plugins':'controls':'playlist':false,'fullscreen':true,'height':26,'backgroundColor':'#000000','autoHide':'fullscreenOnly':true,'h264streaming':'url':'http:\/\/www.archive.org\/flow\/flowplayer.pseudostreaming-3.2.1.swf','contextMenu':[,'-','Flowplayer v3.2.1']\" bgcolor=\"#000000\" cachebusting=\"true\" quality=\"high\" allowscriptaccess=\"always\" allowfullscreen=\"true\"><\/embed><\/object><\/p>\n<hr \/>\n<p style=\"text-align: center;\"><a href=\"https:\/\/radiozapatista.org\/?p=1744\"><strong>Convocatoria a nuevas actividades en el marco de la Campa\u00f1a \u201cMiles de rabias, un coraz\u00f3n: \u00a1Vivan las comunidades zapatistas!\u201d<\/strong><\/a><br \/>\n(26 feb 2011)<\/p>\n<hr \/>\n<p style=\"text-align: center;\"><a href=\"http:\/\/enlacezapatista.ezln.org.mx\/2011\/02\/25\/accion-por-la-libertad-de-los-presos-politicos-de-zona-costa-de-chiapas-25-de-febrero-12-hrs\/\" target=\"_blank\"><strong>Acci\u00f3n por la libertad de los presos pol\u00edticos de la zona costa de Chiapas y del CDH Digna Ochoa, 25 de febrero 12 hrs (DF)<\/strong><\/a><br \/>\n(25 feb 2011)<\/p>\n<hr \/>\n<p style=\"text-align: center;\"><a href=\"http:\/\/zapateando.wordpress.com\/2011\/02\/24\/seguimiento-a-accion-urgente-dejar-en-inmediata-libertad-a-los-abogados-jose-maria-hernandez-cruz-eduardo-alonso-martinez-silva-y-nataniel-hernandez-nunez-retenidos-en-calidad-de-presos-politicos\/\" target=\"_blank\"><strong>Seguimiento a acci\u00f3n urgente: Dejar en inmediata libertad a los abogados Jos\u00e9 Mar\u00eda Hern\u00e1ndez Cruz, Eduardo Alonso Mart\u00ednez Silva y Nataniel Hern\u00e1ndez N\u00fa\u00f1ez, retenidos en calidad de presos pol\u00edticos<\/strong><\/a><br \/>\n(24 feb 2011)<\/p>\n<hr \/>\n<p style=\"text-align: center;\"><a href=\"https:\/\/radiozapatista.org\/?p=1723\" target=\"_blank\"><strong>Convocatoria Mundial por Bachaj\u00f3n y las Mujeres de La Otra Campa\u00f1a<\/strong><\/a><br \/>\n(24 feb 2011)<\/p>\n<hr \/>\n<p style=\"text-align: center;\"><a href=\"https:\/\/radiozapatista.org\/?p=1538\"><strong>16 de febrero: Dislokada, d\u00eda del otro amor y solidaridad con San Sebasti\u00e1n Bachaj\u00f3n<\/strong><\/a><br \/>\n(13 feb 2011)<\/p>\n<hr \/>\n<p style=\"text-align: center;\"><a href=\"https:\/\/radiozapatista.org\/?p=1483\"><strong>Reportaje de Radio Zapatista: Presos pol\u00edticos de Chiapas<\/strong><\/a><br \/>\n(12 feb 2011)<\/p>\n<hr \/>\n<p style=\"text-align: center;\"><a href=\"https:\/\/radiozapatista.org\/?p=1524\"><strong>Proyecto Ecotur\u00edstico del Gobierno de Chiapas detr\u00e1s de la represi\u00f3n a San Sebasti\u00e1n Bachaj\u00f3n \/ Diversas voces de M\u00e9xico y el Mundo contra la represi\u00f3n<\/strong><\/a><br \/>\n(12 feb 2011)<\/p>\n<hr \/>\n<p style=\"text-align: center;\"><a href=\"https:\/\/radiozapatista.org\/?p=1518\"><strong>Acci\u00f3n Urgente de Organizaci\u00f3n Mundial Contra la Tortura (OMCT) sobre detenidos de Bachaj\u00f3n<\/strong><\/a><br \/>\n(11 feb 2011)<\/p>\n<hr \/>\n<p style=\"text-align: center;\"><a href=\"https:\/\/radiozapatista.org\/?p=1514\"><strong>Pronunciamiento del Centro de Derechos de la Mujer de Chiapas sobre el conflicto en Bachaj\u00f3n<\/strong><\/a><br \/>\n(11 feb 2011)<\/p>\n<hr \/>\n<p style=\"text-align: center;\"><strong><a href=\"https:\/\/radiozapatista.org\/?p=1508\">Comunicado: Ejidatarios de Bachaj\u00f3n inician plant\u00f3n en el Crucero Agua Azul<\/a><\/strong><br \/>\n(10 feb 2011)<\/p>\n<hr \/>\n<p style=\"text-align: center;\"><strong><a href=\"https:\/\/radiozapatista.org\/?p=1497\">Denuncia desde RECLUSORIO EN CATAZAJA de San Sebasti\u00e1n Bachaj\u00f3n<\/a><\/strong><br \/>\n(10 feb 2011)<\/p>\n<hr \/>\n<p style=\"text-align: center;\"><strong><a href=\"https:\/\/radiozapatista.org\/?p=1501\">Carta internacional- Nuestros compa\u00f1er@s detenidos de Bachaj\u00f3n No estan sol@s<\/a><\/strong><br \/>\n(10 feb 2011)<\/p>\n<hr \/>\n<p style=\"text-align: center;\"><strong><a href=\"https:\/\/radiozapatista.org\/?p=1441\">Comunicado del Frayba &#8211; Acci\u00f3n Urgente<\/a><\/strong><br \/>\n(7 feb 2011)<\/p>\n<hr \/>\n<p style=\"text-align: center;\"><strong><a href=\"https:\/\/radiozapatista.org\/?p=1473\">Adherentes de La Otra Campa\u00f1a de Bachaj\u00f3n, Chiapas se niegan a participar en simulacro de di\u00e1logo de Sabines, 10 procesados<\/a><\/strong><br \/>\n(7 feb 2011)<\/p>\n<hr \/>\n<p style=\"text-align: center;\"><strong><a href=\"https:\/\/radiozapatista.org\/?p=1438\">Parte de un testimonio de los detenidos de San Sebasti\u00e1n Bachaj\u00f3n<\/a><\/strong> (video y audio)<br \/>\n(7 feb 2011)<\/p>\n<hr \/>\n<p style=\"text-align: center;\"><a href=\"http:\/\/www.europazapatista.org\/PROTESTA-EN-LA-EMBAJADA-DE-MEXICO,4044.html\"><strong>PROTESTA EN LA EMBAJADA DE MEXICO EN MADRID POR LOS ATROPELLOS Y DETENCIONES EN SAN SEBASTIAN BACHAJON<\/strong><\/a><br \/>\n(7 Feb 2011)<\/p>\n<hr \/>\n<p style=\"text-align: center;\"><a href=\"https:\/\/radiozapatista.org\/?p=1413\"><strong>Denuncia de ejidatarios adherentes a la Otra Campa\u00f1a de San Sebasti\u00e1n Bachaj\u00f3n<\/strong><\/a><br \/>\n(7 Feb 2011)<\/p>\n<hr \/>\n<p style=\"text-align: center;\"><a href=\"http:\/\/www.europazapatista.org\/CGT-denuncia-117-detenciones-de.html\" target=\"_blank\"><strong>CGT denuncia 117 detenciones de adherentes en San Sebastian Bachaj\u00f3n, Chiapas<\/strong><\/a><br \/>\n(6 Feb 2011)<\/p>\n<hr \/>\n<p style=\"text-align: center;\"><strong><a href=\"http:\/\/www.frayba.org.mx\/archivo\/boletines\/110205_03_detenciones_bachajon.pdf\" target=\"_blank\">Comunicado del Frayba sobre la detenci\u00f3n de compa\u00f1eros adherentes a la Otra Campa\u00f1a del Ejido de San Sebasti\u00e1n Bachaj\u00f3n<\/a><\/strong>.<br \/>\n(5 Feb 2011)<\/p>\n<hr \/>\n<p style=\"text-align: center;\"><strong><a href=\"http:\/\/chiapasdenuncia.blogspot.com\/2011\/02\/palabra-del-centro-de-derechos.html\" target=\"_blank\">Palabra del Centro de Derechos Ind\u00edgenas A.C. sobre caso Bachaj\u00f3n<\/a><\/strong><br \/>\n(4 feb 2011)<\/p>\n<hr \/>\n<p style=\"text-align: center;\"><a href=\"https:\/\/radiozapatista.org\/?p=1432\" target=\"_self\"><strong>Comunicado de la Red contra la Represi\u00f3n (RvsR)<\/strong><\/a><br \/>\n(3 Feb 2011)<\/p>\n<p><\/p>","protected":false},"excerpt":{"rendered":"<p>Pueblos del mundo se unen para participar en los \u201c5 D\u00edas de Acci\u00f3n Mundial por los 5 de Bachaj\u00f3n\u201d (31 mar 2011) Manifestacion en Canada para Exigir la Libertad de los 5 de Bachaj\u00f3n (30 mar 2011) Actos en Barcelona para Exigir la Libertad de los 5 de Bachaj\u00f3n. 2, 3 y 5 de abril [&hellip;]<\/p>\n","protected":false},"author":1,"featured_media":0,"parent":0,"menu_order":0,"comment_status":"open","ping_status":"open","template":"","meta":{"footnotes":""},"class_list":["post-1393","page","type-page","status-publish","hentry"],"_links":{"self":[{"href":"https:\/\/radiozapatista.org\/index.php?rest_route=\/wp\/v2\/pages\/1393","targetHints":{"allow":["GET"]}}],"collection":[{"href":"https:\/\/radiozapatista.org\/index.php?rest_route=\/wp\/v2\/pages"}],"about":[{"href":"https:\/\/radiozapatista.org\/index.php?rest_route=\/wp\/v2\/types\/page"}],"author":[{"embeddable":true,"href":"https:\/\/radiozapatista.org\/index.php?rest_route=\/wp\/v2\/users\/1"}],"replies":[{"embeddable":true,"href":"https:\/\/radiozapatista.org\/index.php?rest_route=%2Fwp%2Fv2%2Fcomments&post=1393"}],"version-history":[{"count":0,"href":"https:\/\/radiozapatista.org\/index.php?rest_route=\/wp\/v2\/pages\/1393\/revisions"}],"wp:attachment":[{"href":"https:\/\/radiozapatista.org\/index.php?rest_route=%2Fwp%2Fv2%2Fmedia&parent=1393"}],"curies":[{"name":"wp","href":"https:\/\/api.w.org\/{rel}","templated":true}]}}