{"id":10308,"date":"2014-08-04T22:11:47","date_gmt":"2014-08-05T03:11:47","guid":{"rendered":"https:\/\/radiozapatista.org\/?page_id=10308"},"modified":"2014-09-02T09:51:30","modified_gmt":"2014-09-02T14:51:30","slug":"comparticion-de-los-pueblos-originarios-de-mexico-con-los-pueblos-zapatistas","status":"publish","type":"page","link":"https:\/\/radiozapatista.org\/?page_id=10308","title":{"rendered":"Compartici\u00f3n entre los pueblos originarios de M\u00e9xico y los pueblos zapatistas"},"content":{"rendered":"<p><\/p>\n<p style=\"text-align: center;\"><strong>Del 3 al 9 de agosto de 2014<br \/>\nLa Realidad, Chiapas<\/strong><\/p>\n<p style=\"text-align: center;\"><a href=\"https:\/\/radiozapatista.org\/wp-content\/uploads\/2014\/08\/P8040028-1.jpg\"><img loading=\"lazy\" decoding=\"async\" class=\"aligncenter size-medium wp-image-10309\" title=\"Inauguraci\u00f3n\" src=\"https:\/\/radiozapatista.org\/wp-content\/uploads\/2014\/08\/P8040028-1-300x180.jpg\" alt=\"\" width=\"300\" height=\"180\" srcset=\"https:\/\/radiozapatista.org\/wp-content\/uploads\/2014\/08\/P8040028-1-300x180.jpg 300w, https:\/\/radiozapatista.org\/wp-content\/uploads\/2014\/08\/P8040028-1-350x211.jpg 350w, https:\/\/radiozapatista.org\/wp-content\/uploads\/2014\/08\/P8040028-1-768x463.jpg 768w, https:\/\/radiozapatista.org\/wp-content\/uploads\/2014\/08\/P8040028-1.jpg 945w\" sizes=\"auto, (max-width: 300px) 100vw, 300px\" \/><\/a><\/p>\n<p style=\"text-align: center;\"><strong><a href=\"https:\/\/radiozapatista.org\/?p=10282\">Llegaron bien \u2013 Comunicado del Subcomandante Insurgente Mois\u00e9s<\/a><\/strong><br \/>\n(3 de agosto de 2014)<\/p>\n<p style=\"text-align: center;\"><strong><a href=\"https:\/\/radiozapatista.org\/?p=10296\">Inauguraci\u00f3n &#8211; Palabras del CCRI-CG en voz del Comandante Tacho<\/a><\/strong><br \/>\n(3 de agosto de 2014)<\/p>\n<p style=\"text-align: center;\"><strong><a href=\"https:\/\/radiozapatista.org\/?p=10338\">Homenaje al compa\u00f1ero DAVID RUIZ GARC\u00cdA en el marco de la Compartici\u00f3n entre Pueblos Originarios y los Pueblos Zapatistas<\/a><\/strong><br \/>\n(4 de agosto de 2014)<\/p>\n<p style=\"text-align: center;\"><strong><a href=\"https:\/\/radiozapatista.org\/?p=10405\">[AUDIOS] Declaraciones de la Compartici\u00f3n entre el CNI y el EZLN <\/a><\/strong><br \/>\n(9 de agosto)<\/p>\n<p style=\"text-align: center;\"><strong><a title=\"Link to [VIDEOS] Cierre de Compartici\u00f3n CNI-EZLN\" href=\"https:\/\/radiozapatista.org\/?p=10448\">[VIDEOS] Cierre de Compartici\u00f3n CNI-EZLN<\/a><\/strong><br \/>\n(9 de agosto)<\/p>\n<p style=\"text-align: center;\"><strong><a href=\"http:\/\/komanilel.org\/2014\/08\/11\/galeria-de-fotos-del-cierre-de-la-comparticioncni-en-la-realidad\/\">[FOTOS] Galer\u00eda de Fotos del cierre de la compartici\u00f3n en La Realidad<\/a><\/strong><br \/>\n(Medios Libres &#8211; 9 de agosto)<\/p>\n<p style=\"text-align: center;\"><strong><a href=\"https:\/\/radiozapatista.org\/?p=10413\">PRIMERA DECLARACI\u00d3N de la Compartici\u00f3n entre el CNI y el EZLN: sobre REPRESI\u00d3N en contra de nuestros pueblos<\/a><\/strong><br \/>\n(9 de agosto)<\/p>\n<p style=\"text-align: center;\"><strong><a href=\"https:\/\/radiozapatista.org\/?p=10420\">SEGUNDA DECLARACI\u00d3N de la Compartici\u00f3n entre el CNI y el EZLN: sobre el DESPOJO en contra de nuestros pueblos <\/a><\/strong><br \/>\n(9 de agosto)<\/p>\n<p style=\"text-align: center;\"><strong><a href=\"https:\/\/radiozapatista.org\/?p=10378\">S\u00cd  a la Resistencia \u2013 Palabras del Subcomandante Insurgente Mois\u00e9s en la  clausura de la compartici\u00f3n CNI-EZLN <\/a><\/strong><br \/>\n(9 de agosto)<\/p>\n<p style=\"text-align: center;\"><strong><a title=\"Link to \u00a1Los de abajo reconstruimos! \u2013 EZLN invita al Festival Mundial de las Resistencias y las Rebeld\u00edas\" href=\"https:\/\/radiozapatista.org\/?p=10383\">\u00a1Los de abajo reconstruimos! \u2013 EZLN invita al Festival Mundial de las Resistencias y las Rebeld\u00edas <\/a><\/strong><br \/>\n(9 de agosto)<\/p>\n<p style=\"text-align: center;\"><strong><a title=\"Link to Los Espejos en la Resistencia.-Declaraci\u00f3n de la Compartici\u00f3n CNI-EZLN en La Realidad (9 agosto)\" href=\"https:\/\/radiozapatista.org\/?p=10375\">Los Espejos en la Resistencia -Declaraci\u00f3n de la Compartici\u00f3n CNI-EZLN en La Realidad<br \/>\n<\/a><\/strong> (Medios libres en La Realidad &#8211; 9 agosto)<\/p>\n<p id=\"post-10454\" style=\"text-align: center;\"><strong><a title=\"Permanent Link: Pueblos ind\u00edgenas de M\u00e9xico denuncian despojo y represi\u00f3n\" rel=\"bookmark\" href=\"https:\/\/radiozapatista.org\/?p=10454\">Pueblos ind\u00edgenas de M\u00e9xico denuncian despojo y represi\u00f3n<\/a><\/strong><br \/>\n(Medios Libres &#8211; 11 de agosto de 2014)<\/p>\n<p style=\"text-align: center;\"><strong><a title=\"Link to El Subcomandante Insurgente Galeano habla con los Medios Libres, Aut\u00f3nomos, Alternativos o como se llamen\" href=\"https:\/\/radiozapatista.org\/?p=10441\">El Subcomandante Insurgente Galeano habla con los Medios Libres, Aut\u00f3nomos, Alternativos o como se llamen <\/a><\/strong><br \/>\n(10 de agosto de 2014)<\/p>\n<p style=\"text-align: center;\"><strong><a href=\"https:\/\/radiozapatista.org\/?p=10505\">Palabras del Subcomandante Mois\u00e9s a los Medios libres, aut\u00f3nomos, alternativos o como se llamen en La Realidad<\/a><\/strong><br \/>\n(10 de agosto)<\/p>\n<p style=\"text-align: center;\"><strong><a href=\"https:\/\/radiozapatista.org\/?p=10460\" target=\"_self\">\u201cGracias  de verdad, es la lecci\u00f3n mas hermosa que le han dado a los Zapatistas  desde que sali\u00f3 La Sexta\u201d: Subcomandante Insurgente Galeano<\/a><\/strong><br \/>\n(10 de agosto de 2014)<\/p>\n<p id=\"post-10471\" style=\"text-align: center;\"><strong><a title=\"Permanent Link: Programa de radio: Compartici\u00f3n entre el CNI y el EZLN\" rel=\"bookmark\" href=\"https:\/\/radiozapatista.org\/?p=10471\">Programa de radio: Compartici\u00f3n entre el CNI y el EZLN<\/a><\/strong><br \/>\n(Medios Libres en La Realidad &#8211; 10 de agosto de 2014)<\/p>\n<p style=\"text-align: center;\"><strong><a href=\"radiozapatista.org\/?p=10492\">La crisis de los medios y un reto ut\u00f3pico<\/a><\/strong><br \/>\n(Regeneraci\u00f3n Radio &#8211; 12 de agosto de 2014)<\/p>\n<p style=\"text-align: center;\"><strong><a title=\"Permanent Link: Cr\u00f3nica de un volver anunciado. Los Subcomandantes Galeano y Mois\u00e9s ante los medios libres\" rel=\"bookmark\" href=\"https:\/\/radiozapatista.org\/?p=10529\">Cr\u00f3nica de un volver anunciado. Los Subcomandantes Galeano y Mois\u00e9s ante los medios libres<\/a><\/strong><br \/>\n(Una de tantas adherentes &#8211; 17 de agosto de 2014)<\/p>\n<p style=\"text-align: center;\"><strong><a href=\"https:\/\/radiozapatista.org\/?p=10549\">Palabras del Comandante David para la Clausura de la Compartici\u00f3n del CNI con el EZLN<\/a><\/strong><br \/>(9 de agosto de 2014)<\/p>\n<p><\/p>","protected":false},"excerpt":{"rendered":"<p>Del 3 al 9 de agosto de 2014 La Realidad, Chiapas Llegaron bien \u2013 Comunicado del Subcomandante Insurgente Mois\u00e9s (3 de agosto de 2014) Inauguraci\u00f3n &#8211; Palabras del CCRI-CG en voz del Comandante Tacho (3 de agosto de 2014) Homenaje al compa\u00f1ero DAVID RUIZ GARC\u00cdA en el marco de la Compartici\u00f3n entre Pueblos Originarios y [&hellip;]<\/p>\n","protected":false},"author":1,"featured_media":0,"parent":10,"menu_order":0,"comment_status":"open","ping_status":"closed","template":"","meta":{"footnotes":""},"class_list":["post-10308","page","type-page","status-publish","hentry"],"_links":{"self":[{"href":"https:\/\/radiozapatista.org\/index.php?rest_route=\/wp\/v2\/pages\/10308","targetHints":{"allow":["GET"]}}],"collection":[{"href":"https:\/\/radiozapatista.org\/index.php?rest_route=\/wp\/v2\/pages"}],"about":[{"href":"https:\/\/radiozapatista.org\/index.php?rest_route=\/wp\/v2\/types\/page"}],"author":[{"embeddable":true,"href":"https:\/\/radiozapatista.org\/index.php?rest_route=\/wp\/v2\/users\/1"}],"replies":[{"embeddable":true,"href":"https:\/\/radiozapatista.org\/index.php?rest_route=%2Fwp%2Fv2%2Fcomments&post=10308"}],"version-history":[{"count":0,"href":"https:\/\/radiozapatista.org\/index.php?rest_route=\/wp\/v2\/pages\/10308\/revisions"}],"up":[{"embeddable":true,"href":"https:\/\/radiozapatista.org\/index.php?rest_route=\/wp\/v2\/pages\/10"}],"wp:attachment":[{"href":"https:\/\/radiozapatista.org\/index.php?rest_route=%2Fwp%2Fv2%2Fmedia&parent=10308"}],"curies":[{"name":"wp","href":"https:\/\/api.w.org\/{rel}","templated":true}]}}